{"id":2267,"date":"2025-04-11T15:46:58","date_gmt":"2025-04-11T13:46:58","guid":{"rendered":"https:\/\/lunter.webgate.codes\/products\/multipack-spreads-crackling-mexican-smoked-creamy-3x100\/"},"modified":"2025-04-14T12:49:53","modified_gmt":"2025-04-14T10:49:53","slug":"multipack-spreads-crackling-mexican-smoked-creamy-3x100","status":"publish","type":"product","link":"https:\/\/lunter.webgate.codes\/sk\/produkty\/multipack-spreads-crackling-mexican-smoked-creamy-3x100\/","title":{"rendered":"N\u00c1TIERKY MULTIPACK &#8211; \u0160QVARKOV\u00c1, MEXICK\u00c1, \u00daDEN\u00c1 KR\u00c9MOV\u00c1"},"content":{"rendered":"<p>H\u013ead\u00e1\u0161 poriadnu d\u00e1vku chuti? Objav dokonal\u00fa kombin\u00e1ciu lahodn\u00fdch n\u00e1tierok v praktickom multipacku. \u010ci u\u017e si z tejto trojice vyberie\u0161 n\u00e1\u0161 bestseller v podobe \u0160qvarkovej, pikantn\u00fd \u0161mrnc Mexickej alebo v\u00fdrazn\u00fa lahodnos\u0165 \u00dadenej Kr\u00e9movej, najnov\u0161ieho \u010dlena rodiny Lunter, v\u017edy si pr\u00edde\u0161 na svoje. Skvel\u00fd sp\u00f4sob, ako objavi\u0165 nov\u00e9 chute a vychutna\u0165 si to najlep\u0161ie z na\u0161ich n\u00e1tierok!<\/p>\n","protected":false},"featured_media":321,"template":"","product_type":[145],"class_list":["post-2267","product","type-product","status-publish","has-post-thumbnail","hentry","product_type-multipacky-sk"],"acf":{"product_show_in_compact":"1","product_tagline":"Viac mo\u017enost\u00ed. Viac chuti. Viac radosti.","products_weight":"3x100g","product_ornament_type":"cube","product_ornament_color":"#ECCA9F","benefit_icons":["non-gmo-soybeans","lactose-free","no-preservatives"],"protein_amount":"","product_details":{"ingredients":"<strong>\u0160QVARKOV\u00c1:<\/strong> 32 % tofu (s\u00f3jov\u00e9 b\u00f4by, voda), repkov\u00fd olej, 10 % opra\u017een\u00e1 cibu\u013ea (76 % cibu\u013ea, repkov\u00fd olej, p\u0161eni\u010dn\u00e1 m\u00faka, so\u013e), dro\u017edie, \u0161krob, s\u00f3jov\u00e1 om\u00e1\u010dka (voda, s\u00f3jov\u00e9 b\u00f4by, p\u0161enica, so\u013e), so\u013e, jabl\u010dn\u00fd ocot, stabiliz\u00e1tor: pekt\u00edn. M\u00f4\u017ee obsahova\u0165 hor\u010dicu.\r\n\r\n<strong>MEXICK\u00c1:<\/strong> voda, 32 % tofu (s\u00f3jov\u00e9 b\u00f4by, voda), repkov\u00fd olej, okara (voda, s\u00f3jov\u00e9 b\u00f4by), su\u0161en\u00e9 potravin\u00e1rske dro\u017edie, kukuri\u010dn\u00fd \u0161krob, cibu\u013ea, 1,7 % paprikov\u00e9 vlo\u010dky \u010derven\u00e9 azelen\u00e9, so\u013e, zmes koren\u00edn, 0,3 % \u010dili. M\u00f4\u017ee obsahova\u0165 hor\u010dicu.\r\n\r\n<strong>\u00daDEN\u00c1 KR\u00c9MOV\u00c1:<\/strong> s\u00f3jov\u00fd n\u00e1poj (voda, s\u00f3jov\u00e9 b\u00f4by), repkov\u00fd olej, 17 % \u00faden\u00e9 tofu (s\u00f3jov\u00e9 b\u00f4by, voda, so\u013e), voda, \u0161krob, dro\u017edie, wor\u010desterov\u00e1 om\u00e1\u010dka (voda, s\u00f3jov\u00e9 b\u00f4by, fermentovan\u00e1 p\u0161enica \u2013 neobsahuje glut\u00e9n, ocot, cukor, paradajkov\u00e1 \u0161\u0165ava z koncentr\u00e1tu, so\u013e, jablkov\u00e1 \u0161\u0165ava z koncentr\u00e1tu, pr\u00edrodn\u00e1 ar\u00f3ma), so\u013e, cesnak, kyselina: kyselina citr\u00f3nov\u00e1, \u00faden\u00e1 paprika. M\u00f4\u017ee obsahova\u0165 hor\u010dicu.","packaging_image":1068,"nutritional_values":"<table class=\"nutritional-table\">\r\n<tbody>\r\n<tr>\r\n<th colspan=\"4\">V\u00fd\u017eivov\u00e9 \u00fadaje na 100 g<\/th>\r\n<\/tr>\r\n<tr>\r\n<td>Energia<\/td>\r\n<td>\u0160qvarkov\u00e1<\/td>\r\n<td>Mexick\u00e1<\/td>\r\n<td>Kr\u00e9mov\u00e1 \u00faden\u00e1<\/td>\r\n<\/tr>\r\n<tr>\r\n<td>Energia<\/td>\r\n<td>1185 kJ\/ 287 kcal<\/td>\r\n<td>729 kJ\/ 176 kcal<\/td>\r\n<td>1431 kJ\/ 347 kcal<\/td>\r\n<\/tr>\r\n<tr>\r\n<td>Tuky<\/td>\r\n<td>25 g<\/td>\r\n<td>13 g<\/td>\r\n<td>35 g<\/td>\r\n<\/tr>\r\n<tr>\r\n<td>\u2013 z toho nas\u00fdten\u00e9 mastn\u00e9 kyseliny<\/td>\r\n<td>1,8 g<\/td>\r\n<td>1,1 g<\/td>\r\n<td>2,5 g<\/td>\r\n<\/tr>\r\n<tr>\r\n<td>Sacharidy<\/td>\r\n<td>5,8 g<\/td>\r\n<td>6,5 g<\/td>\r\n<td>1,2 g<\/td>\r\n<\/tr>\r\n<tr>\r\n<td>\u2013 z toho cukry<\/td>\r\n<td>0,5 g<\/td>\r\n<td>0,7 g<\/td>\r\n<td>0,5 g<\/td>\r\n<\/tr>\r\n<tr>\r\n<td>Vl\u00e1knina<\/td>\r\n<td>3,0 g<\/td>\r\n<td>2,3 g<\/td>\r\n<td>2,0 g<\/td>\r\n<\/tr>\r\n<tr>\r\n<td>Bielkoviny<\/td>\r\n<td>8,1 g<\/td>\r\n<td>7,0 g<\/td>\r\n<td>5,0 g<\/td>\r\n<\/tr>\r\n<tr>\r\n<td>So\u013e<\/td>\r\n<td>1,1 g<\/td>\r\n<td>1,3 g<\/td>\r\n<td>0,91 g<\/td>\r\n<\/tr>\r\n<tr>\r\n<td>Lakt\u00f3za<\/td>\r\n<td>&lt;0,01 g<\/td>\r\n<td>&lt;0,01 g<\/td>\r\n<td>&lt;0,01 g<\/td>\r\n<\/tr>\r\n<\/tbody>\r\n<\/table>"},"product_benefits":{"benefit_image":null,"benefit_1":"Vyroben\u00e9 s l\u00e1skou","benefit_2":"V\u0161estrann\u00e9 vyu\u017eitie","benefit_3":"Dokonale vyv\u00e1\u017een\u00e1 chu\u0165","benefit_4":"Len pr\u00edrodn\u00e9 ingrediencie"}},"_links":{"self":[{"href":"https:\/\/lunter.webgate.codes\/sk\/wp-json\/wp\/v2\/product\/2267","targetHints":{"allow":["GET"]}}],"collection":[{"href":"https:\/\/lunter.webgate.codes\/sk\/wp-json\/wp\/v2\/product"}],"about":[{"href":"https:\/\/lunter.webgate.codes\/sk\/wp-json\/wp\/v2\/types\/product"}],"wp:featuredmedia":[{"embeddable":true,"href":"https:\/\/lunter.webgate.codes\/sk\/wp-json\/wp\/v2\/media\/321"}],"wp:attachment":[{"href":"https:\/\/lunter.webgate.codes\/sk\/wp-json\/wp\/v2\/media?parent=2267"}],"wp:term":[{"taxonomy":"product_type","embeddable":true,"href":"https:\/\/lunter.webgate.codes\/sk\/wp-json\/wp\/v2\/product_type?post=2267"}],"curies":[{"name":"wp","href":"https:\/\/api.w.org\/{rel}","templated":true}]}}