{"id":2266,"date":"2025-04-11T15:46:58","date_gmt":"2025-04-11T13:46:58","guid":{"rendered":"https:\/\/lunter.webgate.codes\/products\/multipack-spreads-french-mexican-smoked-creamy-3x100\/"},"modified":"2025-04-11T15:53:24","modified_gmt":"2025-04-11T13:53:24","slug":"multipack-spreads-french-mexican-smoked-creamy-3x100","status":"publish","type":"product","link":"https:\/\/lunter.webgate.codes\/sk\/produkty\/multipack-spreads-french-mexican-smoked-creamy-3x100\/","title":{"rendered":"N\u00c1TIERKY MULTIPACK &#8211; FRANC\u00daZSKA, MEXICK\u00c1, \u00daDEN\u00c1 KR\u00c9MOV\u00c1"},"content":{"rendered":"<p>H\u013ead\u00e1\u0161 poriadnu d\u00e1vku chuti? Objav dokonal\u00fa kombin\u00e1ciu lahodn\u00fdch n\u00e1tierok v praktickom multipacku. \u010ci u\u017e si z tejto trojice vyberie\u0161 na\u0161u klasicku v podobe Franc\u00fazskej, pikantn\u00fd \u0161mrnc Mexickej alebo v\u00fdrazn\u00fa lahodnos\u0165 \u00dadenej Kr\u00e9movej, najnov\u0161ieho \u010dlena rodiny Lunter, v\u017edy si pr\u00edde\u0161 na svoje. Skvel\u00fd sp\u00f4sob, ako objavi\u0165 nov\u00e9 chute a vychutna\u0165 si to najlep\u0161ie z na\u0161ich n\u00e1tierok!<\/p>\n","protected":false},"featured_media":316,"template":"","product_type":[145],"class_list":["post-2266","product","type-product","status-publish","has-post-thumbnail","hentry","product_type-multipacky-sk"],"acf":{"product_show_in_compact":"1","product_tagline":"Viac mo\u017enost\u00ed. Viac chuti. Viac radosti.","products_weight":"3x100g","product_ornament_type":"cube","product_ornament_color":"#8BC3C1","benefit_icons":["non-gmo-soybeans","lactose-free","no-preservatives"],"protein_amount":"","product_details":{"ingredients":"<p><strong>FRANC\u00daZSKA: <\/strong> 32 % tofu (s\u00f3jov\u00e9 b\u00f4by, voda), voda, okara (voda, s\u00f3jov\u00e9 b\u00f4by), 9 % cibu\u013ea, 6 % dro\u017edie (dro\u017edie, ja\u010dmenn\u00fd sladov\u00fd extrakt), repkov\u00fd olej, \u0161krob, hor\u010dica (voda, hor\u010di\u010dn\u00e9 semeno, ocot, cukor, so\u013e, koreniny), so\u013e. <\/p>\n<p><strong>MEXICK\u00c1: <\/strong> voda, 32 % tofu (s\u00f3jov\u00e9 b\u00f4by, voda), repkov\u00fd olej, okara (voda, s\u00f3jov\u00e9 b\u00f4by), su\u0161en\u00e9 potravin\u00e1rske dro\u017edie, kukuri\u010dn\u00fd \u0161krob, cibu\u013ea, 1,7 % paprikov\u00e9 vlo\u010dky \u010derven\u00e9 a zelen\u00e9, so\u013e, zmes koren\u00edn, 0,3 % \u010dili. M\u00f4\u017ee obsahova\u0165 hor\u010dicu. <\/p>\n<p><strong>\u00daDEN\u00c1 KR\u00c9MOV\u00c1: <\/strong> s\u00f3jov\u00fd n\u00e1poj (voda, s\u00f3jov\u00e9 b\u00f4by), repkov\u00fd olej, 17 % \u00faden\u00e9 tofu (s\u00f3jov\u00e9 b\u00f4by, voda, so\u013e), voda, \u0161krob, dro\u017edie, wor\u010desterov\u00e1 om\u00e1\u010dka (voda, s\u00f3jov\u00e9 b\u00f4by, fermentovan\u00e1 p\u0161enica \u2013 neobsahuje glut\u00e9n, ocot, cukor, paradajkov\u00e1 \u0161\u0165ava z koncentr\u00e1tu, so\u013e, jablkov\u00e1 \u0161\u0165ava z koncentr\u00e1tu, pr\u00edrodn\u00e1 ar\u00f3ma), so\u013e, cesnak, kyselina: kyselina citr\u00f3nov\u00e1, \u00faden\u00e1 paprika. M\u00f4\u017ee obsahova\u0165 hor\u010dicu.<\/p>","packaging_image":1068,"nutritional_values":"<table class=\"nutritional-table\"><tbody><tr><th colspan=\"4\">V\u00fd\u017eivov\u00e9 \u00fadaje na 100 g<\/th><\/tr><tr><td>Energia<\/td><td>Franc\u00fazska<\/td><td>Mexick\u00e1<\/td><td>Kr\u00e9mov\u00e1 \u00faden\u00e1<\/td><\/tr><tr><td>Energia<\/td><td>564 kJ\/136 kcal<\/td><td>729 kJ\/176 kcal<\/td><td>1431 kJ\/347 kcal<\/td><\/tr><tr><td>Tuky<\/td><td>9,0 g<\/td><td>13 g<\/td><td>35 g<\/td><\/tr><tr><td>\u2013 z toho nas\u00fdten\u00e9 mastn\u00e9 kyseliny<\/td><td>0,8 g<\/td><td>1,1 g<\/td><td>2,5 g<\/td><\/tr><tr><td>Sacharidy<\/td><td>3,3 g<\/td><td>6,5 g<\/td><td>1,2 g<\/td><\/tr><tr><td>\u2013 z toho cukry<\/td><td><0,5 g<\/td><td>0,7 g<\/td><td>0,5 g<\/td><\/tr><tr><td>Vl\u00e1knina<\/td><td>3,8 g<\/td><td>2,3 g<\/td><td>2,0 g<\/td><\/tr><tr><td>Bielkoviny<\/td><td>8,5 g<\/td><td>7,0 g<\/td><td>5,0 g<\/td><\/tr><tr><td>So\u013e<\/td><td>1,1 g<\/td><td>1,3 g<\/td><td>0,91 g<\/td><\/tr><tr><td>Lakt\u00f3za<\/td><td><0,01 g<\/td><td><0,01 g<\/td><td><0,01 g<\/td><\/tr><\/tbody><\/table>"},"product_benefits":{"benefit_image":null,"benefit_1":"Vyroben\u00e9 s l\u00e1skou","benefit_2":"V\u0161estrann\u00e9 vyu\u017eitie","benefit_3":"Dokonale vyv\u00e1\u017een\u00e1 chu\u0165","benefit_4":"Len pr\u00edrodn\u00e9 ingrediencie"}},"_links":{"self":[{"href":"https:\/\/lunter.webgate.codes\/sk\/wp-json\/wp\/v2\/product\/2266","targetHints":{"allow":["GET"]}}],"collection":[{"href":"https:\/\/lunter.webgate.codes\/sk\/wp-json\/wp\/v2\/product"}],"about":[{"href":"https:\/\/lunter.webgate.codes\/sk\/wp-json\/wp\/v2\/types\/product"}],"wp:featuredmedia":[{"embeddable":true,"href":"https:\/\/lunter.webgate.codes\/sk\/wp-json\/wp\/v2\/media\/316"}],"wp:attachment":[{"href":"https:\/\/lunter.webgate.codes\/sk\/wp-json\/wp\/v2\/media?parent=2266"}],"wp:term":[{"taxonomy":"product_type","embeddable":true,"href":"https:\/\/lunter.webgate.codes\/sk\/wp-json\/wp\/v2\/product_type?post=2266"}],"curies":[{"name":"wp","href":"https:\/\/api.w.org\/{rel}","templated":true}]}}