{"id":2263,"date":"2025-04-11T15:46:58","date_gmt":"2025-04-11T13:46:58","guid":{"rendered":"https:\/\/lunter.webgate.codes\/products\/alu-tartar-spread-75\/"},"modified":"2025-04-11T15:53:24","modified_gmt":"2025-04-11T13:53:24","slug":"alu-tartar-spread-75","status":"publish","type":"product","link":"https:\/\/lunter.webgate.codes\/sk\/produkty\/alu-tartar-spread-75\/","title":{"rendered":"TATAR\u00c1\u010cIK N\u00c1TIERKA ALU"},"content":{"rendered":"<p>Bohat\u00e1, lahodn\u00e1 n\u00e1tierka pln\u00e1 bielkov\u00edn, ktor\u00fa si m\u00f4\u017ee\u0161 natrie\u0165 na chlieb, pou\u017ei\u0165 ako dip k \u010derstvej zeleniny, alebo \u0148ou vylep\u0161i\u0165 svoje ob\u013e\u00faben\u00e9 snacky. Chce\u0161 nie\u010do extra? Pou\u017ei ju ako z\u00e1klad pre r\u00fdchle om\u00e1\u010dky alebo na dochutenie jed\u00e1l. V praktickom balen\u00ed, ktor\u00e9 si so sebou m\u00f4\u017ee\u0161 zobra\u0165 do pr\u00e1ce, do \u0161koly, na v\u00fdlet \u010di na piknik.<\/p>\n","protected":false},"featured_media":504,"template":"","product_type":[157],"class_list":["post-2263","product","type-product","status-publish","has-post-thumbnail","hentry","product_type-ambient-sk"],"acf":{"product_show_in_compact":"1","product_tagline":"Vezmi si ju kamko\u013evek","products_weight":"75g","product_ornament_type":"brush_thin","product_ornament_color":"#F0C1B6","benefit_icons":["source-of-fiber","gluten-free","no-preservatives"],"protein_amount":"","product_details":{"ingredients":"sterilizovan\u00e1 zelenina (63 % uhorky, 22 % k\u00e1pia, voda, ocot kvasn\u00fd liehov\u00fd, cukor, koreniny, so\u013e), 16 % tofu (s\u00f3jov\u00e9 b\u00f4by, voda), voda, okara (voda, s\u00f3jov\u00e9 b\u00f4by), 9 % paradajkov\u00fd pretlak, repkov\u00fd olej, hor\u010dica (voda, hor\u010di\u010dn\u00e9 semeno, ocot kvasn\u00fd liehov\u00fd, cukor, so\u013e, koreniny), bezglut\u00e9nov\u00e1 s\u00f3jov\u00e1 om\u00e1\u010dka (voda, s\u00f3jov\u00e9 b\u00f4by, fermentovan\u00e1 p\u0161enica \u2013 bez glut\u00e9nu, so\u013e), cukor, modifikovan\u00fd \u0161krob, ocot, jabl\u010dn\u00e1 \u0161\u0165ava, 1,7 % cibu\u013ea, so\u013e, cesnak, 0,9 % paprika, \u010dili, stabiliz\u00e1tor: pekt\u00edn.","packaging_image":1103,"nutritional_values":"<table class=\"nutritional-table\"><tbody><tr><th colspan=\"2\">V\u00fd\u017eivov\u00e9 \u00fadaje na 100 g<\/th><\/tr><tr><td>Energia<\/td><td>602kJ\/145kcal<\/td><\/tr><tr><td>Tuky<\/td><td>10 g<\/td><\/tr><tr><td>\u2013 z toho nas\u00fdten\u00e9 mastn\u00e9 kyseliny<\/td><td>0,7 g<\/td><\/tr><tr><td>Sacharidy<\/td><td>8,4 g<\/td><\/tr><tr><td>\u2013 z toho cukry<\/td><td>5,3 g<\/td><\/tr><tr><td>Vl\u00e1knina<\/td><td>2,6 g<\/td><\/tr><tr><td>Bielkoviny<\/td><td>4,0 g<\/td><\/tr><tr><td>So\u013e<\/td><td>1,5 g<\/td><\/tr><\/tbody><\/table>"},"product_benefits":{"benefit_image":null,"benefit_1":"Vyroben\u00e9 s l\u00e1skou","benefit_2":"Praktick\u00e9 balenie","benefit_3":"Dokonale vyv\u00e1\u017een\u00e1 chu\u0165","benefit_4":"Len pr\u00edrodn\u00e9 ingrediencie"}},"_links":{"self":[{"href":"https:\/\/lunter.webgate.codes\/sk\/wp-json\/wp\/v2\/product\/2263","targetHints":{"allow":["GET"]}}],"collection":[{"href":"https:\/\/lunter.webgate.codes\/sk\/wp-json\/wp\/v2\/product"}],"about":[{"href":"https:\/\/lunter.webgate.codes\/sk\/wp-json\/wp\/v2\/types\/product"}],"wp:featuredmedia":[{"embeddable":true,"href":"https:\/\/lunter.webgate.codes\/sk\/wp-json\/wp\/v2\/media\/504"}],"wp:attachment":[{"href":"https:\/\/lunter.webgate.codes\/sk\/wp-json\/wp\/v2\/media?parent=2263"}],"wp:term":[{"taxonomy":"product_type","embeddable":true,"href":"https:\/\/lunter.webgate.codes\/sk\/wp-json\/wp\/v2\/product_type?post=2263"}],"curies":[{"name":"wp","href":"https:\/\/api.w.org\/{rel}","templated":true}]}}