{"id":2262,"date":"2025-04-11T15:46:58","date_gmt":"2025-04-11T13:46:58","guid":{"rendered":"https:\/\/lunter.webgate.codes\/products\/alu-crackling-spread-75\/"},"modified":"2025-04-11T15:53:24","modified_gmt":"2025-04-11T13:53:24","slug":"alu-crackling-spread-75","status":"publish","type":"product","link":"https:\/\/lunter.webgate.codes\/sk\/produkty\/alu-crackling-spread-75\/","title":{"rendered":"\u0160QVARKOV\u00c1 N\u00c1TIERKA ALU"},"content":{"rendered":"<p>\u0160qvarkov\u00e1 je neprekonate\u013en\u00fd bestseller, ktor\u00e9mu sa jednoducho ned\u00e1 odola\u0165. M\u00e1 bohat\u00fa a v\u00fdrazn\u00fa chu\u0165, ktor\u00fa si najrad\u0161ej vychutn\u00e1\u0161 priamo z obalu (bez ob\u00e1v, nebudeme \u0165a s\u00fadi\u0165). Kr\u00e9mov\u00e1, lahodn\u00e1 a neskuto\u010dne uspokojuj\u00faca, ide\u00e1lna na chlieb, k zelenine, alebo ku krekrom. V praktickom balen\u00ed, ktor\u00e9 si so sebou m\u00f4\u017ee\u0161 zobra\u0165 do pr\u00e1ce, do \u0161koly, na v\u00fdlet \u010di na piknik.<\/p>\n","protected":false},"featured_media":474,"template":"","product_type":[157],"class_list":["post-2262","product","type-product","status-publish","has-post-thumbnail","hentry","product_type-ambient-sk"],"acf":{"product_show_in_compact":"1","product_tagline":"Vezmi si ju kamko\u013evek","products_weight":"75g","product_ornament_type":"brush_thin","product_ornament_color":"#CDAF8E","benefit_icons":["lactose-free","no-artificial-colors","no-preservatives"],"protein_amount":"","product_details":{"ingredients":"38 % tofu (s\u00f3jov\u00e9 b\u00f4by, voda), voda, repkov\u00fd olej, 10 % opra\u017een\u00e1 cibu\u013ea (cibu\u013ea, repkov\u00fd olej, p\u0161eni\u010dn\u00e1 m\u00faka, so\u013e), su\u0161en\u00e9 potravin\u00e1rske dro\u017edie, modifikovan\u00fd kukuri\u010dn\u00fd \u0161krob, so\u013e, s\u00f3jov\u00e1 om\u00e1\u010dka (voda, fermentovan\u00e9 s\u00f3jov\u00e9 b\u00f4by, fermentovan\u00e1 p\u0161enica, so\u013e), jabl\u010dn\u00fd ocot. M\u00f4\u017ee obsahova\u0165 hor\u010dicu.","packaging_image":1043,"nutritional_values":"<table class=\"nutritional-table\"><tbody><tr><th colspan=\"2\">V\u00fd\u017eivov\u00e9 \u00fadaje na 100 g<\/th><\/tr><tr><td>Energia<\/td><td>1057kJ\/255kcal<\/td><\/tr><tr><td>Tuky<\/td><td>22 g<\/td><\/tr><tr><td>z toho nas\u00fdten\u00e9 mastn\u00e9 kyseliny<\/td><td>2,1 g<\/td><\/tr><tr><td>Sacharidy<\/td><td>6,7 g<\/td><\/tr><tr><td>z toho cukry<\/td><td><0,5 g<\/td><\/tr><tr><td>Vl\u00e1knina<\/td><td>1,3 g<\/td><\/tr><tr><td>Bielkoviny<\/td><td>7,0 g<\/td><\/tr><tr><td>So\u013e<\/td><td>1,2 g<\/td><\/tr><tr><td>Lakt\u00f3za<\/td><td><0,01 g<\/td><\/tr><\/tbody><\/table>"},"product_benefits":{"benefit_image":null,"benefit_1":"Vyroben\u00e9 s l\u00e1skou","benefit_2":"Praktick\u00e9 balenie","benefit_3":"Dokonale vyv\u00e1\u017een\u00e1 chu\u0165","benefit_4":"Len pr\u00edrodn\u00e9 ingrediencie"}},"_links":{"self":[{"href":"https:\/\/lunter.webgate.codes\/sk\/wp-json\/wp\/v2\/product\/2262","targetHints":{"allow":["GET"]}}],"collection":[{"href":"https:\/\/lunter.webgate.codes\/sk\/wp-json\/wp\/v2\/product"}],"about":[{"href":"https:\/\/lunter.webgate.codes\/sk\/wp-json\/wp\/v2\/types\/product"}],"wp:featuredmedia":[{"embeddable":true,"href":"https:\/\/lunter.webgate.codes\/sk\/wp-json\/wp\/v2\/media\/474"}],"wp:attachment":[{"href":"https:\/\/lunter.webgate.codes\/sk\/wp-json\/wp\/v2\/media?parent=2262"}],"wp:term":[{"taxonomy":"product_type","embeddable":true,"href":"https:\/\/lunter.webgate.codes\/sk\/wp-json\/wp\/v2\/product_type?post=2262"}],"curies":[{"name":"wp","href":"https:\/\/api.w.org\/{rel}","templated":true}]}}