{"id":2261,"date":"2025-04-11T15:46:58","date_gmt":"2025-04-11T13:46:58","guid":{"rendered":"https:\/\/lunter.webgate.codes\/products\/alu-seafoo-spread-75\/"},"modified":"2025-04-11T15:53:24","modified_gmt":"2025-04-11T13:53:24","slug":"alu-seafoo-spread-75","status":"publish","type":"product","link":"https:\/\/lunter.webgate.codes\/sk\/produkty\/alu-seafoo-spread-75\/","title":{"rendered":"SEAFOO N\u00c1TIERKA ALU"},"content":{"rendered":"<p>Chu\u0165 mora v rastlinnej verzii! Lunter Seafoo n\u00e1tierka sp\u00e1ja tofu, c\u00edcer a morsk\u00e9 riasy do dokonalej kombin\u00e1cie plnej chuti a bohatej text\u00fary. Natri ju na \u010derstv\u00e9 pe\u010divo, vytu\u0148 svoj sendvi\u010d alebo si ju vychutnaj s chrumkav\u00fdmi krekrami. Nechaj sa un\u00e1\u0161a\u0165 svie\u017eou morskou chu\u0165ou! V praktickom balen\u00ed, ktor\u00e9 si so sebou m\u00f4\u017ee\u0161 zobra\u0165 do pr\u00e1ce, do \u0161koly, na v\u00fdlet \u010di na piknik.<\/p>\n","protected":false},"featured_media":449,"template":"","product_type":[157],"class_list":["post-2261","product","type-product","status-publish","has-post-thumbnail","hentry","product_type-ambient-sk"],"acf":{"product_show_in_compact":"1","product_tagline":"Vezmi si ju kamko\u013evek","products_weight":"75g","product_ornament_type":"brush_thin","product_ornament_color":"#96C9DA","benefit_icons":["gluten-free","source-of-omega-3","no-preservatives"],"protein_amount":"","product_details":{"ingredients":"voda, c\u00edcer 17 %, repkov\u00fd olej, tofu 12 % (s\u00f3ja, voda), s\u00f3jov\u00fd n\u00e1poj (voda, s\u00f3ja), okara (voda, s\u00f3ja), s\u00f3jov\u00e1 om\u00e1\u010dka (voda, s\u00f3ja, fermentovan\u00e1 p\u0161enica \u2013 bez glut\u00e9nu, so\u013e), modifikovan\u00fd \u0161krob, su\u0161en\u00e1 cibu\u013ea 2,4 %, hor\u010dica (voda, hor\u010di\u010dn\u00e9 semeno, ocot kvasn\u00fd liehov\u00fd, cukor, so\u013e, koreniny), citr\u00f3nov\u00e1 \u0161\u0165ava z koncentr\u00e1tu, morsk\u00e1 so\u013e, \u0161krob, su\u0161en\u00e9 morsk\u00e9 riasy 0,4 %, dro\u017edie, cesnakov\u00fd pr\u00e1\u0161ok, \u010dierne korenie, so\u013e, kyselina: kyselina citr\u00f3nov\u00e1","packaging_image":1168,"nutritional_values":"<table class=\"nutritional-table\"><tbody><tr><th colspan=\"2\">V\u00fd\u017eivov\u00e9 \u00fadaje na 100 g<\/th><\/tr><tr><td>Energia<\/td><td>726 kJ\/175 kcal<\/td><\/tr><tr><td>Tuky<\/td><td>13 g<\/td><\/tr><tr><td>\u2013 z toho nas\u00fdten\u00e9 mastn\u00e9 kyseliny<\/td><td>1,1 g<\/td><\/tr><tr><td>Sacharidy<\/td><td>8,1 g<\/td><\/tr><tr><td>\u2013 z toho cukry<\/td><td>1,4 g<\/td><\/tr><tr><td>Bielkoviny<\/td><td>5,3 g<\/td><\/tr><tr><td>So\u013e<\/td><td>0,90 g<\/td><\/tr><\/tbody><\/table><p class=\"note\">*omega-3 mastn\u00e9 kyseliny: 0,88 g\/100 g; kyselina \u03b1-linol\u00e9nov\u00e1 (ALA): 0,87g\/100 g \u2013 ALA prispieva k udr\u017eaniu norm\u00e1lnej hladiny cholesterolu v krvi, \u00fa\u010dinn\u00e1 d\u00e1vka: 2 g\/24h.<\/p>"},"product_benefits":{"benefit_image":null,"benefit_1":"Vyroben\u00e9 s l\u00e1skou","benefit_2":"Praktick\u00e9 balenie","benefit_3":"Dokonale vyv\u00e1\u017een\u00e1 chu\u0165","benefit_4":"Len pr\u00edrodn\u00e9 ingrediencie"}},"_links":{"self":[{"href":"https:\/\/lunter.webgate.codes\/sk\/wp-json\/wp\/v2\/product\/2261","targetHints":{"allow":["GET"]}}],"collection":[{"href":"https:\/\/lunter.webgate.codes\/sk\/wp-json\/wp\/v2\/product"}],"about":[{"href":"https:\/\/lunter.webgate.codes\/sk\/wp-json\/wp\/v2\/types\/product"}],"wp:featuredmedia":[{"embeddable":true,"href":"https:\/\/lunter.webgate.codes\/sk\/wp-json\/wp\/v2\/media\/449"}],"wp:attachment":[{"href":"https:\/\/lunter.webgate.codes\/sk\/wp-json\/wp\/v2\/media?parent=2261"}],"wp:term":[{"taxonomy":"product_type","embeddable":true,"href":"https:\/\/lunter.webgate.codes\/sk\/wp-json\/wp\/v2\/product_type?post=2261"}],"curies":[{"name":"wp","href":"https:\/\/api.w.org\/{rel}","templated":true}]}}