{"id":2260,"date":"2025-04-11T15:46:58","date_gmt":"2025-04-11T13:46:58","guid":{"rendered":"https:\/\/lunter.webgate.codes\/products\/alu-pate-de-tofu-cranberries-75\/"},"modified":"2025-04-11T15:53:24","modified_gmt":"2025-04-11T13:53:24","slug":"alu-pate-de-tofu-cranberries-75","status":"publish","type":"product","link":"https:\/\/lunter.webgate.codes\/sk\/produkty\/alu-pate-de-tofu-cranberries-75\/","title":{"rendered":"PAT\u00c9 DE TOFU BRUSNICE ALU"},"content":{"rendered":"<p>Pat\u00e9 de Tofu je skuto\u010dn\u00fd game changer. Delik\u00e1tna a v\u00fdrazn\u00e1 chu\u0165, ktorej sa ned\u00e1 odola\u0165. Bohat\u00e9 na omega-3 mastn\u00e9 kyseliny, v\u00fd\u017eivn\u00e9 a z\u00e1rove\u0148 neodolate\u013en\u00e9 lahodn\u00e9. K\u00fasky brusn\u00edc dod\u00e1vaj\u00fa svie\u017eos\u0165 a kyslos\u0165 a dokonale vyva\u017euj\u00fa jeho pln\u00fa chu\u0165. V praktickom balen\u00ed, ktor\u00e9 si so sebou m\u00f4\u017ee\u0161 zobra\u0165 do pr\u00e1ce, do \u0161koly, na v\u00fdlet \u010di na piknik.<\/p>\n","protected":false},"featured_media":336,"template":"","product_type":[157],"class_list":["post-2260","product","type-product","status-publish","has-post-thumbnail","hentry","product_type-ambient-sk"],"acf":{"product_show_in_compact":"1","product_tagline":"Vezmi si ju kamko\u013evek","products_weight":"75g","product_ornament_type":"brush_thin","product_ornament_color":"#C99E68","benefit_icons":["source-of-fiber","source-of-omega-3","no-preservatives"],"protein_amount":"","product_details":{"ingredients":"tofu 24 % (s\u00f3ja, voda), voda, repkov\u00fd olej, okara (voda, s\u00f3ja), cibu\u013ea, s\u00f3jov\u00e1 om\u00e1\u010dka (voda, s\u00f3ja, p\u0161enica, so\u013e), brusnice 3 %, \u0161krob, trstinov\u00fd cukor, dro\u017edie, hrachov\u00e1 vl\u00e1knina, ry\u017ea, s\u00f3ja, so\u013e, kvasni\u010dn\u00fd extrakt, p\u0161eni\u010dn\u00e1 m\u00faka, koreniny, slne\u010dnicov\u00fd olej, byliny. M\u00f4\u017ee obsahova\u0165 hor\u010dicu.","packaging_image":1128,"nutritional_values":"<table class=\"nutritional-table\"><tbody><tr><th colspan=\"2\">V\u00fd\u017eivov\u00e9 \u00fadaje na 100 g<\/th><\/tr><tr><td>Energia<\/td><td>1048 kJ\/253 kcal<\/td><\/tr><tr><td>Tuky<\/td><td>21 g<\/td><\/tr><tr><td>\u2013 z toho nas\u00fdten\u00e9 mastn\u00e9 kyseliny<\/td><td>2,3 g<\/td><\/tr><tr><td>Sacharidy<\/td><td>7,9 g<\/td><\/tr><tr><td>\u2013 z toho cukry<\/td><td>4,8 g<\/td><\/tr><tr><td>Vl\u00e1knina<\/td><td>3,3 g<\/td><\/tr><tr><td>Bielkoviny<\/td><td>6,5 g<\/td><\/tr><tr><td>So\u013e<\/td><td>1,3 g<\/td><\/tr><\/tbody><\/table><p class=\"note\">*omega-3 mastn\u00e9 kyseliny: 1,29 g\/100 g; kyselina \u03b1-linol\u00e9nov\u00e1 (ALA): 1,26 g\/100 g \u2013 ALA prispieva k udr\u017eaniu norm\u00e1lnej hladiny cholesterolu v krvi, \u00fa\u010dinn\u00e1 d\u00e1vka: 2 g\/24 h.<\/p>"},"product_benefits":{"benefit_image":null,"benefit_1":"Vyroben\u00e9 s l\u00e1skou","benefit_2":"Praktick\u00e9 balenie","benefit_3":"Dokonale vyv\u00e1\u017een\u00e1 chu\u0165","benefit_4":"Len pr\u00edrodn\u00e9 ingrediencie"}},"_links":{"self":[{"href":"https:\/\/lunter.webgate.codes\/sk\/wp-json\/wp\/v2\/product\/2260","targetHints":{"allow":["GET"]}}],"collection":[{"href":"https:\/\/lunter.webgate.codes\/sk\/wp-json\/wp\/v2\/product"}],"about":[{"href":"https:\/\/lunter.webgate.codes\/sk\/wp-json\/wp\/v2\/types\/product"}],"wp:featuredmedia":[{"embeddable":true,"href":"https:\/\/lunter.webgate.codes\/sk\/wp-json\/wp\/v2\/media\/336"}],"wp:attachment":[{"href":"https:\/\/lunter.webgate.codes\/sk\/wp-json\/wp\/v2\/media?parent=2260"}],"wp:term":[{"taxonomy":"product_type","embeddable":true,"href":"https:\/\/lunter.webgate.codes\/sk\/wp-json\/wp\/v2\/product_type?post=2260"}],"curies":[{"name":"wp","href":"https:\/\/api.w.org\/{rel}","templated":true}]}}