{"id":2259,"date":"2025-04-11T15:46:58","date_gmt":"2025-04-11T13:46:58","guid":{"rendered":"https:\/\/lunter.webgate.codes\/products\/alu-mexican-spread-75\/"},"modified":"2025-04-11T15:53:24","modified_gmt":"2025-04-11T13:53:24","slug":"alu-mexican-spread-75","status":"publish","type":"product","link":"https:\/\/lunter.webgate.codes\/sk\/produkty\/alu-mexican-spread-75\/","title":{"rendered":"MEXICK\u00c1 N\u00c1TIERKA ALU"},"content":{"rendered":"<p>Fiesta pre tvoje chu\u0165ov\u00e9 poh\u00e1riky! Mexick\u00e1 je jeden z na\u0161ich bestsellerov a zamiluje\u0161 si ju najm\u00e4 pre jej jemne pikantn\u00fd chili n\u00e1dych. T\u00e1to n\u00e1tierka dod\u00e1 tvojmu d\u0148u ten spr\u00e1vny \u0161mrnc, sta\u010d\u00ed ju natrie\u0165 a vychutn\u00e1va\u0165. Natieraj a vychutn\u00e1vaj, napr\u00edklad aj rovno z \u010drievka. V praktickom balen\u00ed, ktor\u00e9 si so sebou m\u00f4\u017ee\u0161 zobra\u0165 do pr\u00e1ce, do \u0161koly, na v\u00fdlet \u010di na piknik.<\/p>\n","protected":false},"featured_media":296,"template":"","product_type":[157],"class_list":["post-2259","product","type-product","status-publish","has-post-thumbnail","hentry","product_type-ambient-sk"],"acf":{"product_show_in_compact":"1","product_tagline":"Vezmi si ju kamko\u013evek","products_weight":"75g","product_ornament_type":"brush_thin","product_ornament_color":"#ED9A88","benefit_icons":["source-of-protein","gluten-free","no-preservatives"],"protein_amount":"","product_details":{"ingredients":"voda, okara (voda, s\u00f3jov\u00e9 b\u00f4by), 22 % tofu (s\u00f3jov\u00e9 b\u00f4by, voda), repkov\u00fd olej, su\u0161en\u00e9 potravin\u00e1rske dro\u017edie, modifikovan\u00fd kukuri\u010dn\u00fd \u0161krob, cibu\u013ea, 1,3 % paprikov\u00e9 vlo\u010dky \u010derven\u00e9 a zelen\u00e9, so\u013e, zmes koren\u00edn, 0,3 % \u010dili. M\u00f4\u017ee obsahova\u0165 hor\u010dicu.","packaging_image":1078,"nutritional_values":"<table class=\"nutritional-table\"><tbody><tr><th colspan=\"2\">V\u00fd\u017eivov\u00e9 \u00fadaje na 100 g<\/th><\/tr><tr><td>Energia<\/td><td>646 kJ\/156 kcal<\/td><\/tr><tr><td>Tuky<\/td><td>12 g<\/td><\/tr><tr><td>\u2013 z toho nas\u00fdten\u00e9 mastn\u00e9 kyseliny<\/td><td>0,9 g<\/td><\/tr><tr><td>Sacharidy<\/td><td>5,9 g<\/td><\/tr><tr><td>\u2013 z toho cukry<\/td><td><0,5 g<\/td><\/tr><tr><td>Vl\u00e1knina<\/td><td>2,1 g<\/td><\/tr><tr><td>Bielkoviny<\/td><td>5,0 g<\/td><\/tr><tr><td>So\u013e<\/td><td>1,2 g<\/td><\/tr><\/tbody><\/table>"},"product_benefits":{"benefit_image":null,"benefit_1":"Vyroben\u00e9 s l\u00e1skou","benefit_2":"V\u0161estrann\u00e9 vyu\u017eitie","benefit_3":"Dokonale vyv\u00e1\u017een\u00e1 chu\u0165","benefit_4":"Len pr\u00edrodn\u00e9 ingrediencie"}},"_links":{"self":[{"href":"https:\/\/lunter.webgate.codes\/sk\/wp-json\/wp\/v2\/product\/2259","targetHints":{"allow":["GET"]}}],"collection":[{"href":"https:\/\/lunter.webgate.codes\/sk\/wp-json\/wp\/v2\/product"}],"about":[{"href":"https:\/\/lunter.webgate.codes\/sk\/wp-json\/wp\/v2\/types\/product"}],"wp:featuredmedia":[{"embeddable":true,"href":"https:\/\/lunter.webgate.codes\/sk\/wp-json\/wp\/v2\/media\/296"}],"wp:attachment":[{"href":"https:\/\/lunter.webgate.codes\/sk\/wp-json\/wp\/v2\/media?parent=2259"}],"wp:term":[{"taxonomy":"product_type","embeddable":true,"href":"https:\/\/lunter.webgate.codes\/sk\/wp-json\/wp\/v2\/product_type?post=2259"}],"curies":[{"name":"wp","href":"https:\/\/api.w.org\/{rel}","templated":true}]}}