{"id":2257,"date":"2025-04-11T15:46:52","date_gmt":"2025-04-11T13:46:52","guid":{"rendered":"https:\/\/lunter.webgate.codes\/products\/pate-de-tofu-herbs-140\/"},"modified":"2025-04-11T15:53:17","modified_gmt":"2025-04-11T13:53:17","slug":"pate-de-tofu-herbs-140","status":"publish","type":"product","link":"https:\/\/lunter.webgate.codes\/sk\/produkty\/pate-de-tofu-herbs-140\/","title":{"rendered":"PAT\u00c9 DE TOFU BYLINKY"},"content":{"rendered":"<p>Pat\u00e9 de Tofu je skuto\u010dn\u00fd game changer. V\u010faka jemn\u00fdm bylink\u00e1m ako oregano, tymian a pa\u017e\u00edtka je gurm\u00e1nskym pote\u0161en\u00edm, ktor\u00e9 prin\u00e1\u0161a lahodn\u00fa chu\u0165 priamo na tvoj st\u00f4l. Bohat\u00e9 na omega-3 mastn\u00e9 kyseliny, v\u00fd\u017eivn\u00e9 a z\u00e1rove\u0148 neodolate\u013en\u00e9 lahodn\u00e9. Dopraj si ho s ob\u013e\u00faben\u00fdm ovocn\u00fdm \u010datn\u00ed \u010di d\u017eemom, sez\u00f3nnym ovoc\u00edm ako s\u00fa hru\u0161ky, figy \u010di hrozno a posyp pekanov\u00fdmi orechmi pre dokonale vyv\u00e1\u017een\u00fa harm\u00f3niu chut\u00ed.<\/p>\n","protected":false},"featured_media":348,"template":"","product_type":[161],"class_list":["post-2257","product","type-product","status-publish","has-post-thumbnail","hentry","product_type-pate-de-tofu-sk"],"acf":{"product_show_in_compact":"1","product_tagline":"Chu\u0165, ktor\u00e1 pos\u00fava hranice","products_weight":"140g","product_ornament_type":"brush_thin","product_ornament_color":"#C39A64","benefit_icons":["source-of-omega-3","source-of-fiber","no-preservatives"],"protein_amount":"","product_details":{"ingredients":"26 % tofu (s\u00f3jov\u00e9 b\u00f4by, voda), voda, repkov\u00fd olej, okara (voda, s\u00f3jov\u00e9 b\u00f4by), cibu\u013ea, s\u00f3jov\u00e1 om\u00e1\u010dka (voda, s\u00f3jov\u00e9 b\u00f4by, p\u0161enica, so\u013e), \u0161krob, dro\u017edie, hrachov\u00e1 vl\u00e1knina, 1 % zmes koren\u00edn a byl\u00edn, ry\u017ea, s\u00f3jov\u00e9 b\u00f4by, kvasnicov\u00fd extrakt, so\u013e, p\u0161eni\u010dn\u00e1 m\u00faka. M\u00f4\u017ee obsahova\u0165 hor\u010dicu.","packaging_image":1133,"nutritional_values":"<table class=\"nutritional-table\"><tbody><tr><th colspan=\"2\">V\u00fd\u017eivov\u00e9 \u00fadaje na 100 g<\/th><\/tr><tr><td>Energia<\/td><td>1082 kJ\/262 kcal<\/td><\/tr><tr><td>Tuky<\/td><td>23 g<\/td><\/tr><tr><td>\u2013 z toho nas\u00fdten\u00e9 mastn\u00e9 kyseliny<\/td><td>1,8 g<\/td><\/tr><tr><td>Sacharidy<\/td><td>6,0 g<\/td><\/tr><tr><td>\u2013 z toho cukry<\/td><td>0,5 g<\/td><\/tr><tr><td>Vl\u00e1knina<\/td><td>3,1 g<\/td><\/tr><tr><td>Bielkoviny<\/td><td>6,7 g<\/td><\/tr><tr><td>So\u013e<\/td><td>1,4 g<\/td><\/tr><\/tbody><\/table><p class=\"note\">*omega-3 mastn\u00e9 kyseliny: 1,75g\/100 g; kyselina \u03b1-linol\u00e9nov\u00e1 (ALA): 1,70 g\/100 g \u2013 ALA prispieva kudr\u017eaniu norm\u00e1lnej hladiny cholesterolu v krvi, \u00fa\u010dinn\u00e1 d\u00e1vka: 2 g\/24 h. Dbajte na pestr\u00fa, vyv\u00e1\u017een\u00fa stravu a zdrav\u00fd \u017eivotn\u00fd \u0161t\u00fdl.<\/p>"},"product_benefits":{"benefit_image":null,"benefit_1":"Vyroben\u00e9 s l\u00e1skou","benefit_2":"Kreat\u00edvne mo\u017enosti pr\u00edpravy","benefit_3":"Dokonale vyv\u00e1\u017een\u00e1 chu\u0165","benefit_4":"Len pr\u00edrodn\u00e9 ingrediencie"}},"_links":{"self":[{"href":"https:\/\/lunter.webgate.codes\/sk\/wp-json\/wp\/v2\/product\/2257","targetHints":{"allow":["GET"]}}],"collection":[{"href":"https:\/\/lunter.webgate.codes\/sk\/wp-json\/wp\/v2\/product"}],"about":[{"href":"https:\/\/lunter.webgate.codes\/sk\/wp-json\/wp\/v2\/types\/product"}],"wp:featuredmedia":[{"embeddable":true,"href":"https:\/\/lunter.webgate.codes\/sk\/wp-json\/wp\/v2\/media\/348"}],"wp:attachment":[{"href":"https:\/\/lunter.webgate.codes\/sk\/wp-json\/wp\/v2\/media?parent=2257"}],"wp:term":[{"taxonomy":"product_type","embeddable":true,"href":"https:\/\/lunter.webgate.codes\/sk\/wp-json\/wp\/v2\/product_type?post=2257"}],"curies":[{"name":"wp","href":"https:\/\/api.w.org\/{rel}","templated":true}]}}