{"id":2255,"date":"2025-04-11T15:46:52","date_gmt":"2025-04-11T13:46:52","guid":{"rendered":"https:\/\/lunter.webgate.codes\/products\/smoked-creamy-spread-140\/"},"modified":"2025-04-14T21:44:22","modified_gmt":"2025-04-14T19:44:22","slug":"smoked-creamy-spread-140","status":"publish","type":"product","link":"https:\/\/lunter.webgate.codes\/sk\/produkty\/smoked-creamy-spread-140\/","title":{"rendered":"\u00daDEN\u00c1 KR\u00c9MOV\u00c1 N\u00c1TIERKA PREMIUM"},"content":{"rendered":"<p>\u00daden\u00e1 chu\u0165, ktor\u00e1 ti pripomenie tradi\u010dn\u00e9 dobroty, ale v 100 % rastlinnej verzii. Natri ju na \u010derstv\u00e9 pe\u010divo, alebo pou\u017ei ako super tajn\u00fa ingredienciu do teplej kuchyne &#8211; na kr\u00e9mov\u00e9 cestoviny, slan\u00e9 kol\u00e1\u010de, \u010di ako z\u00e1klad dipu (je top napr\u00edklad  k pe\u010den\u00fdm zemiakom). Lahodn\u00e1, kr\u00e9mov\u00e1 a bez konzervantov &#8211; len pr\u00edroda v tej najlep\u0161ej podobe. Kto ju raz ochutn\u00e1, neodol\u00e1, za to ru\u010d\u00edme.<\/p>\n","protected":false},"featured_media":604,"template":"","product_type":[166],"class_list":["post-2255","product","type-product","status-publish","has-post-thumbnail","hentry","product_type-premium-sk"],"acf":{"product_show_in_compact":"1","product_tagline":"Lahodn\u00e1 chu\u0165 v ka\u017edom s\u00faste","products_weight":"140g","product_ornament_type":"brush_thin","product_ornament_color":"#E0B4C1","benefit_icons":["source-of-omega-3","lactose-free","gluten-free"],"protein_amount":"","product_details":{"ingredients":"s\u00f3jov\u00fd n\u00e1poj (voda, s\u00f3jov\u00e9 b\u00f4by), repkov\u00fd olej, 17 % \u00faden\u00e9 tofu (s\u00f3jov\u00e9 b\u00f4by, voda, so\u013e), voda, \u0161krob, dro\u017edie, wor\u010desterov\u00e1 om\u00e1\u010dka (voda, s\u00f3jov\u00e9 b\u00f4by, fermentovan\u00e1 p\u0161enica \u2013 neobsahuje glut\u00e9n, ocot, cukor, paradajkov\u00e1 \u0161\u0165ava z koncentr\u00e1tu, so\u013e, jablkov\u00e1 \u0161\u0165ava z koncentr\u00e1tu, pr\u00edrodn\u00e1 ar\u00f3ma), so\u013e, cesnak, kyselina: kyselina citr\u00f3nov\u00e1, \u00faden\u00e1 paprika. M\u00f4\u017ee obsahova\u0165 hor\u010dicu.","packaging_image":1098,"nutritional_values":"<table class=\"nutritional-table\">\r\n<tbody>\r\n<tr>\r\n<th colspan=\"2\">V\u00fd\u017eivov\u00e9 \u00fadaje na 100 g<\/th>\r\n<\/tr>\r\n<tr>\r\n<td>Energia<\/td>\r\n<td>1 431 kJ\/347 kcal<\/td>\r\n<\/tr>\r\n<tr>\r\n<td>Tuky<\/td>\r\n<td>35g<\/td>\r\n<\/tr>\r\n<tr>\r\n<td>\u2013 z toho nas\u00fdten\u00e9 mastn\u00e9 kyseliny<\/td>\r\n<td>2,5g<\/td>\r\n<\/tr>\r\n<tr>\r\n<td>Sacharidy<\/td>\r\n<td>1,2g<\/td>\r\n<\/tr>\r\n<tr>\r\n<td>\u2013 z toho cukry<\/td>\r\n<td>0,5g<\/td>\r\n<\/tr>\r\n<tr>\r\n<td>Vl\u00e1knina<\/td>\r\n<td>2,0 g<\/td>\r\n<\/tr>\r\n<tr>\r\n<td>Bielkoviny<\/td>\r\n<td>5,0 g<\/td>\r\n<\/tr>\r\n<tr>\r\n<td>So\u013e<\/td>\r\n<td>0,91g<\/td>\r\n<\/tr>\r\n<tr>\r\n<td>Lakt\u00f3za<\/td>\r\n<td>&lt;0.01 g<\/td>\r\n<\/tr>\r\n<\/tbody>\r\n<\/table>\r\n<p class=\"note\">*omega-3 mastn\u00e9 kyseliny 2,6 g\/100 g; kyselina \u03b1-linol\u00e9nov\u00e1 (ALA) 2,5g\/100 g \u2013 ALA prispieva k udr\u017eaniu norm\u00e1lnej hladiny cholesterolu v krvi, \u00fa\u010dinn\u00e1 d\u00e1vka: 2g\/24h.<\/p>"},"product_benefits":{"benefit_image":null,"benefit_1":"Vyroben\u00e9 s l\u00e1skou","benefit_2":"V\u0161estrann\u00e9 vyu\u017eitie","benefit_3":"Dokonale vyv\u00e1\u017een\u00e1 chu\u0165","benefit_4":"Len pr\u00edrodn\u00e9 ingrediencie"}},"_links":{"self":[{"href":"https:\/\/lunter.webgate.codes\/sk\/wp-json\/wp\/v2\/product\/2255","targetHints":{"allow":["GET"]}}],"collection":[{"href":"https:\/\/lunter.webgate.codes\/sk\/wp-json\/wp\/v2\/product"}],"about":[{"href":"https:\/\/lunter.webgate.codes\/sk\/wp-json\/wp\/v2\/types\/product"}],"wp:featuredmedia":[{"embeddable":true,"href":"https:\/\/lunter.webgate.codes\/sk\/wp-json\/wp\/v2\/media\/604"}],"wp:attachment":[{"href":"https:\/\/lunter.webgate.codes\/sk\/wp-json\/wp\/v2\/media?parent=2255"}],"wp:term":[{"taxonomy":"product_type","embeddable":true,"href":"https:\/\/lunter.webgate.codes\/sk\/wp-json\/wp\/v2\/product_type?post=2255"}],"curies":[{"name":"wp","href":"https:\/\/api.w.org\/{rel}","templated":true}]}}