{"id":2254,"date":"2025-04-11T15:46:52","date_gmt":"2025-04-11T13:46:52","guid":{"rendered":"https:\/\/lunter.webgate.codes\/products\/crackling-spread-140\/"},"modified":"2025-04-14T21:48:48","modified_gmt":"2025-04-14T19:48:48","slug":"crackling-spread-140","status":"publish","type":"product","link":"https:\/\/lunter.webgate.codes\/sk\/produkty\/crackling-spread-140\/","title":{"rendered":"\u0160QVARKOV\u00c1 N\u00c1TIERKA PREMIUM"},"content":{"rendered":"<p>\u0160qvarkov\u00e1 je neprekonate\u013en\u00fd bestseller, ktor\u00e9mu sa jednoducho ned\u00e1 odola\u0165. M\u00e1 bohat\u00fa a v\u00fdrazn\u00fa chu\u0165, ktor\u00fa si najrad\u0161ej vychutn\u00e1\u0161 priamo z obalu (bez ob\u00e1v, nebudeme \u0165a s\u00fadi\u0165). Kr\u00e9mov\u00e1, lahodn\u00e1 a neskuto\u010dne uspokojuj\u00faca, ide\u00e1lna na chlieb, k zelenine, alebo ku krekrom.<\/p>\n","protected":false},"featured_media":484,"template":"","product_type":[166],"class_list":["post-2254","product","type-product","status-publish","has-post-thumbnail","hentry","product_type-premium-sk"],"acf":{"product_show_in_compact":"1","product_tagline":"Lahodn\u00e1 chu\u0165 v ka\u017edom s\u00faste","products_weight":"140g","product_ornament_type":"brush_thin","product_ornament_color":"#CDAF8E","benefit_icons":["source-of-omega-3","lactose-free","no-preservatives"],"protein_amount":"8.1","product_details":{"ingredients":"32 % tofu (s\u00f3jov\u00e9 b\u00f4by, voda), voda, repkov\u00fd olej, 10 % opra\u017een\u00e1 cibu\u013ea (76 % cibu\u013ea, repkov\u00fd olej, p\u0161eni\u010dn\u00e1 m\u00faka, so\u013e), dro\u017edie, \u0161krob, s\u00f3jov\u00e1 om\u00e1\u010dka (voda, s\u00f3jov\u00e9 b\u00f4by, p\u0161enica, so\u013e), so\u013e, jabl\u010dn\u00fd ocot, stabiliz\u00e1tor: pekt\u00edn. M\u00f4\u017ee obsahova\u0165 hor\u010dicu.","packaging_image":1043,"nutritional_values":"<table class=\"nutritional-table\">\r\n<tbody>\r\n<tr>\r\n<th colspan=\"2\">V\u00fd\u017eivov\u00e9 \u00fadaje na 100 g<\/th>\r\n<\/tr>\r\n<tr>\r\n<td>Energia<\/td>\r\n<td>1 185 kJ\/287 kcal<\/td>\r\n<\/tr>\r\n<tr>\r\n<td>Tuky<\/td>\r\n<td>25g<\/td>\r\n<\/tr>\r\n<tr>\r\n<td>\u2013 z toho nas\u00fdten\u00e9 mastn\u00e9 kyseliny<\/td>\r\n<td>1,8g<\/td>\r\n<\/tr>\r\n<tr>\r\n<td>Sacharidy<\/td>\r\n<td>5,8g<\/td>\r\n<\/tr>\r\n<tr>\r\n<td>\u2013 z toho cukry<\/td>\r\n<td>&lt;0,5g<\/td>\r\n<\/tr>\r\n<tr>\r\n<td>Vl\u00e1knina<\/td>\r\n<td>3,0 g<\/td>\r\n<\/tr>\r\n<tr>\r\n<td>Bielkoviny<\/td>\r\n<td>8,1g<\/td>\r\n<\/tr>\r\n<tr>\r\n<td>So\u013e<\/td>\r\n<td>1,1g<\/td>\r\n<\/tr>\r\n<tr>\r\n<td>Lakt\u00f3za<\/td>\r\n<td>&lt;0,01g<\/td>\r\n<\/tr>\r\n<\/tbody>\r\n<\/table>\r\n<p class=\"note\">*omega-3 mastn\u00e9 kyseliny: 1,5 g\/100 g; kyselina \u03b1-linol\u00e9nov\u00e1 (ALA): 1,4 g\/100 g \u2013 ALA prispieva k udr\u017eaniu norm\u00e1lnej hladiny cholesterolu vkrvi, \u00fa\u010dinn\u00e1 d\u00e1vka: 2g\/24h.<\/p>"},"product_benefits":{"benefit_image":null,"benefit_1":"Vyroben\u00e9 s l\u00e1skou","benefit_2":"V\u0161estrann\u00e9 vyu\u017eitie","benefit_3":"Dokonale vyv\u00e1\u017een\u00e1 chu\u0165","benefit_4":"Len pr\u00edrodn\u00e9 ingrediencie"}},"_links":{"self":[{"href":"https:\/\/lunter.webgate.codes\/sk\/wp-json\/wp\/v2\/product\/2254","targetHints":{"allow":["GET"]}}],"collection":[{"href":"https:\/\/lunter.webgate.codes\/sk\/wp-json\/wp\/v2\/product"}],"about":[{"href":"https:\/\/lunter.webgate.codes\/sk\/wp-json\/wp\/v2\/types\/product"}],"wp:featuredmedia":[{"embeddable":true,"href":"https:\/\/lunter.webgate.codes\/sk\/wp-json\/wp\/v2\/media\/484"}],"wp:attachment":[{"href":"https:\/\/lunter.webgate.codes\/sk\/wp-json\/wp\/v2\/media?parent=2254"}],"wp:term":[{"taxonomy":"product_type","embeddable":true,"href":"https:\/\/lunter.webgate.codes\/sk\/wp-json\/wp\/v2\/product_type?post=2254"}],"curies":[{"name":"wp","href":"https:\/\/api.w.org\/{rel}","templated":true}]}}