{"id":2253,"date":"2025-04-11T15:46:52","date_gmt":"2025-04-11T13:46:52","guid":{"rendered":"https:\/\/lunter.webgate.codes\/products\/seafoo-spread-140\/"},"modified":"2025-04-11T15:53:17","modified_gmt":"2025-04-11T13:53:17","slug":"seafoo-spread-140","status":"publish","type":"product","link":"https:\/\/lunter.webgate.codes\/sk\/produkty\/seafoo-spread-140\/","title":{"rendered":"SEAFOO N\u00c1TIERKA PREMIUM"},"content":{"rendered":"<p>Chu\u0165 mora v rastlinnej verzii! Lunter Seafoo n\u00e1tierka sp\u00e1ja tofu, c\u00edcer a morsk\u00e9 riasy do dokonalej kombin\u00e1cie plnej chuti a bohatej text\u00fary. Natri ju na \u010derstv\u00e9 pe\u010divo, vytu\u0148 svoj sendvi\u010d alebo si ju vychutnaj s chrumkav\u00fdmi krekrami. Nechaj sa un\u00e1\u0161a\u0165 svie\u017eou morskou chu\u0165ou!<\/p>\n","protected":false},"featured_media":459,"template":"","product_type":[166],"class_list":["post-2253","product","type-product","status-publish","has-post-thumbnail","hentry","product_type-premium-sk"],"acf":{"product_show_in_compact":"1","product_tagline":"Lahodn\u00e1 chu\u0165 v ka\u017edom s\u00faste","products_weight":"140g","product_ornament_type":"brush_thin","product_ornament_color":"#96C9DA","benefit_icons":["source-of-omega-3","no-preservatives","gluten-free"],"protein_amount":"","product_details":{"ingredients":"voda, 15 % tofu (s\u00f3jov\u00e9 b\u00f4by, voda), repkov\u00fd olej, 13 % c\u00edcer, s\u00f3jov\u00fd n\u00e1poj (voda, s\u00f3jov\u00e9 b\u00f4by), okara (voda, s\u00f3jov\u00e9 b\u00f4by), s\u00f3jov\u00e1 om\u00e1\u010dka (voda, s\u00f3jov\u00e9 b\u00f4by, fermentovan\u00e1 p\u0161enica \u2013 bez glut\u00e9nu, ry\u017ea, so\u013e), kukuri\u010dn\u00fd \u0161krob, hor\u010dica plnotu\u010dn\u00e1 (voda, hor\u010di\u010dn\u00e9 semeno, ocot kvasn\u00fd liehov\u00fd, cukor, so\u013e, koreniny), 2 % su\u0161en\u00e1 cibu\u013ea, 0,6 % su\u0161en\u00e9 morsk\u00e9 riasy, citr\u00f3nov\u00e1 \u0161\u0165ava z koncentr\u00e1tu, 0,5 % morsk\u00e1 so\u013e, zeleninov\u00fd v\u00fdvar (biela re\u010fkovka, kapusta, p\u00f3r, shiitake, cesnak), dro\u017edie, cesnakov\u00fd pr\u00e1\u0161ok, \u010dierne korenie, extrakt z dro\u017edia, citr\u00f3nov\u00e1 k\u00f4ra, kyselina: kyselina citr\u00f3nov\u00e1","packaging_image":1168,"nutritional_values":"<table class=\"nutritional-table\"><tbody><tr><th colspan=\"2\">V\u00fd\u017eivov\u00e9 \u00fadaje na 100 g<\/th><\/tr><tr><td>Energia<\/td><td>821 kJ\/198 kcal<\/td><\/tr><tr><td>Tuky<\/td><td>16g<\/td><\/tr><tr><td>\u2013 z toho nas\u00fdten\u00e9 mastn\u00e9 kyseliny<\/td><td>1,3g<\/td><\/tr><tr><td>Sacharidy<\/td><td>6,4g<\/td><\/tr><tr><td>\u2013 z toho cukry<\/td><td>0,5g<\/td><\/tr><tr><td>Vl\u00e1knina<\/td><td>2,7g<\/td><\/tr><tr><td>Bielkoviny<\/td><td>5,8g<\/td><\/tr><tr><td>So\u013e<\/td><td>1,1g<\/td><\/tr><\/tbody><\/table><p class=\"note\">*omega-3 mastn\u00e9 kyseliny: 1,21 g\/100 g; kyselina \u03b1-linol\u00e9nov\u00e1 (ALA): 1,15 g\/100 g \u2013 ALA prispieva k udr\u017eaniu norm\u00e1lnej hladiny cholesterolu v krvi, \u00fa\u010dinn\u00e1 d\u00e1vka: 2 g\/24 h.<\/p>"},"product_benefits":{"benefit_image":null,"benefit_1":"Vyroben\u00e9 s l\u00e1skou","benefit_2":"V\u0161estrann\u00e9 vyu\u017eitie","benefit_3":"Dokonale vyv\u00e1\u017een\u00e1 chu\u0165","benefit_4":"Len pr\u00edrodn\u00e9 ingrediencie"}},"_links":{"self":[{"href":"https:\/\/lunter.webgate.codes\/sk\/wp-json\/wp\/v2\/product\/2253","targetHints":{"allow":["GET"]}}],"collection":[{"href":"https:\/\/lunter.webgate.codes\/sk\/wp-json\/wp\/v2\/product"}],"about":[{"href":"https:\/\/lunter.webgate.codes\/sk\/wp-json\/wp\/v2\/types\/product"}],"wp:featuredmedia":[{"embeddable":true,"href":"https:\/\/lunter.webgate.codes\/sk\/wp-json\/wp\/v2\/media\/459"}],"wp:attachment":[{"href":"https:\/\/lunter.webgate.codes\/sk\/wp-json\/wp\/v2\/media?parent=2253"}],"wp:term":[{"taxonomy":"product_type","embeddable":true,"href":"https:\/\/lunter.webgate.codes\/sk\/wp-json\/wp\/v2\/product_type?post=2253"}],"curies":[{"name":"wp","href":"https:\/\/api.w.org\/{rel}","templated":true}]}}