{"id":2252,"date":"2025-04-11T15:46:52","date_gmt":"2025-04-11T13:46:52","guid":{"rendered":"https:\/\/lunter.webgate.codes\/products\/chives-spread-140\/"},"modified":"2025-04-11T15:53:17","modified_gmt":"2025-04-11T13:53:17","slug":"chives-spread-140","status":"publish","type":"product","link":"https:\/\/lunter.webgate.codes\/sk\/produkty\/chives-spread-140\/","title":{"rendered":"PA\u017d\u00cdTKOV\u00c1 N\u00c1TIERKA PREMIUM"},"content":{"rendered":"<p>Svie\u017ea, kr\u00e9mov\u00e1 a pln\u00e1 v\u00fdraznej chuti &#8211; na\u0161a Lunter Kr\u00e9mov\u00e1 Pa\u017e\u00edtkov\u00e1 n\u00e1tierka prinesie do tvojej kuchyne n\u00e1dych jari kedyko\u013evek po\u010das roka. Je perfektn\u00e1 na chlieb, do wrapov alebo ako dip k \u010derstvej zelenine. Skvele sa hod\u00ed aj do teplej kuchyne, preto\u017ee dod\u00e1 tvojmu jedlu lahodn\u00fa kr\u00e9mov\u00fa chu\u0165. Navy\u0161e je 100 % rastlinn\u00e1, bez konzervantov a pln\u00e1 bielkov\u00edn.<\/p>\n","protected":false},"featured_media":368,"template":"","product_type":[166],"class_list":["post-2252","product","type-product","status-publish","has-post-thumbnail","hentry","product_type-premium-sk"],"acf":{"product_show_in_compact":"1","product_tagline":"Lahodn\u00e1 chu\u0165 v ka\u017edom s\u00faste","products_weight":"140g","product_ornament_type":"brush_thin","product_ornament_color":"#99BD9C","benefit_icons":["lactose-free","no-preservatives","gluten-free"],"protein_amount":"","product_details":{"ingredients":"s\u00f3jov\u00fd n\u00e1poj (voda, s\u00f3jov\u00e9 b\u00f4by), 22 % tofu (s\u00f3jov\u00e9 b\u00f4by, voda), repkov\u00fd olej, olej zo semien maslovn\u00edka, voda, 1,2 % su\u0161en\u00e1 pa\u017e\u00edtka, su\u0161en\u00e9 potravin\u00e1rske dro\u017edie, so\u013e, kukuri\u010dn\u00fd \u0161krob, citr\u00f3nov\u00e1 \u0161\u0165ava z koncentr\u00e1tu, stabiliz\u00e1tor: pekt\u00edn. M\u00f4\u017ee obsahova\u0165 hor\u010dicu.","packaging_image":1073,"nutritional_values":"<table class=\"nutritional-table\"><tbody><tr><th colspan=\"2\">V\u00fd\u017eivov\u00e9 \u00fadaje na 100 g<\/th><\/tr><tr><td>Energia<\/td><td>1123 kJ\/272 kcal<\/td><\/tr><tr><td>Tuky<\/td><td>27 g<\/td><\/tr><tr><td>\u2013 z toho nas\u00fdten\u00e9 mastn\u00e9 kyseliny<\/td><td>6,0 g<\/td><\/tr><tr><td>Sacharidy<\/td><td>2,2 g<\/td><\/tr><tr><td>\u2013 z toho cukry<\/td><td>0,3 g<\/td><\/tr><tr><td>Vl\u00e1knina<\/td><td>1,2 g<\/td><\/tr><tr><td>Bielkoviny<\/td><td>4,5 g<\/td><\/tr><tr><td>So\u013e<\/td><td>0,90 g<\/td><\/tr><tr><td>Lakt\u00f3za<\/td><td><0,01 g<\/td><\/tr><\/tbody><\/table>"},"product_benefits":{"benefit_image":null,"benefit_1":"Vyroben\u00e9 s l\u00e1skou","benefit_2":"V\u0161estrann\u00e9 vyu\u017eitie","benefit_3":"Dokonale vyv\u00e1\u017een\u00e1 chu\u0165","benefit_4":"Len pr\u00edrodn\u00e9 ingrediencie"}},"_links":{"self":[{"href":"https:\/\/lunter.webgate.codes\/sk\/wp-json\/wp\/v2\/product\/2252","targetHints":{"allow":["GET"]}}],"collection":[{"href":"https:\/\/lunter.webgate.codes\/sk\/wp-json\/wp\/v2\/product"}],"about":[{"href":"https:\/\/lunter.webgate.codes\/sk\/wp-json\/wp\/v2\/types\/product"}],"wp:featuredmedia":[{"embeddable":true,"href":"https:\/\/lunter.webgate.codes\/sk\/wp-json\/wp\/v2\/media\/368"}],"wp:attachment":[{"href":"https:\/\/lunter.webgate.codes\/sk\/wp-json\/wp\/v2\/media?parent=2252"}],"wp:term":[{"taxonomy":"product_type","embeddable":true,"href":"https:\/\/lunter.webgate.codes\/sk\/wp-json\/wp\/v2\/product_type?post=2252"}],"curies":[{"name":"wp","href":"https:\/\/api.w.org\/{rel}","templated":true}]}}