{"id":2249,"date":"2025-04-11T15:46:52","date_gmt":"2025-04-11T13:46:52","guid":{"rendered":"https:\/\/lunter.webgate.codes\/products\/creme-de-tofu-140\/"},"modified":"2025-04-11T15:53:17","modified_gmt":"2025-04-11T13:53:17","slug":"creme-de-tofu-140","status":"publish","type":"product","link":"https:\/\/lunter.webgate.codes\/sk\/produkty\/creme-de-tofu-140\/","title":{"rendered":"CREME DE TOFU"},"content":{"rendered":"<p>Tvoj nov\u00fd tajn\u00fd trik v kuchyni! Kr\u00e9mov\u00e9, v\u0161estrann\u00e9 a neodolate\u013ene lahodn\u00e9 \u2013 ide\u00e1lne na sladk\u00e9 aj slan\u00e9 recepty. Dokonal\u00e9 do cheesecaku, tiramisu, kr\u00e9mov\u00fdch om\u00e1\u010dok a vie\u0161 z neho vyrobi\u0165 aj zmrzlinu! Pou\u017ei ho ako z\u00e1klad do polievok, slan\u00fdch kol\u00e1\u010dov alebo si s n\u00edm vytvor \u00faplne nov\u00e9 n\u00e1tierky. Mo\u017enosti s\u00fa nekone\u010dn\u00e9! Creme de Tofu je t\u00e1 spr\u00e1vna ingrediencia pre ka\u017ed\u00e9ho, kto miluje kreat\u00edvne varenie. Vysk\u00fa\u0161aj a pozdvihni svoje recepty na nov\u00fa \u00farove\u0148!<\/p>\n","protected":false},"featured_media":236,"template":"","product_type":[166],"class_list":["post-2249","product","type-product","status-publish","has-post-thumbnail","hentry","product_type-premium-sk"],"acf":{"product_show_in_compact":"1","product_tagline":"Lahodn\u00e1 chu\u0165 v ka\u017edom s\u00faste","products_weight":"140g","product_ornament_type":"brush_thin","product_ornament_color":"#738EC5","benefit_icons":["lactose-free","gluten-free","no-preservatives"],"protein_amount":"","product_details":{"ingredients":"s\u00f3jov\u00fd n\u00e1poj (voda, s\u00f3jov\u00e9 b\u00f4by), 23 % tofu (s\u00f3jov\u00e9 b\u00f4by, voda), repkov\u00fd olej, olej zo semien maslovn\u00edka, kukuri\u010dn\u00fd \u0161krob, so\u013e, citr\u00f3nov\u00e1 \u0161\u0165ava z koncentr\u00e1tu, voda, stabiliz\u00e1tor: pekt\u00edn, su\u0161en\u00e9 potravin\u00e1rske dro\u017edie. M\u00f4\u017ee obsahova\u0165 hor\u010dicu.","packaging_image":1048,"nutritional_values":"<table class=\"nutritional-table\"><tbody><tr><th colspan=\"2\">V\u00fd\u017eivov\u00e9 \u00fadaje na 100 g<\/th><\/tr><tr><td>Energia<\/td><td>1191 kJ\/289 kcal<\/td><\/tr><tr><td>Tuky<\/td><td>29 g<\/td><\/tr><tr><td>\u2013 z toho nas\u00fdten\u00e9 mastn\u00e9 kyseliny<\/td><td>7,1 g<\/td><\/tr><tr><td>Sacharidy<\/td><td>1,4 g<\/td><\/tr><tr><td>\u2013 z toho cukry<\/td><td><0,5 g<\/td><\/tr><tr><td>Vl\u00e1knina<\/td><td>1,7 g<\/td><\/tr><tr><td>Bielkoviny<\/td><td>5,8 g<\/td><\/tr><tr><td>So\u013e<\/td><td>0,82 g<\/td><\/tr><tr><td>Lakt\u00f3za<\/td><td><0,01 g<\/td><\/tr><\/tbody><\/table>"},"product_benefits":{"benefit_image":null,"benefit_1":"Vyroben\u00e9 s l\u00e1skou","benefit_2":"V\u0161estrann\u00e9 vyu\u017eitie","benefit_3":"Dokonale vyv\u00e1\u017een\u00e1 chu\u0165","benefit_4":"Len pr\u00edrodn\u00e9 ingrediencie"}},"_links":{"self":[{"href":"https:\/\/lunter.webgate.codes\/sk\/wp-json\/wp\/v2\/product\/2249","targetHints":{"allow":["GET"]}}],"collection":[{"href":"https:\/\/lunter.webgate.codes\/sk\/wp-json\/wp\/v2\/product"}],"about":[{"href":"https:\/\/lunter.webgate.codes\/sk\/wp-json\/wp\/v2\/types\/product"}],"wp:featuredmedia":[{"embeddable":true,"href":"https:\/\/lunter.webgate.codes\/sk\/wp-json\/wp\/v2\/media\/236"}],"wp:attachment":[{"href":"https:\/\/lunter.webgate.codes\/sk\/wp-json\/wp\/v2\/media?parent=2249"}],"wp:term":[{"taxonomy":"product_type","embeddable":true,"href":"https:\/\/lunter.webgate.codes\/sk\/wp-json\/wp\/v2\/product_type?post=2249"}],"curies":[{"name":"wp","href":"https:\/\/api.w.org\/{rel}","templated":true}]}}