{"id":2243,"date":"2025-04-11T15:46:52","date_gmt":"2025-04-11T13:46:52","guid":{"rendered":"https:\/\/lunter.webgate.codes\/products\/swiss-spread-100\/"},"modified":"2025-04-11T15:53:17","modified_gmt":"2025-04-11T13:53:17","slug":"swiss-spread-100","status":"publish","type":"product","link":"https:\/\/lunter.webgate.codes\/sk\/produkty\/swiss-spread-100\/","title":{"rendered":"\u0160VAJ\u010cIARSKA N\u00c1TIERKA"},"content":{"rendered":"<p>Nie je zo \u0160vaj\u010diarska, ale chut\u00ed tak v\u00fdnimo\u010dne, \u017ee by mohla by\u0165. Kr\u00e9mov\u00e1, jemn\u00e1, chu\u0165ovo vyv\u00e1\u017een\u00e1. Ako keby syrov\u00e1, ale bez syra. Perfektn\u00e1 na chlieb, hrianku, alebo len tak na ly\u017ei\u010dku. Hod\u00ed sa aj ako dip k \u010derstvej zelenine, alebo ako z\u00e1klad om\u00e1\u010dky do r\u00f4znych r\u00fdchlych jed\u00e1l.<\/p>\n","protected":false},"featured_media":494,"template":"","product_type":[186],"class_list":["post-2243","product","type-product","status-publish","has-post-thumbnail","hentry","product_type-crievka"],"acf":{"product_show_in_compact":"1","product_tagline":"Natieraj s l\u00e1skou","products_weight":"100g","product_ornament_type":"brush_thin","product_ornament_color":"#F4CF7D","benefit_icons":["source-of-omega-3","lactose-free","no-preservatives"],"protein_amount":"","product_details":{"ingredients":"s\u00f3jov\u00fd n\u00e1poj (voda, s\u00f3jov\u00e9 b\u00f4by), repkov\u00fd olej, 14 % tofu (s\u00f3jov\u00e9 b\u00f4by, voda), voda, \u0161krob, dro\u017edie, so\u013e, s\u00f3jov\u00e9 b\u00f4by, ry\u017ea, fermentovan\u00e1 p\u0161enica \u2013 neobsahuje glut\u00e9n, ocot, cukor, jablkov\u00e1 \u0161\u0165ava z koncentr\u00e1tu, paradajky, cesnak, kurkuma, cibu\u013ea, sirup zbatatov\u00fdch zemiakov, trstinov\u00fd cukor, pr\u00edrodn\u00e1 ar\u00f3ma, kyselina: kyselina citr\u00f3nov\u00e1. M\u00f4\u017ee obsahova\u0165 hor\u010dicu.","packaging_image":1173,"nutritional_values":"<table class=\"nutritional-table\"><tbody><tr><th colspan=\"2\">V\u00fd\u017eivov\u00e9 \u00fadaje na 100 g<\/th><\/tr><tr><td>Energia<\/td><td>1390 kJ\/337kcal<\/td><\/tr><tr><td>Tuky<\/td><td>34g<\/td><\/tr><tr><td>\u2013 z toho nas\u00fdten\u00e9 mastn\u00e9 kyseliny<\/td><td>2,8g<\/td><\/tr><tr><td>Sacharidy<\/td><td>2,8g<\/td><\/tr><tr><td>\u2013 z toho cukry<\/td><td>0,8g<\/td><\/tr><tr><td>Vl\u00e1knina<\/td><td>1,2g<\/td><\/tr><tr><td>Bielkoviny<\/td><td>4,4g<\/td><\/tr><tr><td>So\u013e<\/td><td>0,80 g<\/td><\/tr><tr><td>Lakt\u00f3za<\/td><td><0,01 g\/100 g<\/td><\/tr><tr><td>*omega-3 mastn\u00e9 kyseliny<\/td><td>2,4 g\/100 g<\/td><\/tr><tr><td>kyselina \u03b1-linol\u00e9nov\u00e1 (ALA)<\/td><td>2,3 g\/100 g<\/td><\/tr><\/tbody><\/table><p class=\"note\">*ALA prispieva k udr\u017eaniu norm\u00e1lnej hladiny cholesterolu v krvi, \u00fa\u010dinn\u00e1 d\u00e1vka: 2 g\/24 h.<\/p>"},"product_benefits":{"benefit_image":null,"benefit_1":"Vyroben\u00e9 s l\u00e1skou","benefit_2":"Praktick\u00e9 balenie","benefit_3":"Dokonale vyv\u00e1\u017een\u00e1 chu\u0165","benefit_4":"Len pr\u00edrodn\u00e9 ingrediencie"}},"_links":{"self":[{"href":"https:\/\/lunter.webgate.codes\/sk\/wp-json\/wp\/v2\/product\/2243","targetHints":{"allow":["GET"]}}],"collection":[{"href":"https:\/\/lunter.webgate.codes\/sk\/wp-json\/wp\/v2\/product"}],"about":[{"href":"https:\/\/lunter.webgate.codes\/sk\/wp-json\/wp\/v2\/types\/product"}],"wp:featuredmedia":[{"embeddable":true,"href":"https:\/\/lunter.webgate.codes\/sk\/wp-json\/wp\/v2\/media\/494"}],"wp:attachment":[{"href":"https:\/\/lunter.webgate.codes\/sk\/wp-json\/wp\/v2\/media?parent=2243"}],"wp:term":[{"taxonomy":"product_type","embeddable":true,"href":"https:\/\/lunter.webgate.codes\/sk\/wp-json\/wp\/v2\/product_type?post=2243"}],"curies":[{"name":"wp","href":"https:\/\/api.w.org\/{rel}","templated":true}]}}