{"id":2242,"date":"2025-04-11T15:46:52","date_gmt":"2025-04-11T13:46:52","guid":{"rendered":"https:\/\/lunter.webgate.codes\/products\/crackling-spread-100\/"},"modified":"2025-04-11T15:53:17","modified_gmt":"2025-04-11T13:53:17","slug":"crackling-spread-100","status":"publish","type":"product","link":"https:\/\/lunter.webgate.codes\/sk\/produkty\/crackling-spread-100\/","title":{"rendered":"\u0160QVARKOV\u00c1 N\u00c1TIERKA"},"content":{"rendered":"<p>\u0160qvarkov\u00e1 je neprekonate\u013en\u00fd bestseller, ktor\u00e9mu sa jednoducho ned\u00e1 odola\u0165. M\u00e1 bohat\u00fa a v\u00fdrazn\u00fa chu\u0165, ktor\u00fa si najrad\u0161ej vychutn\u00e1\u0161 priamo z obalu (bez ob\u00e1v, nebudeme \u0165a s\u00fadi\u0165). Kr\u00e9mov\u00e1, lahodn\u00e1 a neskuto\u010dne uspokojuj\u00faca, ide\u00e1lna na chlieb, k zelenine, alebo ku krekrom.<\/p>\n","protected":false},"featured_media":479,"template":"","product_type":[186],"class_list":["post-2242","product","type-product","status-publish","has-post-thumbnail","hentry","product_type-crievka"],"acf":{"product_show_in_compact":"1","product_tagline":"Natieraj s l\u00e1skou","products_weight":"100g","product_ornament_type":"brush_thin","product_ornament_color":"#CDAF8E","benefit_icons":["lactose-free","source-of-omega-3","no-preservatives"],"protein_amount":"","product_details":{"ingredients":"32 % tofu (57 % s\u00f3jov\u00e9 b\u00f4by, voda), voda, 23 % repkov\u00fd olej, 10 % opra\u017een\u00e1 cibu\u013ea (76 % cibu\u013ea, repkov\u00fd olej, p\u0161eni\u010dn\u00e1 m\u00faka, so\u013e), dro\u017edie, \u0161krob, s\u00f3jov\u00e1 om\u00e1\u010dka (voda, s\u00f3jov\u00e9 b\u00f4by, p\u0161enica, so\u013e), so\u013e, jabl\u010dn\u00fd ocot, stabiliz\u00e1tor: pekt\u00edny. M\u00f4\u017ee obsahova\u0165 hor\u010dicu.","packaging_image":1043,"nutritional_values":"<table class=\"nutritional-table\"><tbody><tr><th colspan=\"2\">V\u00fd\u017eivov\u00e9 \u00fadaje na 100 g<\/th><\/tr><tr><td>Energia<\/td><td>1185 kJ\/287 kcal<\/td><\/tr><tr><td>Tuky<\/td><td>25 g<\/td><\/tr><tr><td>\u2013 z toho nas\u00fdten\u00e9 mastn\u00e9 kyseliny<\/td><td>1,8 g<\/td><\/tr><tr><td>Sacharidy<\/td><td>5,8 g<\/td><\/tr><tr><td>\u2013 z toho cukry<\/td><td>0,5 g<\/td><\/tr><tr><td>Vl\u00e1knina<\/td><td>3,0 g<\/td><\/tr><tr><td>Bielkoviny<\/td><td>8,1 g<\/td><\/tr><tr><td>So\u013e<\/td><td>1,1 g<\/td><\/tr><tr><td>Lakt\u00f3za<\/td><td><0,01 g<\/td><\/tr><tr><td>*Omega-3 mastn\u00e9 kyseliny<\/td><td>1,5 g\/100 g<\/td><\/tr><tr><td>Kyselina \u03b1-linol\u00e9nov\u00e1 (ALA)<\/td><td>1,4 g\/100 g<\/td><\/tr><\/tbody><\/table><p class=\"note\">*ALA prispieva k udr\u017eaniu norm\u00e1lnej hladiny cholesterolu v krvi, \u00fa\u010dinn\u00e1 d\u00e1vka: 2 g\/24 h.<\/p>"},"product_benefits":{"benefit_image":null,"benefit_1":"Vyroben\u00e9 s l\u00e1skou","benefit_2":"Praktick\u00e9 balenie","benefit_3":"Dokonale vyv\u00e1\u017een\u00e1 chu\u0165","benefit_4":"Len pr\u00edrodn\u00e9 ingrediencie"}},"_links":{"self":[{"href":"https:\/\/lunter.webgate.codes\/sk\/wp-json\/wp\/v2\/product\/2242","targetHints":{"allow":["GET"]}}],"collection":[{"href":"https:\/\/lunter.webgate.codes\/sk\/wp-json\/wp\/v2\/product"}],"about":[{"href":"https:\/\/lunter.webgate.codes\/sk\/wp-json\/wp\/v2\/types\/product"}],"wp:featuredmedia":[{"embeddable":true,"href":"https:\/\/lunter.webgate.codes\/sk\/wp-json\/wp\/v2\/media\/479"}],"wp:attachment":[{"href":"https:\/\/lunter.webgate.codes\/sk\/wp-json\/wp\/v2\/media?parent=2242"}],"wp:term":[{"taxonomy":"product_type","embeddable":true,"href":"https:\/\/lunter.webgate.codes\/sk\/wp-json\/wp\/v2\/product_type?post=2242"}],"curies":[{"name":"wp","href":"https:\/\/api.w.org\/{rel}","templated":true}]}}