{"id":2241,"date":"2025-04-11T15:46:52","date_gmt":"2025-04-11T13:46:52","guid":{"rendered":"https:\/\/lunter.webgate.codes\/products\/mexican-spread-100\/"},"modified":"2025-04-14T21:06:28","modified_gmt":"2025-04-14T19:06:28","slug":"mexican-spread-100","status":"publish","type":"product","link":"https:\/\/lunter.webgate.codes\/sk\/produkty\/mexican-spread-100\/","title":{"rendered":"MEXICK\u00c1 N\u00c1TIERKA"},"content":{"rendered":"<p>Fiesta pre tvoje chu\u0165ov\u00e9 poh\u00e1riky! Mexick\u00e1 je jeden z na\u0161ich bestsellerov a zamiluje\u0161 si ju najm\u00e4 pre jej jemne pikantn\u00fd chili n\u00e1dych. T\u00e1to n\u00e1tierka dod\u00e1 tvojmu d\u0148u ten spr\u00e1vny \u0161mrnc, sta\u010d\u00ed ju natrie\u0165 a vychutn\u00e1va\u0165. Natieraj a vychutn\u00e1vaj, napr\u00edklad aj rovno z \u010drievka.<\/p>\n","protected":false},"featured_media":301,"template":"","product_type":[186],"class_list":["post-2241","product","type-product","status-publish","has-post-thumbnail","hentry","product_type-crievka"],"acf":{"product_show_in_compact":"1","product_tagline":"Natieraj s l\u00e1skou","products_weight":"100g","product_ornament_type":"brush_thin","product_ornament_color":"#EA8373","benefit_icons":["no-preservatives","source-of-protein","gluten-free"],"protein_amount":"","product_details":{"ingredients":"voda, 32 % tofu (s\u00f3jov\u00e9 b\u00f4by, voda), repkov\u00fd olej, okara (voda, s\u00f3jov\u00e9 b\u00f4by), su\u0161en\u00e9 potravin\u00e1rske dro\u017edie, kukuri\u010dn\u00fd \u0161krob, cibu\u013ea, 1,7 % paprikov\u00e9 vlo\u010dky \u010derven\u00e9 a zelen\u00e9, so\u013e, zmes koren\u00edn, 0,3 % \u010dili. M\u00f4\u017ee obsahova\u0165 hor\u010dicu.","packaging_image":1078,"nutritional_values":"<table class=\"nutritional-table\">\r\n<tbody>\r\n<tr>\r\n<th colspan=\"2\">V\u00fd\u017eivov\u00e9 \u00fadaje na 100 g<\/th>\r\n<\/tr>\r\n<tr>\r\n<td>Energia<\/td>\r\n<td>729 kJ\/176 kcal<\/td>\r\n<\/tr>\r\n<tr>\r\n<td>Tuky<\/td>\r\n<td>13 g<\/td>\r\n<\/tr>\r\n<tr>\r\n<td>\u2013 z toho nas\u00fdten\u00e9 mastn\u00e9 kyseliny<\/td>\r\n<td>1,1 g<\/td>\r\n<\/tr>\r\n<tr>\r\n<td>Sacharidy<\/td>\r\n<td>6,5 g<\/td>\r\n<\/tr>\r\n<tr>\r\n<td>\u2013 z toho cukry<\/td>\r\n<td>0,7 g<\/td>\r\n<\/tr>\r\n<tr>\r\n<td>Vl\u00e1knina<\/td>\r\n<td>2,3 g<\/td>\r\n<\/tr>\r\n<tr>\r\n<td>Bielkoviny<\/td>\r\n<td>7,0 g<\/td>\r\n<\/tr>\r\n<tr>\r\n<td>So\u013e<\/td>\r\n<td>1,3 g<\/td>\r\n<\/tr>\r\n<\/tbody>\r\n<\/table>"},"product_benefits":{"benefit_image":null,"benefit_1":"Vyroben\u00e9 s l\u00e1skou","benefit_2":"Praktick\u00e9 balenie","benefit_3":"Dokonale vyv\u00e1\u017een\u00e1 chu\u0165","benefit_4":"Len pr\u00edrodn\u00e9 ingrediencie"}},"_links":{"self":[{"href":"https:\/\/lunter.webgate.codes\/sk\/wp-json\/wp\/v2\/product\/2241","targetHints":{"allow":["GET"]}}],"collection":[{"href":"https:\/\/lunter.webgate.codes\/sk\/wp-json\/wp\/v2\/product"}],"about":[{"href":"https:\/\/lunter.webgate.codes\/sk\/wp-json\/wp\/v2\/types\/product"}],"wp:featuredmedia":[{"embeddable":true,"href":"https:\/\/lunter.webgate.codes\/sk\/wp-json\/wp\/v2\/media\/301"}],"wp:attachment":[{"href":"https:\/\/lunter.webgate.codes\/sk\/wp-json\/wp\/v2\/media?parent=2241"}],"wp:term":[{"taxonomy":"product_type","embeddable":true,"href":"https:\/\/lunter.webgate.codes\/sk\/wp-json\/wp\/v2\/product_type?post=2241"}],"curies":[{"name":"wp","href":"https:\/\/api.w.org\/{rel}","templated":true}]}}