{"id":2240,"date":"2025-04-11T15:46:52","date_gmt":"2025-04-11T13:46:52","guid":{"rendered":"https:\/\/lunter.webgate.codes\/products\/hummus-spread-100\/"},"modified":"2025-04-11T15:53:17","modified_gmt":"2025-04-11T13:53:17","slug":"hummus-spread-100","status":"publish","type":"product","link":"https:\/\/lunter.webgate.codes\/sk\/produkty\/hummus-spread-100\/","title":{"rendered":"HUMMUS N\u00c1TIERKA"},"content":{"rendered":"<p>\u013dah\u0161ia ako klasick\u00fd hummus, no st\u00e1le pln\u00e1 bielkov\u00edn z c\u00edceru. Jemn\u00e1, kr\u00e9mov\u00e1 a neodolate\u013ene lahodn\u00e1 &#8211; perfektn\u00e1 na chlieb, ako dip k zelenine alebo r\u00fdchly snack. Ke\u010f chce\u0161 nie\u010do zdrav\u00e9, ale nechce\u0161 robi\u0165 kompromisy v chuti, toto je t\u00e1 spr\u00e1vna vo\u013eba. Sta\u010d\u00ed otvori\u0165 a vychutna\u0165 si ka\u017ed\u00e9 s\u00fasto, napr\u00edklad aj rovno z \u010drievka.<\/p>\n","protected":false},"featured_media":281,"template":"","product_type":[186],"class_list":["post-2240","product","type-product","status-publish","has-post-thumbnail","hentry","product_type-crievka"],"acf":{"product_show_in_compact":"1","product_tagline":"Natieraj s l\u00e1skou","products_weight":"100g","product_ornament_type":"brush_thin","product_ornament_color":"#FAC377","benefit_icons":["no-preservatives","source-of-fiber","gluten-free"],"protein_amount":"","product_details":{"ingredients":"46 % c\u00edcer, repkov\u00fd olej, voda, jabl\u010dn\u00fd ocot, su\u0161en\u00fd cesnak, kukuri\u010dn\u00fd \u0161krob, so\u013e. M\u00f4\u017ee obsahova\u0165 s\u00f3jov\u00e9 b\u00f4by a hor\u010dicu.","packaging_image":1058,"nutritional_values":"<table class=\"nutritional-table\"><tbody><tr><th colspan=\"2\">V\u00fd\u017eivov\u00e9 \u00fadaje na 100 g<\/th><\/tr><tr><td>Energia<\/td><td>1243kJ\/300 kcal<\/td><\/tr><tr><td>Tuky<\/td><td>26g<\/td><\/tr><tr><td>\u2013 z toho nas\u00fdten\u00e9 mastn\u00e9 kyseliny<\/td><td>1,7 g<\/td><\/tr><tr><td>Sacharidy<\/td><td>11 g<\/td><\/tr><tr><td>\u2013 z toho cukry<\/td><td>0,5 g<\/td><\/tr><tr><td>Vl\u00e1knina<\/td><td>3,2 g<\/td><\/tr><tr><td>Bielkoviny<\/td><td>4,0 g<\/td><\/tr><tr><td>So\u013e<\/td><td>1,4 g<\/td><\/tr><\/tbody><\/table>"},"product_benefits":{"benefit_image":null,"benefit_1":"Vyroben\u00e9 s l\u00e1skou","benefit_2":"Praktick\u00e9 balenie","benefit_3":"Dokonale vyv\u00e1\u017een\u00e1 chu\u0165","benefit_4":"Len pr\u00edrodn\u00e9 ingrediencie"}},"_links":{"self":[{"href":"https:\/\/lunter.webgate.codes\/sk\/wp-json\/wp\/v2\/product\/2240","targetHints":{"allow":["GET"]}}],"collection":[{"href":"https:\/\/lunter.webgate.codes\/sk\/wp-json\/wp\/v2\/product"}],"about":[{"href":"https:\/\/lunter.webgate.codes\/sk\/wp-json\/wp\/v2\/types\/product"}],"wp:featuredmedia":[{"embeddable":true,"href":"https:\/\/lunter.webgate.codes\/sk\/wp-json\/wp\/v2\/media\/281"}],"wp:attachment":[{"href":"https:\/\/lunter.webgate.codes\/sk\/wp-json\/wp\/v2\/media?parent=2240"}],"wp:term":[{"taxonomy":"product_type","embeddable":true,"href":"https:\/\/lunter.webgate.codes\/sk\/wp-json\/wp\/v2\/product_type?post=2240"}],"curies":[{"name":"wp","href":"https:\/\/api.w.org\/{rel}","templated":true}]}}