{"id":2239,"date":"2025-04-11T15:46:52","date_gmt":"2025-04-11T13:46:52","guid":{"rendered":"https:\/\/lunter.webgate.codes\/products\/french-spread-100\/"},"modified":"2025-04-11T15:53:17","modified_gmt":"2025-04-11T13:53:17","slug":"french-spread-100","status":"publish","type":"product","link":"https:\/\/lunter.webgate.codes\/sk\/produkty\/french-spread-100\/","title":{"rendered":"FRANC\u00daZSKA N\u00c1TIERKA"},"content":{"rendered":"<p>Franc\u00fazska je l\u00e1ska! Prv\u00e1 tofu n\u00e1tierka, ktor\u00fa sme vytvorili. Ob\u013eubu si z\u00edskala v\u010faka svojej plnej, lahodnej chuti a vysok\u00e9mu obsahu rastlinn\u00fdch bielkov\u00edn. Ide\u00e1lna do sendvi\u010dov, na snacky alebo ako dip k \u010derstvej zelenine. Chutn\u00e1, v\u00fd\u017eivn\u00e1 a od za\u010diatku ob\u013e\u00faben\u00e1 medzi na\u0161imi Lunter\u00e1kmi.<\/p>\n","protected":false},"featured_media":246,"template":"","product_type":[186],"class_list":["post-2239","product","type-product","status-publish","has-post-thumbnail","hentry","product_type-crievka"],"acf":{"product_show_in_compact":"1","product_tagline":"Natieraj s l\u00e1skou","products_weight":"100g","product_ornament_type":"brush_thin","product_ornament_color":"#7CBECD","benefit_icons":["source-of-omega-3","source-of-fiber","source-of-protein"],"protein_amount":"","product_details":{"ingredients":"32 % tofu (s\u00f3jov\u00e9 b\u00f4by, voda), voda, okara (voda, s\u00f3jov\u00e9 b\u00f4by), 9 % cibu\u013ea, 6 % dro\u017edie (dro\u017edie, ja\u010dmenn\u00fd sladov\u00fd extrakt), repkov\u00fd olej, \u0161krob, hor\u010dica (voda, hor\u010di\u010dn\u00e9 semeno, ocot, cukor, so\u013e, koreniny), so\u013e","packaging_image":1053,"nutritional_values":"<table class=\"nutritional-table\"><tbody><tr><th colspan=\"2\">V\u00fd\u017eivov\u00e9 \u00fadaje na 100 g<\/th><\/tr><tr><td>Energia<\/td><td>564 kJ\/136 kcal<\/td><\/tr><tr><td>Tuky<\/td><td>9,0 g<\/td><\/tr><tr><td>z toho nas\u00fdten\u00e9 mastn\u00e9 kyseliny<\/td><td>0,8 g<\/td><\/tr><tr><td>Sacharidy<\/td><td>3,3 g<\/td><\/tr><tr><td>z toho cukry<\/td><td><0,5<\/td><\/tr><tr><td>Vl\u00e1knina<\/td><td>3,8 g<\/td><\/tr><tr><td>Bielkoviny<\/td><td>8,5 g<\/td><\/tr><tr><td>So\u013e<\/td><td>1,1 g<\/td><\/tr><tr><td>Omega-3 mastn\u00e9 kyseliny<\/td><td>0,41 g\/100 g<\/td><\/tr><tr><td>Kyselina \u03b1-linol\u00e9nov\u00e1 (ALA)<\/td><td>0,40 g\/100 g<\/td><\/tr><\/tbody><\/table><p class=\"note\">ALA prispieva k udr\u017eaniu norm\u00e1lnej hladiny cholesterolu v krvi, \u00fa\u010dinn\u00e1 d\u00e1vka: 2 g\/24 h.<\/p>"},"product_benefits":{"benefit_image":null,"benefit_1":"Vyroben\u00e9 s l\u00e1skou","benefit_2":"Praktick\u00e9 balenie","benefit_3":"Dokonale vyv\u00e1\u017een\u00e1 chu\u0165","benefit_4":"Len pr\u00edrodn\u00e9 ingrediencie"}},"_links":{"self":[{"href":"https:\/\/lunter.webgate.codes\/sk\/wp-json\/wp\/v2\/product\/2239","targetHints":{"allow":["GET"]}}],"collection":[{"href":"https:\/\/lunter.webgate.codes\/sk\/wp-json\/wp\/v2\/product"}],"about":[{"href":"https:\/\/lunter.webgate.codes\/sk\/wp-json\/wp\/v2\/types\/product"}],"wp:featuredmedia":[{"embeddable":true,"href":"https:\/\/lunter.webgate.codes\/sk\/wp-json\/wp\/v2\/media\/246"}],"wp:attachment":[{"href":"https:\/\/lunter.webgate.codes\/sk\/wp-json\/wp\/v2\/media?parent=2239"}],"wp:term":[{"taxonomy":"product_type","embeddable":true,"href":"https:\/\/lunter.webgate.codes\/sk\/wp-json\/wp\/v2\/product_type?post=2239"}],"curies":[{"name":"wp","href":"https:\/\/api.w.org\/{rel}","templated":true}]}}