{"id":2238,"date":"2025-04-11T15:46:46","date_gmt":"2025-04-11T13:46:46","guid":{"rendered":"https:\/\/lunter.webgate.codes\/products\/chickpea-spread-100\/"},"modified":"2025-04-11T15:53:09","modified_gmt":"2025-04-11T13:53:09","slug":"chickpea-spread-100","status":"publish","type":"product","link":"https:\/\/lunter.webgate.codes\/sk\/produkty\/chickpea-spread-100\/","title":{"rendered":"C\u00cdCEROV\u00c1 N\u00c1TIERKA"},"content":{"rendered":"<p>Tvoj chlieb si zasl\u00fa\u017ei viac, ne\u017e len oby\u010dajn\u00e9 maslo. Na\u0161a Lunter C\u00edcerov\u00e1 n\u00e1tierka je kr\u00e9mov\u00e1, 100 % rastlinn\u00e1 a pln\u00e1 bielkov\u00edn, pripraven\u00e1 obohati\u0165 tvoje sendvi\u010de, snacky aj polno\u010dn\u00e9 v\u00fdpravy do chladni\u010dky. \u017diadne zbyto\u010dnosti, \u017eiadna n\u00e1maha \u2013 len lahodn\u00e1 kombin\u00e1cia tofu a c\u00edceru, ktor\u00fa sta\u010d\u00ed natrie\u0165 a vychutna\u0165. Pokojne aj rovno z \u010drievka.<\/p>\n","protected":false},"featured_media":216,"template":"","product_type":[186],"class_list":["post-2238","product","type-product","status-publish","has-post-thumbnail","hentry","product_type-crievka"],"acf":{"product_show_in_compact":"1","product_tagline":"Natieraj s l\u00e1skou","products_weight":"100g","product_ornament_type":"brush_thin","product_ornament_color":"#E4C083","benefit_icons":["source-of-protein","gluten-free","no-preservatives"],"protein_amount":"","product_details":{"ingredients":"46 % c\u00edcer, 26 % tofu (s\u00f3jov\u00e9 b\u00f4by, voda), voda, repkov\u00fd olej, cibu\u013ea, so\u013e, kukuri\u010dn\u00fd \u0161krob, cesnak. M\u00f4\u017ee obsahova\u0165 hor\u010dicu.","packaging_image":1038,"nutritional_values":"<table class=\"nutritional-table\"><tbody><tr><th colspan=\"2\">V\u00fd\u017eivov\u00e9 \u00fadaje na 100 g<\/th><\/tr><tr><td>Energia<\/td><td>743 kJ\/179 kcal<\/td><\/tr><tr><td>Tuky<\/td><td>13 g<\/td><\/tr><tr><td>\u2013 z toho nas\u00fdten\u00e9 mastn\u00e9 kyseliny<\/td><td>1,0 g<\/td><\/tr><tr><td>Sacharidy<\/td><td>8,5 g<\/td><\/tr><tr><td>\u2013 z toho cukry<\/td><td>< 0,5 g<\/td><\/tr><tr><td>Vl\u00e1knina<\/td><td>2,3 g<\/td><\/tr><tr><td>Bielkoviny<\/td><td>5,8 g<\/td><\/tr><tr><td>So\u013e<\/td><td>1,1 g<\/td><\/tr><\/tbody><\/table>"},"product_benefits":{"benefit_image":null,"benefit_1":"Vyroben\u00e9 s l\u00e1skou","benefit_2":"Praktick\u00e9 balenie","benefit_3":"Dokonale vyv\u00e1\u017een\u00e1 chu\u0165","benefit_4":"Len pr\u00edrodn\u00e9 ingrediencie"}},"_links":{"self":[{"href":"https:\/\/lunter.webgate.codes\/sk\/wp-json\/wp\/v2\/product\/2238","targetHints":{"allow":["GET"]}}],"collection":[{"href":"https:\/\/lunter.webgate.codes\/sk\/wp-json\/wp\/v2\/product"}],"about":[{"href":"https:\/\/lunter.webgate.codes\/sk\/wp-json\/wp\/v2\/types\/product"}],"wp:featuredmedia":[{"embeddable":true,"href":"https:\/\/lunter.webgate.codes\/sk\/wp-json\/wp\/v2\/media\/216"}],"wp:attachment":[{"href":"https:\/\/lunter.webgate.codes\/sk\/wp-json\/wp\/v2\/media?parent=2238"}],"wp:term":[{"taxonomy":"product_type","embeddable":true,"href":"https:\/\/lunter.webgate.codes\/sk\/wp-json\/wp\/v2\/product_type?post=2238"}],"curies":[{"name":"wp","href":"https:\/\/api.w.org\/{rel}","templated":true}]}}