{"id":2237,"date":"2025-04-11T15:46:46","date_gmt":"2025-04-11T13:46:46","guid":{"rendered":"https:\/\/lunter.webgate.codes\/products\/sausages-spicy-200\/"},"modified":"2025-04-11T15:53:09","modified_gmt":"2025-04-11T13:53:09","slug":"sausages-spicy-200","status":"publish","type":"product","link":"https:\/\/lunter.webgate.codes\/sk\/produkty\/sausages-spicy-200\/","title":{"rendered":"SAUSAGES PIKANTN\u00c9"},"content":{"rendered":"<p>Lunter Spicy Sausages prin\u00e1\u0161aj\u00fa lahodn\u00fa, \u00faden\u00fa chu\u0165, ktor\u00e1 sa skvele hod\u00ed na grilovanie, opekanie na panvici alebo jednoducho k pe\u010divu. S\u00fa bohat\u00e9 na bielkoviny, neobsahuj\u00fa cholesterol a s\u00fa ide\u00e1lnou vo\u013ebou pre r\u00fdchle a chutn\u00e9 jedlo. Perfektn\u00e9 na ka\u017ed\u00fa pr\u00edle\u017eitos\u0165 \u2013 bez starost\u00ed, len skvel\u00e1 chu\u0165 pripraven\u00e1 doda\u0165 ti energiu na cel\u00fd de\u0148.<\/p>\n","protected":false},"featured_media":444,"template":"","product_type":[61],"class_list":["post-2237","product","type-product","status-publish","has-post-thumbnail","hentry","product_type-sausages-sk"],"acf":{"product_show_in_compact":"1","product_tagline":"Ide\u00e1lne na gril, panvicu aj do pe\u010diva","products_weight":"200g","product_ornament_type":"leafs","product_ornament_color":"#9DA600","benefit_icons":["gluten-free","source-of-protein","non-gmo-soybeans"],"protein_amount":"","product_details":{"ingredients":"55 % tofu (57 % s\u00f3jov\u00e9 b\u00f4by, voda) voda, repkov\u00fd olej, hrachov\u00e1 bielkovina, slne\u010dni- cov\u00e1 bielkovina, bezglut\u00e9nov\u00e1 s\u00f3jov\u00e1 om\u00e1\u010dka (voda, fermentovan\u00e9 s\u00f3jo- v\u00e9 b\u00f4by, fermentovan\u00e1 p\u0161enica, so\u013e), su\u0161en\u00e1 cibu\u013ea, su\u0161en\u00fd cesnak, so\u013e, zmes koren\u00edn a extraktov koren\u00edn, fermentovan\u00e1 ry\u017ea, pr\u00edrodn\u00e9 ar\u00f3my, za- hus\u0165ovadl\u00e1: konjak, karag\u00e9nan, metylcelul\u00f3za, \u017eel\u00edruj\u00faca l\u00e1tka: chlorid dra- seln\u00fd, antioxidant: kyselina askorbov\u00e1","packaging_image":1093,"nutritional_values":"<table class=\"nutritional-table\"><tbody><tr><th colspan=\"2\">V\u00fd\u017eivov\u00e9 \u00fadaje na 100g<\/th><\/tr><tr><td>Energia<\/td><td>932 kJ\/225 kcal<\/td><\/tr><tr><td>Tuky<\/td><td>18 g<\/td><\/tr><tr><td>\u2013 z toho nas\u00fdten\u00e9 mastn\u00e9 kyseliny<\/td><td>1,4 g<\/td><\/tr><tr><td>Sacharidy<\/td><td>2,7 g<\/td><\/tr><tr><td>\u2013 z toho cukry<\/td><td><0,5 g<\/td><\/tr><tr><td>Vl\u00e1knina<\/td><td>2,0 g<\/td><\/tr><tr><td>Bielkoviny<\/td><td>12 g<\/td><\/tr><tr><td>So\u013e<\/td><td>1,5 g<\/td><\/tr><\/tbody><\/table>"},"product_benefits":{"benefit_image":null,"benefit_1":"Dokonale vyv\u00e1\u017een\u00e1 chu\u0165","benefit_2":"Vyroben\u00e9 s l\u00e1skou","benefit_3":"Griluj, opekaj, uvar","benefit_4":"Pripraven\u00e9 za p\u00e1r min\u00fat"}},"_links":{"self":[{"href":"https:\/\/lunter.webgate.codes\/sk\/wp-json\/wp\/v2\/product\/2237","targetHints":{"allow":["GET"]}}],"collection":[{"href":"https:\/\/lunter.webgate.codes\/sk\/wp-json\/wp\/v2\/product"}],"about":[{"href":"https:\/\/lunter.webgate.codes\/sk\/wp-json\/wp\/v2\/types\/product"}],"wp:featuredmedia":[{"embeddable":true,"href":"https:\/\/lunter.webgate.codes\/sk\/wp-json\/wp\/v2\/media\/444"}],"wp:attachment":[{"href":"https:\/\/lunter.webgate.codes\/sk\/wp-json\/wp\/v2\/media?parent=2237"}],"wp:term":[{"taxonomy":"product_type","embeddable":true,"href":"https:\/\/lunter.webgate.codes\/sk\/wp-json\/wp\/v2\/product_type?post=2237"}],"curies":[{"name":"wp","href":"https:\/\/api.w.org\/{rel}","templated":true}]}}