{"id":2235,"date":"2025-04-11T15:46:46","date_gmt":"2025-04-11T13:46:46","guid":{"rendered":"https:\/\/lunter.webgate.codes\/products\/quick-creations-grain-pie-190\/"},"modified":"2025-04-11T15:53:09","modified_gmt":"2025-04-11T13:53:09","slug":"quick-creations-grain-pie-190","status":"publish","type":"product","link":"https:\/\/lunter.webgate.codes\/sk\/produkty\/quick-creations-grain-pie-190\/","title":{"rendered":"QUICK CREATIONS TOFU JATERNICA"},"content":{"rendered":"<p>\u010cist\u00e9, jednoduch\u00e9, bez zbyto\u010dnost\u00ed. Pripraven\u00e9 na v\u0161etko, \u010do si v kuchyni vymysl\u00ed\u0161. Chce\u0161 ho marinova\u0165, grilova\u0165, mixova\u0165 do smoothie alebo prida\u0165 do kol\u00e1\u010da? \u017diadny probl\u00e9m. M\u00e1 neutr\u00e1lnu chu\u0165, ktor\u00e1 sa prisp\u00f4sob\u00ed ka\u017ed\u00e9mu receptu. Bohat\u00e9 na bielkoviny, \u013eahk\u00e9 na tr\u00e1venie, 100 % rastlinn\u00e9. Sta\u010d\u00ed otvori\u0165 a pusti\u0165 sa do varenia.<\/p>\n","protected":false},"featured_media":403,"template":"","product_type":[148],"class_list":["post-2235","product","type-product","status-publish","has-post-thumbnail","hentry","product_type-quick-creations-sk"],"acf":{"product_show_in_compact":"1","product_tagline":"R\u00fdchle, jednoduch\u00e9, chutn\u00e9","products_weight":"190g","product_ornament_type":"brush_thick","product_ornament_color":"#C7C982","benefit_icons":["source-of-protein","source-of-fiber","no-preservatives"],"protein_amount":"","product_details":{"ingredients":"38 % kvasen\u00e1 kapusta (70 % kapusta, so\u013e, koreniny), 33 % ja\u010dmenn\u00e9 kr\u00fapy, voda, repkov\u00fd olej, 4 % tofu (s\u00f3jov\u00e9 b\u00f4by, voda), p\u0161eni\u010dn\u00e1 bielkovina, cibu\u013ea, kukuri\u010dn\u00fd \u0161krob, cesnak, koreniny, so\u013e, dro\u017edie, fermentovan\u00e1 ry\u017ea. M\u00f4\u017ee obsahova\u0165 hor\u010dicu.","packaging_image":1143,"nutritional_values":"<table class=\"nutritional-table\"><tbody><tr><th colspan=\"2\">V\u00fd\u017eivov\u00e9 \u00fadaje na 100 g<\/th><\/tr><tr><td>Energia<\/td><td>671 kJ\/161 kcal<\/td><\/tr><tr><td>Tuky<\/td><td>9,1 g<\/td><\/tr><tr><td>\u2013 z toho nas\u00fdten\u00e9 mastn\u00e9 kyseliny<\/td><td>0,7 g<\/td><\/tr><tr><td>Sacharidy<\/td><td>12 g<\/td><\/tr><tr><td>\u2013 z toho cukry<\/td><td>0,5 g<\/td><\/tr><tr><td>Vl\u00e1knina<\/td><td>4,0 g<\/td><\/tr><tr><td>Bielkoviny<\/td><td>5,8 g<\/td><\/tr><tr><td>So\u013e<\/td><td>1,2 g<\/td><\/tr><\/tbody><\/table>"},"product_benefits":{"benefit_image":null,"benefit_1":"Pripraven\u00e9 za p\u00e1r min\u00fa\u0165","benefit_2":"Dokonale vyv\u00e1\u017een\u00e1 chu\u0165","benefit_3":"Vyroben\u00e9 s l\u00e1skou","benefit_4":"Len pr\u00edrodn\u00e9 ingrediencie"}},"_links":{"self":[{"href":"https:\/\/lunter.webgate.codes\/sk\/wp-json\/wp\/v2\/product\/2235","targetHints":{"allow":["GET"]}}],"collection":[{"href":"https:\/\/lunter.webgate.codes\/sk\/wp-json\/wp\/v2\/product"}],"about":[{"href":"https:\/\/lunter.webgate.codes\/sk\/wp-json\/wp\/v2\/types\/product"}],"wp:featuredmedia":[{"embeddable":true,"href":"https:\/\/lunter.webgate.codes\/sk\/wp-json\/wp\/v2\/media\/403"}],"wp:attachment":[{"href":"https:\/\/lunter.webgate.codes\/sk\/wp-json\/wp\/v2\/media?parent=2235"}],"wp:term":[{"taxonomy":"product_type","embeddable":true,"href":"https:\/\/lunter.webgate.codes\/sk\/wp-json\/wp\/v2\/product_type?post=2235"}],"curies":[{"name":"wp","href":"https:\/\/api.w.org\/{rel}","templated":true}]}}