{"id":2232,"date":"2025-04-11T15:46:46","date_gmt":"2025-04-11T13:46:46","guid":{"rendered":"https:\/\/lunter.webgate.codes\/products\/quick-creations-cabbage-pie-190\/"},"modified":"2025-04-11T15:53:09","modified_gmt":"2025-04-11T13:53:09","slug":"quick-creations-cabbage-pie-190","status":"publish","type":"product","link":"https:\/\/lunter.webgate.codes\/sk\/produkty\/quick-creations-cabbage-pie-190\/","title":{"rendered":"QUICK CREATIONS TOFU KOLO\u017dV\u00c1RSKA"},"content":{"rendered":"<p>Miluje\u0161 tradi\u010dn\u00e9 jedl\u00e1, no potrebuje\u0161 od\u013eah\u010di\u0165 svoj jed\u00e1lni\u010dek? Lunter Quick Creations Kolo\u017ev\u00e1rska je tvoja z\u00e1chrana. Vyroben\u00e1 z kvalitn\u00fdch ingredienci\u00ed kombinuje chute kyslej kapusty,<\/p>\n","protected":false},"featured_media":398,"template":"","product_type":[148],"class_list":["post-2232","product","type-product","status-publish","has-post-thumbnail","hentry","product_type-quick-creations-sk"],"acf":{"product_show_in_compact":"1","product_tagline":"R\u00fdchle, jednoduch\u00e9, chutn\u00e9","products_weight":"190g","product_ornament_type":"brush_thick","product_ornament_color":"#B28A74","benefit_icons":["source-of-protein","no-preservatives","no-artificial-colors"],"protein_amount":"","product_details":{"ingredients":"voda, 14 % ja\u010dmenn\u00e9 kr\u00fapy, repkov\u00fd olej, 7 % tofu (s\u00f3jov\u00e9 b\u00f4by, voda), p\u0161eni\u010dn\u00e1 bielkovina, cibu\u013ea, kukuri\u010dn\u00fd \u0161krob, cesnak, dro\u017edie, so\u013e, fermentovan\u00e1 ry\u017ea, koreniny. M\u00f4\u017ee obsahova\u0165 hor\u010dicu.","packaging_image":1138,"nutritional_values":"<table class=\"nutritional-table\"><tbody><tr><th colspan=\"2\">V\u00fd\u017eivov\u00e9 \u00fadaje na 100 g<\/th><\/tr><tr><td>Energia<\/td><td>869 kJ\/208 kcal<\/td><\/tr><tr><td>Tuky<\/td><td>11g<\/td><\/tr><tr><td>\u2013 z toho nas\u00fdten\u00e9 mastn\u00e9 kyseliny<\/td><td>0,8g<\/td><\/tr><tr><td>Sacharidy<\/td><td>17g<\/td><\/tr><tr><td>\u2013 z toho cukry<\/td><td><0,5g<\/td><\/tr><tr><td>Vl\u00e1knina<\/td><td>2,7g<\/td><\/tr><tr><td>Bielkoviny<\/td><td>8,9g<\/td><\/tr><tr><td>So\u013e<\/td><td>1,4g<\/td><\/tr><\/tbody><\/table>"},"product_benefits":{"benefit_image":null,"benefit_1":"Pripraven\u00e9 za p\u00e1r min\u00fa\u0165","benefit_2":"Dokonale vyv\u00e1\u017een\u00e1 chu\u0165","benefit_3":"Vyroben\u00e9 s l\u00e1skou","benefit_4":"Len pr\u00edrodn\u00e9 ingrediencie"}},"_links":{"self":[{"href":"https:\/\/lunter.webgate.codes\/sk\/wp-json\/wp\/v2\/product\/2232","targetHints":{"allow":["GET"]}}],"collection":[{"href":"https:\/\/lunter.webgate.codes\/sk\/wp-json\/wp\/v2\/product"}],"about":[{"href":"https:\/\/lunter.webgate.codes\/sk\/wp-json\/wp\/v2\/types\/product"}],"wp:featuredmedia":[{"embeddable":true,"href":"https:\/\/lunter.webgate.codes\/sk\/wp-json\/wp\/v2\/media\/398"}],"wp:attachment":[{"href":"https:\/\/lunter.webgate.codes\/sk\/wp-json\/wp\/v2\/media?parent=2232"}],"wp:term":[{"taxonomy":"product_type","embeddable":true,"href":"https:\/\/lunter.webgate.codes\/sk\/wp-json\/wp\/v2\/product_type?post=2232"}],"curies":[{"name":"wp","href":"https:\/\/api.w.org\/{rel}","templated":true}]}}