{"id":2231,"date":"2025-04-11T15:46:46","date_gmt":"2025-04-11T13:46:46","guid":{"rendered":"https:\/\/lunter.webgate.codes\/products\/salad-tofu-greek-style-mild-chilli-300\/"},"modified":"2025-04-14T20:50:34","modified_gmt":"2025-04-14T18:50:34","slug":"salad-tofu-greek-style-mild-chilli-300","status":"publish","type":"product","link":"https:\/\/lunter.webgate.codes\/sk\/produkty\/salad-tofu-greek-style-mild-chilli-300\/","title":{"rendered":"SALAD TOFU GREEK STYLE MILD CHILLI"},"content":{"rendered":"<p>Ide\u00e1lna rovnov\u00e1ha pikantnosti a slanosti. Chu\u0165ovo vyv\u00e1\u017een\u00e9, pripraven\u00e9 o\u017eivi\u0165 nudn\u00e9 \u0161al\u00e1ty, sendvi\u010de \u010di wrapy. Je perfektn\u00e9 aj samostatne ako prote\u00ednom nabit\u00fd snack. Vy\u010daruje\u0161 z neho za p\u00e1r min\u00fat nielen chutn\u00e9, ale aj na poh\u013ead kr\u00e1sne  pre ne\u010dakan\u00fa n\u00e1v\u0161tevu. Po ope\u010den\u00ed pripom\u00edna svojou v\u0155zgavou \u0161trukt\u00farou ob\u013e\u00faben\u00fd syr na grilovanie. Potrebuje\u0161 jemnej\u0161iu chu\u0165? Namo\u010d ho do vody a je to. Ready to eat, ready to love!<\/p>\n","protected":false},"featured_media":609,"template":"","product_type":[180],"class_list":["post-2231","product","type-product","status-publish","has-post-thumbnail","hentry","product_type-salad-tofu-sk"],"acf":{"product_show_in_compact":"1","product_tagline":"\u013dahkos\u0165 v ka\u017edom s\u00faste","products_weight":"300g","product_ornament_type":"cube","product_ornament_color":"#DD7B6C","benefit_icons":["number-protein","non-gmo-soybeans","source-of-calcium"],"protein_amount":"30","product_details":{"ingredients":"77% tofu (88% s\u00f3jov\u00e9 b\u00f4by, voda, cesnak, 0,9% \u010dili, v\u00e1pnik), 23% slan\u00fd n\u00e1lev (voda, so\u013e).","packaging_image":1158,"nutritional_values":"<table class=\"nutritional-table\">\r\n<tbody>\r\n<tr>\r\n<th colspan=\"2\">V\u00fd\u017eivov\u00e9 \u00fadaje na 100 g<\/th>\r\n<\/tr>\r\n<tr>\r\n<td>Energia<\/td>\r\n<td>558 kJ\/134 kcal<\/td>\r\n<\/tr>\r\n<tr>\r\n<td>Tuky<\/td>\r\n<td>8,0 g<\/td>\r\n<\/tr>\r\n<tr>\r\n<td>\u2013 z toho nas\u00fdten\u00e9 mastn\u00e9 kyseliny<\/td>\r\n<td>1,5 g<\/td>\r\n<\/tr>\r\n<tr>\r\n<td>Sacharidy<\/td>\r\n<td>1,6 g<\/td>\r\n<\/tr>\r\n<tr>\r\n<td>\u2013 z toho cukry<\/td>\r\n<td>1,0 g<\/td>\r\n<\/tr>\r\n<tr>\r\n<td>Bielkoviny<\/td>\r\n<td>13 g<\/td>\r\n<\/tr>\r\n<tr>\r\n<td>So\u013e<\/td>\r\n<td>3,1 g<\/td>\r\n<\/tr>\r\n<tr>\r\n<td>V\u00e1pnik<\/td>\r\n<td>275 mg**<\/td>\r\n<\/tr>\r\n<\/tbody>\r\n<\/table>\r\n<p class=\"note\">**34% NRV (referen\u010dn\u00e9 v\u00fd\u017eivov\u00e9 hodnoty)<\/p>"},"product_benefits":{"benefit_image":null,"benefit_1":"Vyroben\u00e9 s l\u00e1skou","benefit_2":"Ope\u010d ho alebo ho\u010f do \u0161al\u00e1tu","benefit_3":"\u010cist\u00e9 & kvalitn\u00e9 ingrediencie","benefit_4":"\u013dahk\u00e9 & v\u00fd\u017eivn\u00e9"}},"_links":{"self":[{"href":"https:\/\/lunter.webgate.codes\/sk\/wp-json\/wp\/v2\/product\/2231","targetHints":{"allow":["GET"]}}],"collection":[{"href":"https:\/\/lunter.webgate.codes\/sk\/wp-json\/wp\/v2\/product"}],"about":[{"href":"https:\/\/lunter.webgate.codes\/sk\/wp-json\/wp\/v2\/types\/product"}],"wp:featuredmedia":[{"embeddable":true,"href":"https:\/\/lunter.webgate.codes\/sk\/wp-json\/wp\/v2\/media\/609"}],"wp:attachment":[{"href":"https:\/\/lunter.webgate.codes\/sk\/wp-json\/wp\/v2\/media?parent=2231"}],"wp:term":[{"taxonomy":"product_type","embeddable":true,"href":"https:\/\/lunter.webgate.codes\/sk\/wp-json\/wp\/v2\/product_type?post=2231"}],"curies":[{"name":"wp","href":"https:\/\/api.w.org\/{rel}","templated":true}]}}