{"id":2230,"date":"2025-04-11T15:46:46","date_gmt":"2025-04-11T13:46:46","guid":{"rendered":"https:\/\/lunter.webgate.codes\/products\/salad-tofu-greek-style-natural-300\/"},"modified":"2025-04-11T15:53:09","modified_gmt":"2025-04-11T13:53:09","slug":"salad-tofu-greek-style-natural-300","status":"publish","type":"product","link":"https:\/\/lunter.webgate.codes\/sk\/produkty\/salad-tofu-greek-style-natural-300\/","title":{"rendered":"SALAD TOFU GREEK STYLE NATURAL"},"content":{"rendered":"<p>Je \u010dist\u00e9 a prirodzen\u00e9, no pripraven\u00e9 vytuni\u0165 nielen \u0161al\u00e1ty. Nepotrebuje \u017eiadne om\u00e1\u010dky. Lunter Salad tofu Greek style Natural je marinovan\u00e9 v slanom n\u00e1leve, pripraven\u00e9 na priamu konzum\u00e1ciu ako skvel\u00fd doplnok do \u0161al\u00e1tov, sendvi\u010dov a dokonca aj na r\u00fdchle ope\u010denie. Po ope\u010den\u00ed pripom\u00edna svojou v\u0155zgavou \u0161trukt\u00farou ob\u013e\u00faben\u00fd syr na grilovanie. Potrebuje\u0161 jemnej\u0161iu chu\u0165? Namo\u010d ho do vody a je to. Ready to eat, ready to love!<\/p>\n","protected":false},"featured_media":614,"template":"","product_type":[180],"class_list":["post-2230","product","type-product","status-publish","has-post-thumbnail","hentry","product_type-salad-tofu-sk"],"acf":{"product_show_in_compact":"1","product_tagline":"\u013dahkos\u0165 v ka\u017edom s\u00faste","products_weight":"300g","product_ornament_type":"cube","product_ornament_color":"#AEDAD9","benefit_icons":["number-protein","non-gmo-soybeans","source-of-calcium"],"protein_amount":"30","product_details":{"ingredients":"77% tofu (90% s\u00f3jov\u00e9 b\u00f4by, voda, v\u00e1pnik), 23% slan\u00fd n\u00e1lev (voda, so\u013e)","packaging_image":1088,"nutritional_values":"<table class=\"nutritional-table\"><tbody><tr><th colspan=\"2\">V\u00fd\u017eivov\u00e9 \u00fadaje na 100 g<\/th><\/tr><tr><td>Energia<\/td><td>558 kJ\/134 kcal<\/td><\/tr><tr><td>Tuky<\/td><td>7,9 g<\/td><\/tr><tr><td>\u2013 z toho nas\u00fdten\u00e9 mastn\u00e9 kyseliny<\/td><td>1,5 g<\/td><\/tr><tr><td>Sacharidy<\/td><td>1,6 g<\/td><\/tr><tr><td>\u2013 z toho cukry<\/td><td>1,0 g<\/td><\/tr><tr><td>Bielkoviny<\/td><td>13 g<\/td><\/tr><tr><td>So\u013e<\/td><td>3,1 g<\/td><\/tr><tr><td>V\u00e1pnik<\/td><td>275 mg**<\/td><\/tr><\/tbody><\/table><p class=\"note\">**34 % NRV (referen\u010dn\u00e9 v\u00fd\u017eivov\u00e9 hodnoty)<\/p>"},"product_benefits":{"benefit_image":null,"benefit_1":"Vyroben\u00e9 s l\u00e1skou","benefit_2":"Ope\u010d ho alebo ho\u010f do \u0161al\u00e1tu","benefit_3":"\u010cist\u00e9 & kvalitn\u00e9 ingrediencie","benefit_4":"\u013dahk\u00e9 & v\u00fd\u017eivn\u00e9"}},"_links":{"self":[{"href":"https:\/\/lunter.webgate.codes\/sk\/wp-json\/wp\/v2\/product\/2230","targetHints":{"allow":["GET"]}}],"collection":[{"href":"https:\/\/lunter.webgate.codes\/sk\/wp-json\/wp\/v2\/product"}],"about":[{"href":"https:\/\/lunter.webgate.codes\/sk\/wp-json\/wp\/v2\/types\/product"}],"wp:featuredmedia":[{"embeddable":true,"href":"https:\/\/lunter.webgate.codes\/sk\/wp-json\/wp\/v2\/media\/614"}],"wp:attachment":[{"href":"https:\/\/lunter.webgate.codes\/sk\/wp-json\/wp\/v2\/media?parent=2230"}],"wp:term":[{"taxonomy":"product_type","embeddable":true,"href":"https:\/\/lunter.webgate.codes\/sk\/wp-json\/wp\/v2\/product_type?post=2230"}],"curies":[{"name":"wp","href":"https:\/\/api.w.org\/{rel}","templated":true}]}}