{"id":2228,"date":"2025-04-11T15:46:46","date_gmt":"2025-04-11T13:46:46","guid":{"rendered":"https:\/\/lunter.webgate.codes\/products\/salad-tofu-basil-180\/"},"modified":"2025-04-11T15:53:09","modified_gmt":"2025-04-11T13:53:09","slug":"salad-tofu-basil-180","status":"publish","type":"product","link":"https:\/\/lunter.webgate.codes\/sk\/produkty\/salad-tofu-basil-180\/","title":{"rendered":"SALAD TOFU BAZALKOV\u00c9"},"content":{"rendered":"<p>Bazalkov\u00e9, svie\u017ee, takmer ako taliansky v\u00e1nok na tanieri. Len bez dovolenky pri mori. Vychutnaj si ho v ob\u013e\u00fabenom \u0161al\u00e1te \u010di sendvi\u010di, priprav si z neho caprese bez cholesterolu, nastr\u00fahaj ho na cestoviny alebo zape\u010d na dom\u00e1cej pizzi \u010di v slanom kol\u00e1\u010di &#8211; kreativite sa v pou\u017eit\u00ed medze neklad\u00fa.<\/p>\n","protected":false},"featured_media":434,"template":"","product_type":[180],"class_list":["post-2228","product","type-product","status-publish","has-post-thumbnail","hentry","product_type-salad-tofu-sk"],"acf":{"product_show_in_compact":"1","product_tagline":"\u013dahkos\u0165 v ka\u017edom s\u00faste","products_weight":"180g","product_ornament_type":"cube","product_ornament_color":"#74A879","benefit_icons":["number-protein","non-gmo-soybeans","source-of-calcium"],"protein_amount":"23","product_details":{"ingredients":"57 % s\u00f3jov\u00e9 b\u00f4by, voda, so\u013e, 0,25 % bazalka su\u0161en\u00e1, v\u00e1pnik","packaging_image":1153,"nutritional_values":"<table class=\"nutritional-table\"><tbody><tr><th colspan=\"2\">V\u00fd\u017eivov\u00e9 \u00fadaje na 100g<\/th><\/tr><tr><td>Energia<\/td><td>537 kJ\/129 kcal<\/td><\/tr><tr><td>Tuky<\/td><td>7,5 g<\/td><\/tr><tr><td>\u2013 z toho nas\u00fdten\u00e9 mastn\u00e9 kyseliny<\/td><td>1,0 g<\/td><\/tr><tr><td>Sacharidy<\/td><td>1,8 g<\/td><\/tr><tr><td>\u2013 z toho cukry<\/td><td><0,5 g<\/td><\/tr><tr><td>Vl\u00e1knina<\/td><td>1,0 g<\/td><\/tr><tr><td>Bielkoviny<\/td><td>13 g<\/td><\/tr><tr><td>So\u013e<\/td><td>1,0 g<\/td><\/tr><tr><td>V\u00e1pnik<\/td><td>210 mg**<\/td><\/tr><\/tbody><\/table><p class=\"note\">**26 % NRV (NRV = referen\u010dn\u00e9 v\u00fd\u017eivov\u00e9 hodnoty)<\/p>"},"product_benefits":{"benefit_image":null,"benefit_1":"Vyroben\u00e9 s l\u00e1skou","benefit_2":"Ope\u010d ho alebo ho\u010f do \u0161al\u00e1tu","benefit_3":"\u010cist\u00e9 & kvalitn\u00e9 ingrediencie","benefit_4":"\u013dahk\u00e9 & v\u00fd\u017eivn\u00e9"}},"_links":{"self":[{"href":"https:\/\/lunter.webgate.codes\/sk\/wp-json\/wp\/v2\/product\/2228","targetHints":{"allow":["GET"]}}],"collection":[{"href":"https:\/\/lunter.webgate.codes\/sk\/wp-json\/wp\/v2\/product"}],"about":[{"href":"https:\/\/lunter.webgate.codes\/sk\/wp-json\/wp\/v2\/types\/product"}],"wp:featuredmedia":[{"embeddable":true,"href":"https:\/\/lunter.webgate.codes\/sk\/wp-json\/wp\/v2\/media\/434"}],"wp:attachment":[{"href":"https:\/\/lunter.webgate.codes\/sk\/wp-json\/wp\/v2\/media?parent=2228"}],"wp:term":[{"taxonomy":"product_type","embeddable":true,"href":"https:\/\/lunter.webgate.codes\/sk\/wp-json\/wp\/v2\/product_type?post=2228"}],"curies":[{"name":"wp","href":"https:\/\/api.w.org\/{rel}","templated":true}]}}