{"id":2226,"date":"2025-04-11T15:46:46","date_gmt":"2025-04-11T13:46:46","guid":{"rendered":"https:\/\/lunter.webgate.codes\/products\/tofu-marinated-seafoo-180\/"},"modified":"2025-04-11T15:53:09","modified_gmt":"2025-04-11T13:53:09","slug":"tofu-marinated-seafoo-180","status":"publish","type":"product","link":"https:\/\/lunter.webgate.codes\/sk\/produkty\/tofu-marinated-seafoo-180\/","title":{"rendered":"MARINOVAN\u00c9 SEAFOO TOFU"},"content":{"rendered":"<p>Nechaj sa un\u00e1\u0161a\u0165 na vln\u00e1ch oce\u00e1nu bez toho, aby si musel opusti\u0165 kuchy\u0148u s Lunter tofu Marinated Seafoo. Vytunen\u00e1 marin\u00e1da zo zmesi \u010dervenej repy, kap\u00e1r a k\u00f4pru zaru\u010duje svie\u017eu morsk\u00fa chu\u0165 a ru\u017eovkast\u00fd odtie\u0148. Sta\u010d\u00ed ho zapiec\u0165 s kvapkou citr\u00f3nu, nakr\u00e1ja\u0165 do ob\u013e\u00faben\u00e9ho pok\u00e9\u010dka, alebo zabali\u0165 do sushi, kreativite sa medze neklad\u00fa. A \u010do je na tom najlep\u0161ie? Dopln\u00ed ti bielkoviny, je bez cholesterolu a bez zbyto\u010dn\u00fdch konzerva\u010dn\u00fdch l\u00e1tok.<\/p>\n","protected":false},"featured_media":634,"template":"","product_type":[174],"class_list":["post-2226","product","type-product","status-publish","has-post-thumbnail","hentry","product_type-marinovane"],"acf":{"product_show_in_compact":"1","product_tagline":"Autentick\u00e1 chu\u0165 v ka\u017edom s\u00faste","products_weight":"180g","product_ornament_type":"splash","product_ornament_color":"#67ADC3","benefit_icons":["number-protein","non-gmo-soybeans","source-of-calcium"],"protein_amount":"25","product_details":{"ingredients":"88 % tofu (57 % s\u00f3jov\u00e9 b\u00f4by, voda, v\u00e1pnik), 12 % marin\u00e1da (voda, s\u00f3jov\u00e9 b\u00f4by, fermentovan\u00e1 p\u0161enica \u2013 neobsahuje glut\u00e9n, repkov\u00fd olej, \u010derven\u00e1 repa, kukuri\u010dn\u00fd \u0161krob, 2 % su\u0161en\u00e9 morsk\u00e9 riasy, kapary, citr\u00f3nov\u00e1 \u0161\u0165ava z koncentr\u00e1tu, cukor, so\u013e, ry\u017ea, k\u00f4por, kurkuma, ocot kvasn\u00fd liehov\u00fd)","packaging_image":1108,"nutritional_values":"<table class=\"nutritional-table\"><tbody><tr><th colspan=\"2\">V\u00fd\u017eivov\u00e9 \u00fadaje na 100g<\/th><\/tr><tr><td>Energia<\/td><td>584 kJ\/140 kcal<\/td><\/tr><tr><td>Tuky<\/td><td>8,3 g<\/td><\/tr><tr><td>\u2013 z toho nas\u00fdten\u00e9 mastn\u00e9 kyseliny<\/td><td>1,3 g<\/td><\/tr><tr><td>Sacharidy<\/td><td>1,8 g<\/td><\/tr><tr><td>\u2013 z toho cukry<\/td><td>0,5 g<\/td><\/tr><tr><td>Vl\u00e1knina<\/td><td>1,0 g<\/td><\/tr><tr><td>Bielkoviny<\/td><td>14 g<\/td><\/tr><tr><td>So\u013e<\/td><td>0,90 g<\/td><\/tr><tr><td>V\u00e1pnik<\/td><td>210 mg**<\/td><\/tr><\/tbody><\/table><p class=\"note\">**26 % NRV (NRV = referen\u010dn\u00e9 v\u00fd\u017eivov\u00e9 hodnoty)<\/p>"},"product_benefits":{"benefit_image":null,"benefit_1":"Dokonale vyv\u00e1\u017een\u00e1 chu\u0165","benefit_2":"Vyroben\u00e9 s l\u00e1skou","benefit_3":"Hotov\u00e9 za p\u00e1r min\u00fat","benefit_4":"Opekaj, griluj, zape\u010d"}},"_links":{"self":[{"href":"https:\/\/lunter.webgate.codes\/sk\/wp-json\/wp\/v2\/product\/2226","targetHints":{"allow":["GET"]}}],"collection":[{"href":"https:\/\/lunter.webgate.codes\/sk\/wp-json\/wp\/v2\/product"}],"about":[{"href":"https:\/\/lunter.webgate.codes\/sk\/wp-json\/wp\/v2\/types\/product"}],"wp:featuredmedia":[{"embeddable":true,"href":"https:\/\/lunter.webgate.codes\/sk\/wp-json\/wp\/v2\/media\/634"}],"wp:attachment":[{"href":"https:\/\/lunter.webgate.codes\/sk\/wp-json\/wp\/v2\/media?parent=2226"}],"wp:term":[{"taxonomy":"product_type","embeddable":true,"href":"https:\/\/lunter.webgate.codes\/sk\/wp-json\/wp\/v2\/product_type?post=2226"}],"curies":[{"name":"wp","href":"https:\/\/api.w.org\/{rel}","templated":true}]}}