{"id":2225,"date":"2025-04-11T15:46:46","date_gmt":"2025-04-11T13:46:46","guid":{"rendered":"https:\/\/lunter.webgate.codes\/products\/tofu-marinated-teriyaki-180\/"},"modified":"2025-04-14T13:08:37","modified_gmt":"2025-04-14T11:08:37","slug":"tofu-marinated-teriyaki-180","status":"publish","type":"product","link":"https:\/\/lunter.webgate.codes\/sk\/produkty\/tofu-marinated-teriyaki-180\/","title":{"rendered":"MARINOVAN\u00c9 TERIYAKI TOFU"},"content":{"rendered":"<p>Prenes sa do \u00c1zie s na\u0161\u00edm Lunter tofu Marinated v sladkastej teriyaki marin\u00e1de. Nem\u00e1\u0161 \u010das ani energiu na zlo\u017eit\u00e9 varenie? Na\u0161e tofu z rady Marinated s\u00fa u\u017e vopred marinovan\u00e9m tak\u017ee si s nimi priprav\u00ed\u0161 za p\u00e1r min\u00fat s\u00fdte jedlo pln\u00e9 exotick\u00fdch chut\u00ed. Navy\u0161e, je to 100 % rastlinn\u00e1 dobrota, bez cholesterolu a konzervantov. S vysok\u00fdm obsahom bielkov\u00edn a v\u00e1pnika podpor\u00ed\u0161 svoje telo a z\u00e1rove\u0148 si pochut\u00ed\u0161. Kto povedal, \u017ee r\u00fdchle jedlo nem\u00f4\u017ee by\u0165 zdrav\u00e9 a chutn\u00e9 z\u00e1rove\u0148?<\/p>\n","protected":false},"featured_media":564,"template":"","product_type":[174],"class_list":["post-2225","product","type-product","status-publish","has-post-thumbnail","hentry","product_type-marinovane"],"acf":{"product_show_in_compact":"1","product_tagline":"Autentick\u00e1 chu\u0165 v ka\u017edom s\u00faste","products_weight":"180g","product_ornament_type":"splash","product_ornament_color":"#7E75AE","benefit_icons":["number-protein","non-gmo-soybeans","source-of-calcium"],"protein_amount":"25","product_details":{"ingredients":"88 % tofu (57 % s\u00f3jov\u00e9 b\u00f4by, voda, v\u00e1pnik), 12 % marin\u00e1da (voda, fermentovan\u00e9 s\u00f3jov\u00e9 b\u00f4by, fermentovan\u00e1 p\u0161enica \u2013 bez glut\u00e9nu, cukor, so\u013e, ry\u017eov\u00fd ocot, \u0161krob, cibu\u013ea, cesnak, z\u00e1zvor, anan\u00e1sov\u00e9 pyr\u00e9)","packaging_image":1183,"nutritional_values":"<table class=\"nutritional-table\">\r\n<tbody>\r\n<tr>\r\n<th colspan=\"2\">V\u00fd\u017eivov\u00e9 \u00fadaje na 100g<\/th>\r\n<\/tr>\r\n<tr>\r\n<td>Energia<\/td>\r\n<td>576 kJ\/138 kcal<\/td>\r\n<\/tr>\r\n<tr>\r\n<td>Tuky<\/td>\r\n<td>7,7 g<\/td>\r\n<\/tr>\r\n<tr>\r\n<td>\u2013 z toho nas\u00fdten\u00e9 mastn\u00e9 kyseliny<\/td>\r\n<td>1,2 g<\/td>\r\n<\/tr>\r\n<tr>\r\n<td>Sacharidy<\/td>\r\n<td>2,1 g<\/td>\r\n<\/tr>\r\n<tr>\r\n<td>\u2013 z toho cukry<\/td>\r\n<td>1,9 g<\/td>\r\n<\/tr>\r\n<tr>\r\n<td>Vl\u00e1knina<\/td>\r\n<td>2,2 g<\/td>\r\n<\/tr>\r\n<tr>\r\n<td>Bielkoviny<\/td>\r\n<td>14 g<\/td>\r\n<\/tr>\r\n<tr>\r\n<td>So\u013e<\/td>\r\n<td>1,1 g<\/td>\r\n<\/tr>\r\n<tr>\r\n<td>V\u00e1pnik<\/td>\r\n<td>210 mg**<\/td>\r\n<\/tr>\r\n<\/tbody>\r\n<\/table>\r\n<p class=\"note\">**26 % NRV (NRV = referen\u010dn\u00e1 v\u00fd\u017eivov\u00e1 hodnota)<\/p>"},"product_benefits":{"benefit_image":null,"benefit_1":"Dokonale vyv\u00e1\u017een\u00e1 chu\u0165","benefit_2":"Vyroben\u00e9 s l\u00e1skou","benefit_3":"Hotov\u00e9 za p\u00e1r min\u00fat","benefit_4":"Opekaj, griluj, zape\u010d"}},"_links":{"self":[{"href":"https:\/\/lunter.webgate.codes\/sk\/wp-json\/wp\/v2\/product\/2225","targetHints":{"allow":["GET"]}}],"collection":[{"href":"https:\/\/lunter.webgate.codes\/sk\/wp-json\/wp\/v2\/product"}],"about":[{"href":"https:\/\/lunter.webgate.codes\/sk\/wp-json\/wp\/v2\/types\/product"}],"wp:featuredmedia":[{"embeddable":true,"href":"https:\/\/lunter.webgate.codes\/sk\/wp-json\/wp\/v2\/media\/564"}],"wp:attachment":[{"href":"https:\/\/lunter.webgate.codes\/sk\/wp-json\/wp\/v2\/media?parent=2225"}],"wp:term":[{"taxonomy":"product_type","embeddable":true,"href":"https:\/\/lunter.webgate.codes\/sk\/wp-json\/wp\/v2\/product_type?post=2225"}],"curies":[{"name":"wp","href":"https:\/\/api.w.org\/{rel}","templated":true}]}}