{"id":2314,"date":"2025-04-11T15:46:58","date_gmt":"2025-04-11T13:46:58","guid":{"rendered":"https:\/\/lunter.webgate.codes\/products\/multipack-spreads-french-mexican-smoked-creamy-3x100\/"},"modified":"2025-04-11T15:56:28","modified_gmt":"2025-04-11T13:56:28","slug":"multipack-spreads-french-mexican-smoked-creamy-3x100","status":"publish","type":"product","link":"https:\/\/lunter.webgate.codes\/cz\/produkty\/multipack-spreads-french-mexican-smoked-creamy-3x100\/","title":{"rendered":"POMAZ\u00c1NKY MULTIPACK &#8211; FRANCOUZSK\u00c1, MEXICK\u00c1, UZEN\u00c1 KR\u00c9MOV\u00c1"},"content":{"rendered":"<p>Hled\u00e1te po\u0159\u00e1dnou d\u00e1vku chuti? Objevte dokonalou kombinaci lahodn\u00fdch pomaz\u00e1nek v praktick\u00e9m multibalen\u00ed. A\u0165 u\u017e si z t\u00e9to trojice vyberete klasickou Francouzskou, pikantn\u00ed Mexickou nebo v\u00fdraznou lahodnost Uzen\u00e9 Kr\u00e9mov\u00e9, nejnov\u011bj\u0161\u00edho \u010dlena rodiny Lunter, v\u017edy si najdete n\u011bco pro sebe. Skv\u011bl\u00fd zp\u016fsob, jak objevit nov\u00e9 chut\u011b a vychutnat si to nejlep\u0161\u00ed z na\u0161ich pomaz\u00e1nek!<\/p>\n","protected":false},"featured_media":1704,"template":"","product_type":[244],"class_list":["post-2314","product","type-product","status-publish","has-post-thumbnail","hentry","product_type-multipacky-cz"],"acf":{"product_show_in_compact":"1","product_tagline":"V\u00edce mo\u017enost\u00ed. V\u00edce chuti. V\u00edce radosti.","products_weight":"3x100g","product_ornament_type":"cube","product_ornament_color":"#8BC3C1","benefit_icons":["non-gmo-soybeans","lactose-free","no-preservatives"],"protein_amount":"","product_details":{"ingredients":"<p><strong>FRANCOUZSK\u00c1<\/strong>: 32 % tofu (s\u00f3jov\u00e9 boby, voda), voda, okara (voda, s\u00f3jov\u00e9 boby), 9 % cibule, 6 % dro\u017ed\u00ed (dro\u017ed\u00ed, je\u010dn\u00fd sladov\u00fd extrakt), \u0159epkov\u00fd olej, \u0161krob, ho\u0159\u010dice (voda, ho\u0159\u010di\u010dn\u00e9 semeno, ocet, cukr, s\u016fl, ko\u0159en\u00ed), s\u016fl.<\/p><p><strong>MEXICK\u00c1<\/strong>: voda, 32 % tofu (s\u00f3jov\u00e9 boby, voda), \u0159epkov\u00fd olej, okara (voda, s\u00f3jov\u00e9 boby), su\u0161en\u00e9 potravin\u00e1\u0159sk\u00e9 dro\u017ed\u00ed, kuku\u0159i\u010dn\u00fd \u0161krob, cibule, 1,7 % paprikov\u00e9 vlo\u010dky \u010derven\u00e9 a zelen\u00e9, s\u016fl, sm\u011bs ko\u0159en\u00ed, 0,3 % chilli. M\u016f\u017ee obsahovat ho\u0159\u010dici.<\/p><p><strong>UZEN\u00c1 KR\u00c9MOV\u00c1<\/strong>: s\u00f3jov\u00fd n\u00e1poj (voda, s\u00f3jov\u00e9 boby), \u0159epkov\u00fd olej, 17 % uzen\u00e9 tofu (s\u00f3jov\u00e9 boby, voda, s\u016fl), voda, \u0161krob, dro\u017ed\u00ed, wor\u010destrov\u00e1 om\u00e1\u010dka (voda, s\u00f3jov\u00e9 boby, fermentovan\u00e1 p\u0161enice \u2013 neobsahuje lepek, ocet, cukr, raj\u010datov\u00e1 \u0161\u0165\u00e1va z koncentr\u00e1tu, s\u016fl, jable\u010dn\u00e1 \u0161\u0165\u00e1va z koncentr\u00e1tu, p\u0159\u00edrodn\u00ed aroma), s\u016fl, \u010desnek, kyselina: kyselina citronov\u00e1, uzen\u00e1 paprika. M\u016f\u017ee obsahovat ho\u0159\u010dici.<\/p>","packaging_image":2119,"nutritional_values":"<table class=\"nutritional-table\"><tbody><tr><th colspan=\"4\">V\u00fd\u017eivov\u00e9 \u00fadaje na 100 g<\/th><\/tr><tr><td>Energie<\/td><td>Francouzsk\u00e1<\/td><td>Mexick\u00e1<\/td><td>Uzen\u00e1 kr\u00e9mov\u00e1<\/td><\/tr><tr><td>Energie<\/td><td>564 kJ\/136 kcal<\/td><td>729 kJ\/176 kcal<\/td><td>1431 kJ\/347 kcal<\/td><\/tr><tr><td>Tuky<\/td><td>9,0 g<\/td><td>13 g<\/td><td>35 g<\/td><\/tr><tr><td>\u2013 z toho nasycen\u00e9 mastn\u00e9 kyseliny<\/td><td>0,8 g<\/td><td>1,1 g<\/td><td>2,5 g<\/td><\/tr><tr><td>Sacharidy<\/td><td>3,3 g<\/td><td>6,5 g<\/td><td>1,2 g<\/td><\/tr><tr><td>\u2013 z toho cukry<\/td><td><0,5 g<\/td><td>0,7 g<\/td><td>0,5 g<\/td><\/tr><tr><td>Vl\u00e1knina<\/td><td>3,8 g<\/td><td>2,3 g<\/td><td>2,0 g<\/td><\/tr><tr><td>B\u00edlkoviny<\/td><td>8,5 g<\/td><td>7,0 g<\/td><td>5,0 g<\/td><\/tr><tr><td>S\u016fl<\/td><td>1,1 g<\/td><td>1,3 g<\/td><td>0,91 g<\/td><\/tr><tr><td>Lakt\u00f3za<\/td><td><0,01 g<\/td><td><0,01 g<\/td><td><0,01 g<\/td><\/tr><\/tbody><\/table>"},"product_benefits":{"benefit_image":null,"benefit_1":"Vyrobeno s l\u00e1skou","benefit_2":"V\u0161estrann\u00e9 pou\u017eit\u00ed","benefit_3":"Dokonale vyv\u00e1\u017een\u00e1 chu\u0165","benefit_4":"Pouze p\u0159\u00edrodn\u00ed ingredience"}},"_links":{"self":[{"href":"https:\/\/lunter.webgate.codes\/cz\/wp-json\/wp\/v2\/product\/2314","targetHints":{"allow":["GET"]}}],"collection":[{"href":"https:\/\/lunter.webgate.codes\/cz\/wp-json\/wp\/v2\/product"}],"about":[{"href":"https:\/\/lunter.webgate.codes\/cz\/wp-json\/wp\/v2\/types\/product"}],"wp:featuredmedia":[{"embeddable":true,"href":"https:\/\/lunter.webgate.codes\/cz\/wp-json\/wp\/v2\/media\/1704"}],"wp:attachment":[{"href":"https:\/\/lunter.webgate.codes\/cz\/wp-json\/wp\/v2\/media?parent=2314"}],"wp:term":[{"taxonomy":"product_type","embeddable":true,"href":"https:\/\/lunter.webgate.codes\/cz\/wp-json\/wp\/v2\/product_type?post=2314"}],"curies":[{"name":"wp","href":"https:\/\/api.w.org\/{rel}","templated":true}]}}