{"id":2311,"date":"2025-04-11T15:46:58","date_gmt":"2025-04-11T13:46:58","guid":{"rendered":"https:\/\/lunter.webgate.codes\/products\/alu-tartar-spread-75\/"},"modified":"2025-04-11T15:56:28","modified_gmt":"2025-04-11T13:56:28","slug":"alu-tartar-spread-75","status":"publish","type":"product","link":"https:\/\/lunter.webgate.codes\/cz\/produkty\/alu-tartar-spread-75\/","title":{"rendered":"TATAR\u00c1\u010cEK POMAZ\u00c1NKA ALU"},"content":{"rendered":"<p>Bohat\u00e1, lahodn\u00e1 pomaz\u00e1nka pln\u00e1 b\u00edlkovin, kterou si m\u016f\u017eete namazat na chl\u00e9b, pou\u017e\u00edt jako dip k \u010derstv\u00e9 zelenin\u011b nebo si j\u00ed vylep\u0161it obl\u00edben\u00e9 sva\u010dinky. Chcete n\u011bco extra? Pou\u017eijte ji jako z\u00e1klad pro rychl\u00e9 om\u00e1\u010dky nebo k dochucen\u00ed pokrm\u016f. V praktick\u00e9m balen\u00ed, kter\u00e9 si m\u016f\u017eete vz\u00edt s sebou do pr\u00e1ce, do \u0161koly, na v\u00fdlet nebo na piknik.<\/p>\n","protected":false},"featured_media":1698,"template":"","product_type":[248],"class_list":["post-2311","product","type-product","status-publish","has-post-thumbnail","hentry","product_type-ambient-cz"],"acf":{"product_show_in_compact":"1","product_tagline":"Vezm\u011bte si je kamkoli","products_weight":"75g","product_ornament_type":"brush_thin","product_ornament_color":"#F0C1B6","benefit_icons":["source-of-fiber","gluten-free","no-preservatives"],"protein_amount":"","product_details":{"ingredients":"sterilovan\u00e1 zelenina (63 % okurky, 22 % kapie, voda, ocet kvasn\u00fd lihov\u00fd, cukr, ko\u0159en\u00ed, s\u016fl), 16 % tofu (s\u00f3jov\u00e9 boby, voda), voda, okara (voda, s\u00f3jov\u00e9 boby), 9 % raj\u010datov\u00fd protlak, \u0159epkov\u00fd olej, ho\u0159\u010dice (voda, ho\u0159\u010di\u010dn\u00e9 semeno, ocet kvasn\u00fd l\u00edhov\u00fd, cukr, s\u016fl, ko\u0159en\u00ed), bezglut\u00e9nov\u00e1 sojov\u00e1 om\u00e1\u010dka (voda, s\u00f3jov\u00e9 boby, fermentovan\u00e1 p\u0161enice \u2013 neobsahuje lepek, s\u016fl), cukr, modifikovan\u00fd \u0161krob, jable\u010dn\u00e1 \u0161\u0165ava, 1,7 % cibule, s\u016fl, \u010desnek, 0,9 % paprika, chilli, stabiliz\u00e1tor: pektin","packaging_image":2019,"nutritional_values":"<table class=\"nutritional-table\"><tbody><tr><th colspan=\"2\">V\u00fd\u017eivov\u00e9 \u00fadaje na 100 g<\/th><\/tr><tr><td>Energie<\/td><td>602kJ\/145kcal<\/td><\/tr><tr><td>Tuky<\/td><td>10 g<\/td><\/tr><tr><td>\u2013 z toho nasycen\u00e9 mastn\u00e9 kyseliny<\/td><td>0,7 g<\/td><\/tr><tr><td>Sacharidy<\/td><td>8,4 g<\/td><\/tr><tr><td>\u2013 z toho cukry<\/td><td>5,3 g<\/td><\/tr><tr><td>Vl\u00e1knina<\/td><td>2,6 g<\/td><\/tr><tr><td>B\u00edlkoviny<\/td><td>4,0 g<\/td><\/tr><tr><td>S\u016fl<\/td><td>1,5 g<\/td><\/tr><\/tbody><\/table>"},"product_benefits":{"benefit_image":null,"benefit_1":"Vyrobeno s l\u00e1skou","benefit_2":"Praktick\u00e9 balen\u00ed","benefit_3":"Dokonale vyv\u00e1\u017een\u00e1 chu\u0165","benefit_4":"Pouze p\u0159\u00edrodn\u00ed ingredience"}},"_links":{"self":[{"href":"https:\/\/lunter.webgate.codes\/cz\/wp-json\/wp\/v2\/product\/2311","targetHints":{"allow":["GET"]}}],"collection":[{"href":"https:\/\/lunter.webgate.codes\/cz\/wp-json\/wp\/v2\/product"}],"about":[{"href":"https:\/\/lunter.webgate.codes\/cz\/wp-json\/wp\/v2\/types\/product"}],"wp:featuredmedia":[{"embeddable":true,"href":"https:\/\/lunter.webgate.codes\/cz\/wp-json\/wp\/v2\/media\/1698"}],"wp:attachment":[{"href":"https:\/\/lunter.webgate.codes\/cz\/wp-json\/wp\/v2\/media?parent=2311"}],"wp:term":[{"taxonomy":"product_type","embeddable":true,"href":"https:\/\/lunter.webgate.codes\/cz\/wp-json\/wp\/v2\/product_type?post=2311"}],"curies":[{"name":"wp","href":"https:\/\/api.w.org\/{rel}","templated":true}]}}