{"id":2310,"date":"2025-04-11T15:46:58","date_gmt":"2025-04-11T13:46:58","guid":{"rendered":"https:\/\/lunter.webgate.codes\/products\/alu-crackling-spread-75\/"},"modified":"2025-04-11T15:56:28","modified_gmt":"2025-04-11T13:56:28","slug":"alu-crackling-spread-75","status":"publish","type":"product","link":"https:\/\/lunter.webgate.codes\/cz\/produkty\/alu-crackling-spread-75\/","title":{"rendered":"\u0160QVARKOV\u00c1 POMAZ\u00c1NKA ALU"},"content":{"rendered":"<p>\u0160qvarkov\u00e1 je bezkonkuren\u010dn\u00ed bestseller, kter\u00e9mu se prost\u011b ned\u00e1 odolat. M\u00e1 bohatou a v\u00fdraznou chu\u0165, kterou si nejv\u00edce vychutn\u00e1te p\u0159\u00edmo z obalu (nebojte se, nebudeme v\u00e1s soudit). Kr\u00e9mov\u00e1, lahodn\u00e1 a neuv\u011b\u0159iteln\u011b syt\u00e1, ide\u00e1ln\u00ed na chleba, se zeleninou nebo s krekry. V praktick\u00e9m balen\u00ed, kter\u00e9 si m\u016f\u017eete vz\u00edt s sebou do pr\u00e1ce, do \u0161koly, na v\u00fdlet nebo na piknik.<\/p>\n","protected":false},"featured_media":1696,"template":"","product_type":[248],"class_list":["post-2310","product","type-product","status-publish","has-post-thumbnail","hentry","product_type-ambient-cz"],"acf":{"product_show_in_compact":"1","product_tagline":"Vezm\u011bte si je kamkoli","products_weight":"75g","product_ornament_type":"brush_thin","product_ornament_color":"#CDAF8E","benefit_icons":["lactose-free","no-artificial-colors","no-preservatives"],"protein_amount":"","product_details":{"ingredients":"38 % tofu (s\u00f3jov\u00e9 boby, voda), voda, \u0159epkov\u00fd olej, 10 % osma\u017een\u00e1 cibule (cibule, \u0159epkov\u00fd olej, p\u0161eni\u010dn\u00e1 mouka, jedl\u00e1 s\u016fl), su\u0161en\u00e9 potravin\u00e1\u0159sk\u00e9 dro\u017ed\u00ed, modifikovan\u00fd kuku\u0159i\u010dn\u00fd \u0161krob, jedl\u00e1 s\u016fl, s\u00f3jov\u00e1 om\u00e1\u010dka (voda, fermentovan\u00e9 s\u00f3jov\u00e9 boby, fermentovan\u00e1 p\u0161enice, jedl\u00e1 s\u016fl), jable\u010dn\u00fd ocet. M\u016f\u017ee obsahovat stopy ho\u0159\u010dice.","packaging_image":2086,"nutritional_values":"<table class=\"nutritional-table\"><tbody><tr><th colspan=\"2\">V\u00fd\u017eivov\u00e9 \u00fadaje na 100 g<\/th><\/tr><tr><td>Energie<\/td><td>1057kJ\/255kcal<\/td><\/tr><tr><td>Tuky<\/td><td>22 g<\/td><\/tr><tr><td>\u2013 z toho nasycen\u00e9 mastn\u00e9 kyseliny<\/td><td>2,1 g<\/td><\/tr><tr><td>Sacharidy<\/td><td>6,7 g<\/td><\/tr><tr><td>\u2013 z toho cukry<\/td><td><0,5 g<\/td><\/tr><tr><td>Vl\u00e1knina<\/td><td>1,3 g<\/td><\/tr><tr><td>B\u00edlkoviny<\/td><td>7,0 g<\/td><\/tr><tr><td>S\u016fl<\/td><td>1,2 g<\/td><\/tr><tr><td>Lakt\u00f3za<\/td><td><0,01 g<\/td><\/tr><\/tbody><\/table>"},"product_benefits":{"benefit_image":null,"benefit_1":"Vyrobeno s l\u00e1skou","benefit_2":"Praktick\u00e9 balen\u00ed","benefit_3":"Dokonale vyv\u00e1\u017een\u00e1 chu\u0165","benefit_4":"Pouze p\u0159\u00edrodn\u00ed ingredience"}},"_links":{"self":[{"href":"https:\/\/lunter.webgate.codes\/cz\/wp-json\/wp\/v2\/product\/2310","targetHints":{"allow":["GET"]}}],"collection":[{"href":"https:\/\/lunter.webgate.codes\/cz\/wp-json\/wp\/v2\/product"}],"about":[{"href":"https:\/\/lunter.webgate.codes\/cz\/wp-json\/wp\/v2\/types\/product"}],"wp:featuredmedia":[{"embeddable":true,"href":"https:\/\/lunter.webgate.codes\/cz\/wp-json\/wp\/v2\/media\/1696"}],"wp:attachment":[{"href":"https:\/\/lunter.webgate.codes\/cz\/wp-json\/wp\/v2\/media?parent=2310"}],"wp:term":[{"taxonomy":"product_type","embeddable":true,"href":"https:\/\/lunter.webgate.codes\/cz\/wp-json\/wp\/v2\/product_type?post=2310"}],"curies":[{"name":"wp","href":"https:\/\/api.w.org\/{rel}","templated":true}]}}