{"id":2309,"date":"2025-04-11T15:46:58","date_gmt":"2025-04-11T13:46:58","guid":{"rendered":"https:\/\/lunter.webgate.codes\/products\/alu-seafoo-spread-75\/"},"modified":"2025-04-11T15:56:28","modified_gmt":"2025-04-11T13:56:28","slug":"alu-seafoo-spread-75","status":"publish","type":"product","link":"https:\/\/lunter.webgate.codes\/cz\/produkty\/alu-seafoo-spread-75\/","title":{"rendered":"SEAFOO POMAZ\u00c1NKA ALU"},"content":{"rendered":"<p>Chu\u0165 mo\u0159e v rostlinn\u00e9m proveden\u00ed! Pomaz\u00e1nka Lunter Seafoo kombinuje tofu, cizrnu a mo\u0159sk\u00e9 \u0159asy do dokonal\u00e9 kombinace pln\u00e9 chuti a bohat\u00e9 struktury. M\u016f\u017eete si ji namazat na \u010derstv\u00fd chl\u00e9b, vyladit si sendvi\u010d nebo si ji vychutnat s k\u0159upav\u00fdmi krekry. Nechte se un\u00e9st sv\u011b\u017e\u00ed chut\u00ed mo\u0159e! V praktick\u00e9m balen\u00ed, kter\u00e9 si m\u016f\u017eete vz\u00edt s sebou do pr\u00e1ce, do \u0161koly, na v\u00fdlet nebo na piknik.<\/p>\n","protected":false},"featured_media":1694,"template":"","product_type":[248],"class_list":["post-2309","product","type-product","status-publish","has-post-thumbnail","hentry","product_type-ambient-cz"],"acf":{"product_show_in_compact":"1","product_tagline":"Vezm\u011bte si je kamkoli","products_weight":"75g","product_ornament_type":"brush_thin","product_ornament_color":"#96C9DA","benefit_icons":["gluten-free","source-of-omega-3","no-preservatives"],"protein_amount":"","product_details":{"ingredients":"voda, cizrna 17 %, \u0159epkov\u00fd olej, tofu 12 % (s\u00f3ja, voda), s\u00f3jov\u00fd n\u00e1poj (voda, s\u00f3ja), okara (voda, s\u00f3ja), s\u00f3jov\u00e1 om\u00e1\u010dka (voda, s\u00f3ja, fermentovan\u00e1 p\u0161enice \u2013 bez lepku, s\u016fl), modifikovan\u00fd \u0161krob, su\u0161en\u00e1 cibule 2,4 %, ho\u0159\u010dice (voda, ho\u0159\u010di\u010dn\u00e9 sem\u00ednko, kvasn\u00fd lihov\u00fd ocet, cukr, s\u016fl, ko\u0159en\u00ed), citronov\u00e1 \u0161\u0165\u00e1va z koncentr\u00e1tu, mo\u0159sk\u00e1 s\u016fl, \u0161krob, su\u0161en\u00e9 mo\u0159sk\u00e9 \u0159asy 0,4 %, dro\u017ed\u00ed, \u010desnekov\u00fd pr\u00e1\u0161ek, \u010dern\u00fd pep\u0159, s\u016fl, kyselina: kyselina citronov\u00e1","packaging_image":2102,"nutritional_values":"<table class=\"nutritional-table\"><tbody><tr><th colspan=\"2\">V\u00fd\u017eivov\u00e9 \u00fadaje na 100 g<\/th><\/tr><tr><td>Energie<\/td><td>726 kJ\/175 kcal<\/td><\/tr><tr><td>Tuky<\/td><td>13 g<\/td><\/tr><tr><td>\u2013 z toho nasycen\u00e9 mastn\u00e9 kyseliny<\/td><td>1,1 g<\/td><\/tr><tr><td>Sacharidy<\/td><td>8,1 g<\/td><\/tr><tr><td>\u2013 z toho cukry<\/td><td>1,4 g<\/td><\/tr><tr><td>B\u00edlkoviny<\/td><td>5,3 g<\/td><\/tr><tr><td>S\u016fl<\/td><td>0,90 g<\/td><\/tr><\/tbody><\/table><p class=\"note\">*omega-3 mastn\u00e9 kyseliny: 0,88 g\/100 g; kyselina \u03b1-linolenov\u00e1 (ALA): 0,87g\/100 g \u2013 ALA p\u0159isp\u00edv\u00e1 k udr\u017een\u00ed norm\u00e1ln\u00ed hladiny cholesterolu v krvi, \u00fa\u010dinn\u00e1 d\u00e1vka: 2 g\/24h.<\/p>"},"product_benefits":{"benefit_image":null,"benefit_1":"Vyrobeno s l\u00e1skou","benefit_2":"Praktick\u00e9 balen\u00ed","benefit_3":"Dokonale vyv\u00e1\u017een\u00e1 chu\u0165","benefit_4":"Pouze p\u0159\u00edrodn\u00ed ingredience"}},"_links":{"self":[{"href":"https:\/\/lunter.webgate.codes\/cz\/wp-json\/wp\/v2\/product\/2309","targetHints":{"allow":["GET"]}}],"collection":[{"href":"https:\/\/lunter.webgate.codes\/cz\/wp-json\/wp\/v2\/product"}],"about":[{"href":"https:\/\/lunter.webgate.codes\/cz\/wp-json\/wp\/v2\/types\/product"}],"wp:featuredmedia":[{"embeddable":true,"href":"https:\/\/lunter.webgate.codes\/cz\/wp-json\/wp\/v2\/media\/1694"}],"wp:attachment":[{"href":"https:\/\/lunter.webgate.codes\/cz\/wp-json\/wp\/v2\/media?parent=2309"}],"wp:term":[{"taxonomy":"product_type","embeddable":true,"href":"https:\/\/lunter.webgate.codes\/cz\/wp-json\/wp\/v2\/product_type?post=2309"}],"curies":[{"name":"wp","href":"https:\/\/api.w.org\/{rel}","templated":true}]}}