{"id":2308,"date":"2025-04-11T15:46:58","date_gmt":"2025-04-11T13:46:58","guid":{"rendered":"https:\/\/lunter.webgate.codes\/products\/alu-pate-de-tofu-cranberries-75\/"},"modified":"2025-04-11T15:56:28","modified_gmt":"2025-04-11T13:56:28","slug":"alu-pate-de-tofu-cranberries-75","status":"publish","type":"product","link":"https:\/\/lunter.webgate.codes\/cz\/produkty\/alu-pate-de-tofu-cranberries-75\/","title":{"rendered":"PAT\u00c9 DE TOFU BRUSNICE ALU"},"content":{"rendered":"<p>Pat\u00e9 de Tofu skute\u010dn\u011b m\u011bn\u00ed pravidla hry. Jemn\u00e1 a v\u00fdrazn\u00e1 chu\u0165, kter\u00e9 nelze odolat. Bohat\u00e9 na omega-3 mastn\u00e9 kyseliny, v\u00fd\u017eivn\u00e9 a z\u00e1rove\u0148 neodolateln\u011b chutn\u00e9. Kousky brusinek mu dod\u00e1vaj\u00ed sv\u011b\u017eest a kyselost a dokonale vyva\u017euj\u00ed jeho plnou chu\u0165. V praktick\u00e9m balen\u00ed, kter\u00e9 si m\u016f\u017eete vz\u00edt s sebou do pr\u00e1ce, do \u0161koly, na v\u00fdlet nebo na piknik.<\/p>\n","protected":false},"featured_media":1692,"template":"","product_type":[248],"class_list":["post-2308","product","type-product","status-publish","has-post-thumbnail","hentry","product_type-ambient-cz"],"acf":{"product_show_in_compact":"1","product_tagline":"Vezm\u011bte si je kamkoli","products_weight":"75g","product_ornament_type":"brush_thin","product_ornament_color":"#C99E68","benefit_icons":["source-of-fiber","source-of-omega-3","no-preservatives"],"protein_amount":"","product_details":{"ingredients":"tofu 24 % (s\u00f3ja, voda), voda, \u0159epkov\u00fd olej, okara (voda, s\u00f3ja), cibule, s\u00f3jov\u00e1 om\u00e1\u010dka (voda, s\u00f3ja, p\u0161enice, s\u016fl), brusinky 3 %, \u0161krob, t\u0159tinov\u00fd cukr, dro\u017ed\u00ed, hrachov\u00e1 vl\u00e1knina, r\u00fd\u017ee, s\u00f3ja, s\u016fl, kvasnicov\u00fd extrakt, p\u0161eni\u010dn\u00e1 mouka, ko\u0159en\u00ed, slune\u010dnicov\u00fd olej, bylinky. M\u016f\u017ee obsahovat stopy ho\u0159\u010dice.","packaging_image":2106,"nutritional_values":"<table class=\"nutritional-table\"><tbody><tr><th colspan=\"2\">V\u00fd\u017eivov\u00e9 \u00fadaje na 100 g<\/th><\/tr><tr><td>Energie<\/td><td>1048 kJ\/253 kcal<\/td><\/tr><tr><td>Tuky<\/td><td>21 g<\/td><\/tr><tr><td>\u2013 z toho nasycen\u00e9 mastn\u00e9 kyseliny<\/td><td>2,3 g<\/td><\/tr><tr><td>Sacharidy<\/td><td>7,9 g<\/td><\/tr><tr><td>\u2013 z toho cukry<\/td><td>4,8 g<\/td><\/tr><tr><td>Vl\u00e1knina<\/td><td>3,3 g<\/td><\/tr><tr><td>B\u00edlkoviny<\/td><td>6,5 g<\/td><\/tr><tr><td>S\u016fl<\/td><td>1,3 g<\/td><\/tr><\/tbody><\/table><p class=\"note\">*omega-3 mastn\u00e9 kyseliny: 1,29 g\/100 g; kyselina \u03b1-linolenov\u00e1 (ALA): 1,26 g\/100 g \u2013 ALA p\u0159isp\u00edv\u00e1 k udr\u017een\u00ed norm\u00e1ln\u00ed hladiny cholesterolu v krvi, \u00fa\u010dinn\u00e1 d\u00e1vka: 2 g\/24 h.<\/p>"},"product_benefits":{"benefit_image":null,"benefit_1":"Vyrobeno s l\u00e1skou","benefit_2":"Praktick\u00e9 balen\u00ed","benefit_3":"Dokonale vyv\u00e1\u017een\u00e1 chu\u0165","benefit_4":"Pouze p\u0159\u00edrodn\u00ed ingredience"}},"_links":{"self":[{"href":"https:\/\/lunter.webgate.codes\/cz\/wp-json\/wp\/v2\/product\/2308","targetHints":{"allow":["GET"]}}],"collection":[{"href":"https:\/\/lunter.webgate.codes\/cz\/wp-json\/wp\/v2\/product"}],"about":[{"href":"https:\/\/lunter.webgate.codes\/cz\/wp-json\/wp\/v2\/types\/product"}],"wp:featuredmedia":[{"embeddable":true,"href":"https:\/\/lunter.webgate.codes\/cz\/wp-json\/wp\/v2\/media\/1692"}],"wp:attachment":[{"href":"https:\/\/lunter.webgate.codes\/cz\/wp-json\/wp\/v2\/media?parent=2308"}],"wp:term":[{"taxonomy":"product_type","embeddable":true,"href":"https:\/\/lunter.webgate.codes\/cz\/wp-json\/wp\/v2\/product_type?post=2308"}],"curies":[{"name":"wp","href":"https:\/\/api.w.org\/{rel}","templated":true}]}}