{"id":2305,"date":"2025-04-11T15:46:52","date_gmt":"2025-04-11T13:46:52","guid":{"rendered":"https:\/\/lunter.webgate.codes\/products\/pate-de-tofu-herbs-140\/"},"modified":"2025-04-11T15:56:19","modified_gmt":"2025-04-11T13:56:19","slug":"pate-de-tofu-herbs-140","status":"publish","type":"product","link":"https:\/\/lunter.webgate.codes\/cz\/produkty\/pate-de-tofu-herbs-140\/","title":{"rendered":"PAT\u00c9 DE TOFU BYLINKY"},"content":{"rendered":"<p>Pat\u00e9 de Tofu skute\u010dn\u011b m\u011bn\u00ed pravidla hry. D\u00edky jemn\u00fdm bylink\u00e1m, jako je oregano, tymi\u00e1n a pa\u017eitka, je to gurm\u00e1nsk\u00e9 pot\u011b\u0161en\u00ed, kter\u00e9 p\u0159in\u00e1\u0161\u00ed lahodnou chu\u0165 p\u0159\u00edmo na v\u00e1\u0161 st\u016fl. Bohat\u00e9 na omega-3 mastn\u00e9 kyseliny, v\u00fd\u017eivn\u00e9 a z\u00e1rove\u0148 neodolateln\u011b chutn\u00e9. Dop\u0159ejte si obl\u00edben\u00e9 ovocn\u00e9 \u010datn\u00ed nebo d\u017eem, sez\u00f3nn\u00ed ovoce, jako jsou hru\u0161ky, f\u00edky nebo hroznov\u00e9 v\u00edno, a posypte je pekanov\u00fdmi o\u0159echy, abyste dos\u00e1hli dokonale vyv\u00e1\u017een\u00e9 harmonie chut\u00ed.<\/p>\n","protected":false},"featured_media":1808,"template":"","product_type":[250],"class_list":["post-2305","product","type-product","status-publish","has-post-thumbnail","hentry","product_type-pate-de-tofu-cz"],"acf":{"product_show_in_compact":"1","product_tagline":"Chu\u0165, kter\u00e1 posouv\u00e1 hranice","products_weight":"140g","product_ornament_type":"brush_thin","product_ornament_color":"#C39A64","benefit_icons":["source-of-omega-3","source-of-fiber","no-preservatives"],"protein_amount":"","product_details":{"ingredients":"26 % tofu (s\u00f3jov\u00e9 boby, voda), voda, \u0159epkov\u00fd olej, okara (voda, s\u00f3jov\u00e9 boby), cibule, s\u00f3jov\u00e1 om\u00e1\u010dka (voda, s\u00f3jov\u00e9 boby, p\u0161enice, s\u016fl), \u0161krob, kvasnice, hrachov\u00e1 vl\u00e1knina, 1 % sm\u011bs ko\u0159en\u00ed a bylinek, r\u00fd\u017ee, s\u00f3jov\u00e9 boby, kvasni\u010dn\u00fd extrakt, s\u016fl, p\u0161eni\u010dn\u00e1 mouka. M\u016f\u017ee obsahovat stopy ho\u0159\u010dice.","packaging_image":2108,"nutritional_values":"<table class=\"nutritional-table\"><tbody><tr><th colspan=\"2\">V\u00fd\u017eivov\u00e9 \u00fadaje na 100 g<\/th><\/tr><tr><td>Energie<\/td><td>1082 kJ\/262 kcal<\/td><\/tr><tr><td>Tuky<\/td><td>23 g<\/td><\/tr><tr><td>\u2013 z toho nasycen\u00e9 mastn\u00e9 kyseliny<\/td><td>1,8 g<\/td><\/tr><tr><td>Sacharidy<\/td><td>6,0 g<\/td><\/tr><tr><td>\u2013 z toho cukry<\/td><td>0,5 g<\/td><\/tr><tr><td>Vl\u00e1knina<\/td><td>3,1 g<\/td><\/tr><tr><td>B\u00edlkoviny<\/td><td>6,7 g<\/td><\/tr><tr><td>S\u016fl<\/td><td>1,4 g<\/td><\/tr><\/tbody><\/table><p class=\"note\">*omega-3 mastn\u00e9 kyseliny: 1,75 g\/100 g; kyselina \u03b1-linolenov\u00e1 (ALA): 1,70 g\/100 g \u2013 ALA p\u0159isp\u00edv\u00e1 k udr\u017een\u00ed norm\u00e1ln\u00ed hladiny cholesterolu v krvi, \u00fa\u010dinn\u00e1 d\u00e1vka: 2 g\/24 h. Dbejte na pestrou, vyv\u00e1\u017eenou stravu a zdrav\u00fd \u017eivotn\u00ed styl.<\/p>"},"product_benefits":{"benefit_image":null,"benefit_1":"Vyrobeno s l\u00e1skou","benefit_2":"Kreativn\u00ed mo\u017enosti p\u0159\u00edpravy","benefit_3":"Dokonale vyv\u00e1\u017een\u00e1 chu\u0165","benefit_4":"Pouze p\u0159\u00edrodn\u00ed ingredience"}},"_links":{"self":[{"href":"https:\/\/lunter.webgate.codes\/cz\/wp-json\/wp\/v2\/product\/2305","targetHints":{"allow":["GET"]}}],"collection":[{"href":"https:\/\/lunter.webgate.codes\/cz\/wp-json\/wp\/v2\/product"}],"about":[{"href":"https:\/\/lunter.webgate.codes\/cz\/wp-json\/wp\/v2\/types\/product"}],"wp:featuredmedia":[{"embeddable":true,"href":"https:\/\/lunter.webgate.codes\/cz\/wp-json\/wp\/v2\/media\/1808"}],"wp:attachment":[{"href":"https:\/\/lunter.webgate.codes\/cz\/wp-json\/wp\/v2\/media?parent=2305"}],"wp:term":[{"taxonomy":"product_type","embeddable":true,"href":"https:\/\/lunter.webgate.codes\/cz\/wp-json\/wp\/v2\/product_type?post=2305"}],"curies":[{"name":"wp","href":"https:\/\/api.w.org\/{rel}","templated":true}]}}