{"id":2304,"date":"2025-04-11T15:46:52","date_gmt":"2025-04-11T13:46:52","guid":{"rendered":"https:\/\/lunter.webgate.codes\/products\/pate-de-tofu-cranberries-140\/"},"modified":"2025-04-11T15:56:19","modified_gmt":"2025-04-11T13:56:19","slug":"pate-de-tofu-cranberries-140","status":"publish","type":"product","link":"https:\/\/lunter.webgate.codes\/cz\/produkty\/pate-de-tofu-cranberries-140\/","title":{"rendered":"PAT\u00c9 DE TOFU BRUSNICE"},"content":{"rendered":"<p>Pat\u00e9 de Tofu skute\u010dn\u011b m\u011bn\u00ed pravidla hry. Jemn\u00e1 a v\u00fdrazn\u00e1 chu\u0165, kter\u00e9 nelze odolat. Bohat\u00e9 na omega-3 mastn\u00e9 kyseliny, v\u00fd\u017eivn\u00e9 a z\u00e1rove\u0148 neodolateln\u011b chutn\u00e9. Kousky brusinek mu dod\u00e1vaj\u00ed sv\u011b\u017eest a kyselost a dokonale vyva\u017euj\u00ed jeho plnou chu\u0165. Pro je\u0161t\u011b intenzivn\u011bj\u0161\u00ed chu\u0165ov\u00fd z\u00e1\u017eitek si ho m\u016f\u017eete dop\u0159\u00e1t s obl\u00edben\u00fdm ovocn\u00fdm \u010datn\u00ed nebo d\u017eemem, sez\u00f3nn\u00edm ovocem nebo vla\u0161sk\u00fdmi o\u0159echy.<\/p>\n","protected":false},"featured_media":1806,"template":"","product_type":[250],"class_list":["post-2304","product","type-product","status-publish","has-post-thumbnail","hentry","product_type-pate-de-tofu-cz"],"acf":{"product_show_in_compact":"1","product_tagline":"Chu\u0165, kter\u00e1 posouv\u00e1 hranice","products_weight":"140g","product_ornament_type":"brush_thin","product_ornament_color":"#C99E68","benefit_icons":["source-of-omega-3","source-of-fiber","lactose-free"],"protein_amount":"","product_details":{"ingredients":"24 % tofu (s\u00f3jov\u00e9 boby, voda), voda, \u0159epkov\u00fd olej, okara (voda, s\u00f3jov\u00e9 boby), cibule, s\u00f3jov\u00e1 om\u00e1\u010dka (voda, s\u00f3jov\u00e9 boby, p\u0161enice, s\u016fl), 4 % brusinky, \u0161krob, t\u0159tinov\u00fd cukr, dro\u017ed\u00ed, hrachov\u00e1 vl\u00e1knina, r\u00fd\u017ee, s\u00f3jov\u00e9 boby, s\u016fl, kvasni\u010dn\u00fd extrakt, p\u0161eni\u010dn\u00e1 mouka, ko\u0159en\u00ed, slune\u010dnicov\u00fd olej, bylinky. M\u016f\u017ee obsahovat stopy ho\u0159\u010dice.","packaging_image":2106,"nutritional_values":"<table class=\"nutritional-table\"><tbody><tr><th colspan=\"2\">V\u00fd\u017eivov\u00e9 \u00fadaje na 100 g<\/th><\/tr><tr><td>Energie<\/td><td>1138 kJ\/275 kcal<\/td><\/tr><tr><td>Tuky<\/td><td>23 g<\/td><\/tr><tr><td>\u2013 z toho nasycen\u00e9 mastn\u00e9 kyseliny<\/td><td>1,9 g<\/td><\/tr><tr><td>Sacharidy<\/td><td>9,2 g<\/td><\/tr><tr><td>\u2013 z toho cukry<\/td><td>5,0 g<\/td><\/tr><tr><td>Vl\u00e1knina<\/td><td>3,4 g<\/td><\/tr><tr><td>B\u00edlkoviny<\/td><td>6,8 g<\/td><\/tr><tr><td>S\u016fl<\/td><td>1,3 g<\/td><\/tr><\/tbody><\/table><p class=\"note\">*omega-3 mastn\u00e9 kyseliny: 1,73 g\/100 g; kyselina \u03b1-linolenov\u00e1 (ALA): 1,70 g\/100 g \u2013 ALA p\u0159isp\u00edv\u00e1 k udr\u017een\u00ed norm\u00e1ln\u00ed hladiny cholesterolu v krvi, \u00fa\u010dinn\u00e1 d\u00e1vka: 2 g\/24 h. Dbejte na pestrou, vyv\u00e1\u017eenou stravu a zdrav\u00fd \u017eivotn\u00ed styl.<\/p>"},"product_benefits":{"benefit_image":null,"benefit_1":"Vyrobeno s l\u00e1skou","benefit_2":"Kreativn\u00ed mo\u017enosti p\u0159\u00edpravy","benefit_3":"Dokonale vyv\u00e1\u017een\u00e1 chu\u0165","benefit_4":"Pouze p\u0159\u00edrodn\u00ed ingredience"}},"_links":{"self":[{"href":"https:\/\/lunter.webgate.codes\/cz\/wp-json\/wp\/v2\/product\/2304","targetHints":{"allow":["GET"]}}],"collection":[{"href":"https:\/\/lunter.webgate.codes\/cz\/wp-json\/wp\/v2\/product"}],"about":[{"href":"https:\/\/lunter.webgate.codes\/cz\/wp-json\/wp\/v2\/types\/product"}],"wp:featuredmedia":[{"embeddable":true,"href":"https:\/\/lunter.webgate.codes\/cz\/wp-json\/wp\/v2\/media\/1806"}],"wp:attachment":[{"href":"https:\/\/lunter.webgate.codes\/cz\/wp-json\/wp\/v2\/media?parent=2304"}],"wp:term":[{"taxonomy":"product_type","embeddable":true,"href":"https:\/\/lunter.webgate.codes\/cz\/wp-json\/wp\/v2\/product_type?post=2304"}],"curies":[{"name":"wp","href":"https:\/\/api.w.org\/{rel}","templated":true}]}}