{"id":2301,"date":"2025-04-11T15:46:52","date_gmt":"2025-04-11T13:46:52","guid":{"rendered":"https:\/\/lunter.webgate.codes\/products\/seafoo-spread-140\/"},"modified":"2025-04-11T15:56:19","modified_gmt":"2025-04-11T13:56:19","slug":"seafoo-spread-140","status":"publish","type":"product","link":"https:\/\/lunter.webgate.codes\/cz\/produkty\/seafoo-spread-140\/","title":{"rendered":"SEAFOO POMAZ\u00c1NKA PREMIUM"},"content":{"rendered":"<p>Chu\u0165 mo\u0159e v rostlinn\u00e9m proveden\u00ed! Pomaz\u00e1nka Lunter Seafoo kombinuje tofu, cizrnu a mo\u0159sk\u00e9 \u0159asy do dokonal\u00e9 kombinace pln\u00e9 chuti a bohat\u00e9 struktury. M\u016f\u017eete si ji namazat na \u010derstv\u00fd chl\u00e9b, vyladit si sendvi\u010d nebo si ji vychutnat s k\u0159upav\u00fdmi krekry. Nechte se un\u00e9st sv\u011b\u017e\u00ed chut\u00ed mo\u0159e!<\/p>\n","protected":false},"featured_media":1746,"template":"","product_type":[251],"class_list":["post-2301","product","type-product","status-publish","has-post-thumbnail","hentry","product_type-premium-cz"],"acf":{"product_show_in_compact":"1","product_tagline":"Lahodn\u00e1 chu\u0165 v ka\u017ed\u00e9m soustu","products_weight":"140g","product_ornament_type":"brush_thin","product_ornament_color":"#96C9DA","benefit_icons":["source-of-omega-3","no-preservatives","gluten-free"],"protein_amount":"","product_details":{"ingredients":"voda, 15 % tofu (s\u00f3jov\u00e9 boby, voda), \u0159epkov\u00fd olej, 13 % cizrna, s\u00f3jov\u00fd n\u00e1poj (voda, s\u00f3jov\u00e9 boby), okara (voda, s\u00f3jov\u00e9 boby), s\u00f3jov\u00e1 om\u00e1\u010dka (voda, s\u00f3jov\u00e9 boby, fermentovan\u00e1 p\u0161enice \u2013 bez lepku, r\u00fd\u017ee, s\u016fl), kuku\u0159i\u010dn\u00fd \u0161krob, plnotu\u010dn\u00e1 ho\u0159\u010dice (voda, ho\u0159\u010di\u010dn\u00e9 sem\u00ednko, kvasn\u00fd lihov\u00fd ocet, cukr, s\u016fl, ko\u0159en\u00ed), 2 % su\u0161en\u00e1 cibule, 0,6 % su\u0161en\u00e9 mo\u0159sk\u00e9 \u0159asy, citronov\u00e1 \u0161\u0165\u00e1va zkoncentr\u00e1tu, 0,5 % mo\u0159sk\u00e1 s\u016fl, zeleninov\u00fd v\u00fdvar (b\u00edl\u00e1 \u0159edkev, zel\u00ed, p\u00f3rek, shiitake, \u010desnek), dro\u017ed\u00ed, \u010desnekov\u00fd pr\u00e1\u0161ek, \u010dern\u00fd pep\u0159, extrakt z dro\u017ed\u00ed, citronov\u00e1 k\u016fra, kyselina: kyselina citronov\u00e1.","packaging_image":2102,"nutritional_values":"<table class=\"nutritional-table\"><tbody><tr><th colspan=\"2\">V\u00fd\u017eivov\u00e9 \u00fadaje na 100 g<\/th><\/tr><tr><td>Energie<\/td><td>821 kJ\/198 kcal<\/td><\/tr><tr><td>Tuky<\/td><td>16 g<\/td><\/tr><tr><td>\u2013 z toho nasycen\u00e9 mastn\u00e9 kyseliny<\/td><td>1,3 g<\/td><\/tr><tr><td>Sacharidy<\/td><td>6,4 g<\/td><\/tr><tr><td>\u2013 z toho cukry<\/td><td>0,5 g<\/td><\/tr><tr><td>Vl\u00e1knina<\/td><td>2,7 g<\/td><\/tr><tr><td>B\u00edlkoviny<\/td><td>5,8 g<\/td><\/tr><tr><td>S\u016fl<\/td><td>1,1 g<\/td><\/tr><\/tbody><\/table><p class=\"note\">*omega-3 mastn\u00e9 kyseliny: 1,21 g\/100 g; kyselina \u03b1-linolenov\u00e1 (ALA): 1,15 g\/100 g \u2013 ALA p\u0159isp\u00edv\u00e1 k udr\u017een\u00ed norm\u00e1ln\u00ed hladiny cholesterolu v krvi, \u00fa\u010dinn\u00e1 d\u00e1vka: 2 g\/24 h. Dbejte na pestrou, vyv\u00e1\u017eenou stravu a zdrav\u00fd \u017eivotn\u00ed styl.<\/p>"},"product_benefits":{"benefit_image":null,"benefit_1":"Vyrobeno s l\u00e1skou","benefit_2":"V\u0161estrann\u00e9 pou\u017eit\u00ed","benefit_3":"Dokonale vyv\u00e1\u017een\u00e1 chu\u0165","benefit_4":"Pouze p\u0159\u00edrodn\u00ed ingredience"}},"_links":{"self":[{"href":"https:\/\/lunter.webgate.codes\/cz\/wp-json\/wp\/v2\/product\/2301","targetHints":{"allow":["GET"]}}],"collection":[{"href":"https:\/\/lunter.webgate.codes\/cz\/wp-json\/wp\/v2\/product"}],"about":[{"href":"https:\/\/lunter.webgate.codes\/cz\/wp-json\/wp\/v2\/types\/product"}],"wp:featuredmedia":[{"embeddable":true,"href":"https:\/\/lunter.webgate.codes\/cz\/wp-json\/wp\/v2\/media\/1746"}],"wp:attachment":[{"href":"https:\/\/lunter.webgate.codes\/cz\/wp-json\/wp\/v2\/media?parent=2301"}],"wp:term":[{"taxonomy":"product_type","embeddable":true,"href":"https:\/\/lunter.webgate.codes\/cz\/wp-json\/wp\/v2\/product_type?post=2301"}],"curies":[{"name":"wp","href":"https:\/\/api.w.org\/{rel}","templated":true}]}}