{"id":2300,"date":"2025-04-11T15:46:52","date_gmt":"2025-04-11T13:46:52","guid":{"rendered":"https:\/\/lunter.webgate.codes\/products\/chives-spread-140\/"},"modified":"2025-04-11T15:56:19","modified_gmt":"2025-04-11T13:56:19","slug":"chives-spread-140","status":"publish","type":"product","link":"https:\/\/lunter.webgate.codes\/cz\/produkty\/chives-spread-140\/","title":{"rendered":"PA\u017dITKOV\u00c1 POMAZ\u00c1NKA PREMIUM"},"content":{"rendered":"<p>Sv\u011b\u017e\u00ed, kr\u00e9mov\u00e1 a pln\u00e1 v\u00fdrazn\u00e9 chuti \u2013 na\u0161e Lunter Kr\u00e9mov\u00e1 Pa\u017eitkov\u00e1 pomaz\u00e1nka vnese do va\u0161\u00ed kuchyn\u011b n\u00e1dech jara v ka\u017ed\u00e9m ro\u010dn\u00edm obdob\u00ed. V\u00fdborn\u011b se hod\u00ed na chl\u00e9b, do wrap\u016f nebo jako dip k \u010derstv\u00e9 zelenin\u011b. Skv\u011ble se hod\u00ed i do tepl\u00e9 kuchyn\u011b, proto\u017ee j\u00eddlu dod\u00e1 lahodnou kr\u00e9movou chu\u0165. Nav\u00edc je 100% rostlinn\u00e1, bez konzerva\u010dn\u00edch l\u00e1tek a pln\u00e1 b\u00edlkovin.<\/p>\n","protected":false},"featured_media":1678,"template":"","product_type":[251],"class_list":["post-2300","product","type-product","status-publish","has-post-thumbnail","hentry","product_type-premium-cz"],"acf":{"product_show_in_compact":"1","product_tagline":"Lahodn\u00e1 chu\u0165 v ka\u017ed\u00e9m soustu","products_weight":"140g","product_ornament_type":"brush_thin","product_ornament_color":"#99BD9C","benefit_icons":["lactose-free","no-preservatives","gluten-free"],"protein_amount":"","product_details":{"ingredients":"s\u00f3jov\u00fd n\u00e1poj (voda, s\u00f3jov\u00e9 boby), 22 % tofu (s\u00f3jov\u00e9 boby, voda), \u0159epkov\u00fd olej, olej z m\u00e1slovn\u00edku, voda, 1,2 % su\u0161en\u00e1 pa\u017eitka, su\u0161en\u00e9 potravin\u00e1\u0159sk\u00e9 dro\u017ed\u00ed, jedl\u00e1 s\u016fl, kuku\u0159i\u010dn\u00fd \u0161krob, citronov\u00e1 \u0161\u0165\u00e1va z koncentr\u00e1tu, stabiliz\u00e1tor: pektin. M\u016f\u017ee obsahovat ho\u0159\u010dici.","packaging_image":2100,"nutritional_values":"<table class=\"nutritional-table\"><tbody><tr><th colspan=\"2\">V\u00fd\u017eivov\u00e9 \u00fadaje na 100 g<\/th><\/tr><tr><td>Energie<\/td><td>1123 kJ\/272 kcal<\/td><\/tr><tr><td>Tuky<\/td><td>27 g<\/td><\/tr><tr><td>\u2013 z toho nasycen\u00e9 mastn\u00e9 kyseliny<\/td><td>6,0 g<\/td><\/tr><tr><td>Sacharidy<\/td><td>2,2 g<\/td><\/tr><tr><td>\u2013 z toho cukry<\/td><td>0,3 g<\/td><\/tr><tr><td>Vl\u00e1knina<\/td><td>1,2 g<\/td><\/tr><tr><td>B\u00edlkoviny<\/td><td>4,5 g<\/td><\/tr><tr><td>S\u016fl<\/td><td>0,90 g<\/td><\/tr><tr><td>Lakt\u00f3za<\/td><td><0,01 g<\/td><\/tr><\/tbody><\/table>"},"product_benefits":{"benefit_image":null,"benefit_1":"Vyrobeno s l\u00e1skou","benefit_2":"V\u0161estrann\u00e9 pou\u017eit\u00ed","benefit_3":"Dokonale vyv\u00e1\u017een\u00e1 chu\u0165","benefit_4":"Pouze p\u0159\u00edrodn\u00ed ingredience"}},"_links":{"self":[{"href":"https:\/\/lunter.webgate.codes\/cz\/wp-json\/wp\/v2\/product\/2300","targetHints":{"allow":["GET"]}}],"collection":[{"href":"https:\/\/lunter.webgate.codes\/cz\/wp-json\/wp\/v2\/product"}],"about":[{"href":"https:\/\/lunter.webgate.codes\/cz\/wp-json\/wp\/v2\/types\/product"}],"wp:featuredmedia":[{"embeddable":true,"href":"https:\/\/lunter.webgate.codes\/cz\/wp-json\/wp\/v2\/media\/1678"}],"wp:attachment":[{"href":"https:\/\/lunter.webgate.codes\/cz\/wp-json\/wp\/v2\/media?parent=2300"}],"wp:term":[{"taxonomy":"product_type","embeddable":true,"href":"https:\/\/lunter.webgate.codes\/cz\/wp-json\/wp\/v2\/product_type?post=2300"}],"curies":[{"name":"wp","href":"https:\/\/api.w.org\/{rel}","templated":true}]}}