{"id":2297,"date":"2025-04-11T15:46:52","date_gmt":"2025-04-11T13:46:52","guid":{"rendered":"https:\/\/lunter.webgate.codes\/products\/creme-de-tofu-140\/"},"modified":"2025-04-11T15:56:19","modified_gmt":"2025-04-11T13:56:19","slug":"creme-de-tofu-140","status":"publish","type":"product","link":"https:\/\/lunter.webgate.codes\/cz\/produkty\/creme-de-tofu-140\/","title":{"rendered":"CREME DE TOFU"},"content":{"rendered":"<p>V\u00e1\u0161 nov\u00fd tajn\u00fd trik v kuchyni! Kr\u00e9mov\u00e1, univerz\u00e1ln\u00ed a neodolateln\u011b lahodn\u00e1 \u2013 ide\u00e1ln\u00ed pro sladk\u00e9 i slan\u00e9 recepty. V\u00fdborn\u011b se hod\u00ed do cheesecak\u016f, tiramisu, kr\u00e9mov\u00fdch om\u00e1\u010dek a m\u016f\u017eete z n\u00ed p\u0159ipravit i zmrzlinu! Pou\u017eijte ji jako z\u00e1klad pol\u00e9vek, slan\u00fdch kol\u00e1\u010d\u016f nebo z n\u00ed vytvo\u0159te zcela nov\u00e9 pomaz\u00e1nky. Mo\u017enosti jsou nekone\u010dn\u00e9! Creme de Tofu je tou pravou ingredienc\u00ed pro ka\u017ed\u00e9ho, kdo r\u00e1d kreativn\u011b va\u0159\u00ed. Vyzkou\u0161ejte ji a posu\u0148te sv\u00e9 recepty na vy\u0161\u0161\u00ed \u00farove\u0148!<\/p>\n","protected":false},"featured_media":1674,"template":"","product_type":[251],"class_list":["post-2297","product","type-product","status-publish","has-post-thumbnail","hentry","product_type-premium-cz"],"acf":{"product_show_in_compact":"1","product_tagline":"Lahodn\u00e1 chu\u0165 v ka\u017ed\u00e9m soustu","products_weight":"140g","product_ornament_type":"brush_thin","product_ornament_color":"#738EC5","benefit_icons":["lactose-free","gluten-free","no-preservatives"],"protein_amount":"","product_details":{"ingredients":"s\u00f3jov\u00fd n\u00e1poj (voda, s\u00f3jov\u00e9 boby), 23 % tofu (s\u00f3jov\u00e9 boby, voda), \u0159epkov\u00fd olej, olej z m\u00e1slovn\u00edku, kuku\u0159i\u010dn\u00fd \u0161krob, s\u016fl, citronov\u00e1 \u0161\u0165\u00e1va z koncentr\u00e1tu, voda, stabiliz\u00e1tor: pektin, su\u0161en\u00e9 potravin\u00e1\u0159sk\u00e9 dro\u017ed\u00ed. M\u016f\u017ee obsahovat ho\u0159\u010dici.","packaging_image":2096,"nutritional_values":"<table class=\"nutritional-table\"><tbody><tr><th colspan=\"2\">V\u00fd\u017eivov\u00e9 \u00fadaje na 100 g<\/th><\/tr><tr><td>Energie<\/td><td>1191 kJ\/289 kcal<\/td><\/tr><tr><td>Tuky<\/td><td>29 g<\/td><\/tr><tr><td>\u2013 z toho nasycen\u00e9 mastn\u00e9 kyseliny<\/td><td>7,1 g<\/td><\/tr><tr><td>Sacharidy<\/td><td>1,4 g<\/td><\/tr><tr><td>\u2013 z toho cukry<\/td><td><0,5 g<\/td><\/tr><tr><td>Vl\u00e1knina<\/td><td>1,7 g<\/td><\/tr><tr><td>B\u00edlkoviny<\/td><td>5,8 g<\/td><\/tr><tr><td>S\u016fl<\/td><td>0,82 g<\/td><\/tr><tr><td>Lakt\u00f3za<\/td><td><0,01 g<\/td><\/tr><\/tbody><\/table>"},"product_benefits":{"benefit_image":null,"benefit_1":"Vyrobeno s l\u00e1skou","benefit_2":"V\u0161estrann\u00e9 pou\u017eit\u00ed","benefit_3":"Dokonale vyv\u00e1\u017een\u00e1 chu\u0165","benefit_4":"Pouze p\u0159\u00edrodn\u00ed ingredience"}},"_links":{"self":[{"href":"https:\/\/lunter.webgate.codes\/cz\/wp-json\/wp\/v2\/product\/2297","targetHints":{"allow":["GET"]}}],"collection":[{"href":"https:\/\/lunter.webgate.codes\/cz\/wp-json\/wp\/v2\/product"}],"about":[{"href":"https:\/\/lunter.webgate.codes\/cz\/wp-json\/wp\/v2\/types\/product"}],"wp:featuredmedia":[{"embeddable":true,"href":"https:\/\/lunter.webgate.codes\/cz\/wp-json\/wp\/v2\/media\/1674"}],"wp:attachment":[{"href":"https:\/\/lunter.webgate.codes\/cz\/wp-json\/wp\/v2\/media?parent=2297"}],"wp:term":[{"taxonomy":"product_type","embeddable":true,"href":"https:\/\/lunter.webgate.codes\/cz\/wp-json\/wp\/v2\/product_type?post=2297"}],"curies":[{"name":"wp","href":"https:\/\/api.w.org\/{rel}","templated":true}]}}