{"id":2293,"date":"2025-04-11T15:46:52","date_gmt":"2025-04-11T13:46:52","guid":{"rendered":"https:\/\/lunter.webgate.codes\/products\/smoked-creamy-spread-100\/"},"modified":"2025-04-11T15:56:19","modified_gmt":"2025-04-11T13:56:19","slug":"smoked-creamy-spread-100","status":"publish","type":"product","link":"https:\/\/lunter.webgate.codes\/cz\/produkty\/smoked-creamy-spread-100\/","title":{"rendered":"UZEN\u00c1 KR\u00c9MOV\u00c1 POMAZ\u00c1NKA"},"content":{"rendered":"<p>Kou\u0159ov\u00e1 chu\u0165, kter\u00e1 p\u0159ipom\u00edn\u00e1 tradi\u010dn\u00ed dobroty, ale ve 100% rostlinn\u00e9 verzi. Nat\u0159ete ji na \u010derstv\u011b upe\u010den\u00e9 pe\u010divo nebo ji pou\u017eijte jako super tajnou ingredienci v tepl\u00e9 kuchyni \u2013 na kr\u00e9mov\u00e9 t\u011bstoviny, slan\u00e9 kol\u00e1\u010de nebo jako z\u00e1klad pro dipy (nap\u0159\u00edklad na pe\u010den\u00e9 brambory). Lahodn\u00e1, kr\u00e9mov\u00e1 a bez konzervant\u016f \u2013 prost\u011b p\u0159\u00edroda ve sv\u00e9 nejlep\u0161\u00ed podob\u011b. Kdo ji jednou ochutn\u00e1, neodol\u00e1, to v\u00e1m zaru\u010dujeme.<\/p>\n","protected":false},"featured_media":1667,"template":"","product_type":[249],"class_list":["post-2293","product","type-product","status-publish","has-post-thumbnail","hentry","product_type-strivka"],"acf":{"product_show_in_compact":"1","product_tagline":"- Vyrobeno s l\u00e1skou\n- Praktick\u00e9 balen\u00ed\n- Dokonale vyv\u00e1\u017een\u00e1 chu\u0165\n- Pouze p\u0159\u00edrodn\u00ed ingredience","products_weight":"100g","product_ornament_type":"brush_thin","product_ornament_color":"#E0B4C1","benefit_icons":["source-of-omega-3","no-preservatives","gluten-free"],"protein_amount":"","product_details":{"ingredients":"s\u00f3jov\u00fd n\u00e1poj (voda, s\u00f3jov\u00e9 boby), \u0159epkov\u00fd olej, 17 % uzen\u00e9 tofu (s\u00f3jov\u00e9 boby, voda, s\u016fl), voda, \u0161krob, dro\u017ed\u00ed, wor\u010destrov\u00e1 om\u00e1\u010dka (voda, s\u00f3jov\u00e9 boby, fermentovan\u00e1 p\u0161enice \u2013 neobsahuje lepek, ocet, cukr, raj\u010datov\u00e1 \u0161\u0165\u00e1va z koncentr\u00e1tu, s\u016fl, jable\u010dn\u00e1 \u0161\u0165\u00e1va zkoncentr\u00e1tu, p\u0159\u00edrodn\u00ed aroma), s\u016fl, \u010desnek, kyselina: kyselina citronov\u00e1, uzen\u00e1 paprika. M\u016f\u017ee obsahovat ho\u0159\u010dici.","packaging_image":2091,"nutritional_values":"<table class=\"nutritional-table\"><tbody><tr><th colspan=\"2\">V\u00fd\u017eivov\u00e9 \u00fadaje na 100 g<\/th><\/tr><tr><td>Energie<\/td><td>1431kJ\/347kcal<\/td><\/tr><tr><td>Tuky<\/td><td>35g<\/td><\/tr><tr><td>\u2013 z toho nasycen\u00e9 mastn\u00e9 kyseliny<\/td><td>2,5g<\/td><\/tr><tr><td>Sacharidy<\/td><td>1,2g<\/td><\/tr><tr><td>\u2013 z toho cukry<\/td><td>0,5g<\/td><\/tr><tr><td>Vl\u00e1knina<\/td><td>2,0 g<\/td><\/tr><tr><td>B\u00edlkoviny<\/td><td>5,0 g<\/td><\/tr><tr><td>S\u016fl<\/td><td>0,91g<\/td><\/tr><\/tbody><\/table><p class=\"note\">*omega-3 mastn\u00e9 kyseliny 2,6 g\/100 g; kyselina \u03b1-linolenov\u00e1 (ALA) 2,5 g\/100 g \u2013 ALA p\u0159isp\u00edv\u00e1 k udr\u017een\u00ed norm\u00e1ln\u00ed hladiny cholesterolu v krvi, \u00fa\u010dinn\u00e1 d\u00e1vka: 2 g\/24 h.<\/p>"},"product_benefits":{"benefit_image":null,"benefit_1":"Vyrobeno s l\u00e1skou","benefit_2":"Praktick\u00e9 balen\u00ed","benefit_3":"Dokonale vyv\u00e1\u017een\u00e1 chu\u0165","benefit_4":"Pouze p\u0159\u00edrodn\u00ed ingredience"}},"_links":{"self":[{"href":"https:\/\/lunter.webgate.codes\/cz\/wp-json\/wp\/v2\/product\/2293","targetHints":{"allow":["GET"]}}],"collection":[{"href":"https:\/\/lunter.webgate.codes\/cz\/wp-json\/wp\/v2\/product"}],"about":[{"href":"https:\/\/lunter.webgate.codes\/cz\/wp-json\/wp\/v2\/types\/product"}],"wp:featuredmedia":[{"embeddable":true,"href":"https:\/\/lunter.webgate.codes\/cz\/wp-json\/wp\/v2\/media\/1667"}],"wp:attachment":[{"href":"https:\/\/lunter.webgate.codes\/cz\/wp-json\/wp\/v2\/media?parent=2293"}],"wp:term":[{"taxonomy":"product_type","embeddable":true,"href":"https:\/\/lunter.webgate.codes\/cz\/wp-json\/wp\/v2\/product_type?post=2293"}],"curies":[{"name":"wp","href":"https:\/\/api.w.org\/{rel}","templated":true}]}}