{"id":2292,"date":"2025-04-11T15:46:52","date_gmt":"2025-04-11T13:46:52","guid":{"rendered":"https:\/\/lunter.webgate.codes\/products\/tartar-spread-100\/"},"modified":"2025-04-11T15:56:19","modified_gmt":"2025-04-11T13:56:19","slug":"tartar-spread-100","status":"publish","type":"product","link":"https:\/\/lunter.webgate.codes\/cz\/produkty\/tartar-spread-100\/","title":{"rendered":"TATAR\u00c1\u010cEK POMAZ\u00c1NKA"},"content":{"rendered":"<p>Bohat\u00e1, lahodn\u00e1 pomaz\u00e1nka pln\u00e1 b\u00edlkovin, kterou si m\u016f\u017eete namazat na chl\u00e9b, pou\u017e\u00edt jako dip k \u010derstv\u00e9 zelenin\u011b nebo si j\u00ed vylep\u0161it obl\u00edben\u00e9 sva\u010dinky. Chcete n\u011bco extra? Pou\u017eijte ji jako z\u00e1klad pro rychl\u00e9 om\u00e1\u010dky nebo k dochucen\u00ed pokrm\u016f.<\/p>\n","protected":false},"featured_media":1665,"template":"","product_type":[249],"class_list":["post-2292","product","type-product","status-publish","has-post-thumbnail","hentry","product_type-strivka"],"acf":{"product_show_in_compact":"1","product_tagline":"Nama\u017ete si ji s l\u00e1skou","products_weight":"100g","product_ornament_type":"brush_thin","product_ornament_color":"#F0C1B6","benefit_icons":["source-of-fiber","no-preservatives","source-of-protein"],"protein_amount":"","product_details":{"ingredients":"sterilizovan\u00e1 zelenina (okurky, kapie, voda, ocet, s\u016fl, cukr, ko\u0159en\u00ed), 15 % tofu (s\u00f3jov\u00e9 boby, voda), okara (voda, s\u00f3jov\u00e9 boby), raj\u010data, ho\u0159\u010dice (voda, ho\u0159\u010dice, ocet, cukr, s\u016fl, ko\u0159en\u00ed), \u0159epkov\u00fd olej, voda, s\u00f3jov\u00e1 om\u00e1\u010dka (voda, s\u00f3jov\u00e9 boby, p\u0161enice, s\u016fl), p\u0161eni\u010dn\u00e1 mouka, cukr, ocet, cibule, \u010desnek, paprika, s\u016fl, jable\u010dn\u00e1 \u0161\u0165\u00e1va z koncentr\u00e1tu, extrakty ko\u0159en\u00ed, p\u0159\u00edrodn\u00ed aroma, stabiliz\u00e1tor (pektiny)","packaging_image":2019,"nutritional_values":"<table class=\"nutritional-table\"><tbody><tr><th colspan=\"2\">V\u00fd\u017eivov\u00e9 \u00fadaje na 100g<\/th><\/tr><tr><td>Energie<\/td><td>611 kJ\/147 kcal<\/td><\/tr><tr><td>Tuky<\/td><td>10 g<\/td><\/tr><tr><td>\u2013 z toho nasycen\u00e9 mastn\u00e9 kyseliny<\/td><td>0,7 g<\/td><\/tr><tr><td>Sacharidy<\/td><td>7,5 g<\/td><\/tr><tr><td>\u2013 z toho cukry<\/td><td>5,5 g<\/td><\/tr><tr><td>Vl\u00e1knina<\/td><td>3,5 g<\/td><\/tr><tr><td>B\u00edlkoviny<\/td><td>5,0 g<\/td><\/tr><tr><td>S\u016fl<\/td><td>1,4 g<\/td><\/tr><\/tbody><\/table>"},"product_benefits":{"benefit_image":null,"benefit_1":"Vyrobeno s l\u00e1skou","benefit_2":"Praktick\u00e9 balen\u00ed","benefit_3":"Dokonale vyv\u00e1\u017een\u00e1 chu\u0165","benefit_4":"Pouze p\u0159\u00edrodn\u00ed ingredience"}},"_links":{"self":[{"href":"https:\/\/lunter.webgate.codes\/cz\/wp-json\/wp\/v2\/product\/2292","targetHints":{"allow":["GET"]}}],"collection":[{"href":"https:\/\/lunter.webgate.codes\/cz\/wp-json\/wp\/v2\/product"}],"about":[{"href":"https:\/\/lunter.webgate.codes\/cz\/wp-json\/wp\/v2\/types\/product"}],"wp:featuredmedia":[{"embeddable":true,"href":"https:\/\/lunter.webgate.codes\/cz\/wp-json\/wp\/v2\/media\/1665"}],"wp:attachment":[{"href":"https:\/\/lunter.webgate.codes\/cz\/wp-json\/wp\/v2\/media?parent=2292"}],"wp:term":[{"taxonomy":"product_type","embeddable":true,"href":"https:\/\/lunter.webgate.codes\/cz\/wp-json\/wp\/v2\/product_type?post=2292"}],"curies":[{"name":"wp","href":"https:\/\/api.w.org\/{rel}","templated":true}]}}