{"id":2291,"date":"2025-04-11T15:46:52","date_gmt":"2025-04-11T13:46:52","guid":{"rendered":"https:\/\/lunter.webgate.codes\/products\/swiss-spread-100\/"},"modified":"2025-04-11T15:56:19","modified_gmt":"2025-04-11T13:56:19","slug":"swiss-spread-100","status":"publish","type":"product","link":"https:\/\/lunter.webgate.codes\/cz\/produkty\/swiss-spread-100\/","title":{"rendered":"\u0160V\u00ddCARSK\u00c1 POMAZ\u00c1NKA"},"content":{"rendered":"<p>Nen\u00ed ze \u0160v\u00fdcarska, ale chutn\u00e1 tak v\u00fdjime\u010dn\u011b, \u017ee by klidn\u011b mohla b\u00fdt. Kr\u00e9mov\u00e1, jemn\u00e1, vyv\u00e1\u017een\u00e1 chu\u0165. Jako s\u00fdrov\u00e1, ale bez s\u00fdra. V\u00fdborn\u011b se hod\u00ed na chleba, toasty nebo jen tak na l\u017ei\u010dku. Hod\u00ed se tak\u00e9 jako dip k \u010derstv\u00e9 zelenin\u011b nebo jako z\u00e1klad om\u00e1\u010dek pro r\u016fzn\u00e9 rychl\u00e9 pokrmy.<\/p>\n","protected":false},"featured_media":1663,"template":"","product_type":[249],"class_list":["post-2291","product","type-product","status-publish","has-post-thumbnail","hentry","product_type-strivka"],"acf":{"product_show_in_compact":"1","product_tagline":"Nama\u017ete si ji s l\u00e1skou","products_weight":"100g","product_ornament_type":"brush_thin","product_ornament_color":"#F4CF7D","benefit_icons":["source-of-omega-3","lactose-free","no-preservatives"],"protein_amount":"","product_details":{"ingredients":"s\u00f3jov\u00fd n\u00e1poj (voda, s\u00f3jov\u00e9 boby), \u0159epkov\u00fd olej, 14 % tofu (s\u00f3jov\u00e9 boby, voda), voda, \u0161krob, dro\u017ed\u00ed, s\u016fl, s\u00f3jov\u00e9 boby, r\u00fd\u017ee, fermentovan\u00e1 p\u0161enice \u2013 neobsahuje lepek, ocet, cukr, jable\u010dn\u00e1 \u0161\u0165\u00e1va z koncentr\u00e1tu, raj\u010data, \u010desnek, kurkuma, cibule, sirup z bat\u00e1tov\u00fdch brambor, t\u0159tinov\u00fd cukr, p\u0159\u00edrodn\u00ed aroma, kyselina: kyselina citronov\u00e1. M\u016f\u017ee obsahovat ho\u0159\u010dici.","packaging_image":2088,"nutritional_values":"<table class=\"nutritional-table\"><tbody><tr><th colspan=\"2\">V\u00fd\u017eivov\u00e9 \u00fadaje na 100 g<\/th><\/tr><tr><td>Energie<\/td><td>1390 kJ\/337kcal<\/td><\/tr><tr><td>Tuky<\/td><td>34g<\/td><\/tr><tr><td>\u2013 z toho nasycen\u00e9 mastn\u00e9 kyseliny<\/td><td>2,8g<\/td><\/tr><tr><td>Sacharidy<\/td><td>2,8g<\/td><\/tr><tr><td>\u2013 z toho cukry<\/td><td>0,8g<\/td><\/tr><tr><td>Vl\u00e1knina<\/td><td>1,2g<\/td><\/tr><tr><td>B\u00edlkoviny<\/td><td>4,4g<\/td><\/tr><tr><td>S\u016fl<\/td><td>0,80 g<\/td><\/tr><tr><td>Lakt\u00f3za<\/td><td><0,01 g\/100 g<\/td><\/tr><tr><td>Omega-3 mastn\u00e9 kyseliny<\/td><td>2,4 g\/100 g<\/td><\/tr><tr><td>Kyselina \u03b1-linolenov\u00e1 (ALA)<\/td><td>2,3 g\/100 g<\/td><\/tr><\/tbody><\/table><p class=\"note\">ALA p\u0159isp\u00edv\u00e1 k udr\u017een\u00ed norm\u00e1ln\u00ed hladiny cholesterolu v krvi, \u00fa\u010dinn\u00e1 d\u00e1vka: 2 g\/24 h.<\/p>"},"product_benefits":{"benefit_image":null,"benefit_1":"Vyrobeno s l\u00e1skou","benefit_2":"Praktick\u00e9 balen\u00ed","benefit_3":"Dokonale vyv\u00e1\u017een\u00e1 chu\u0165","benefit_4":"Pouze p\u0159\u00edrodn\u00ed ingredience"}},"_links":{"self":[{"href":"https:\/\/lunter.webgate.codes\/cz\/wp-json\/wp\/v2\/product\/2291","targetHints":{"allow":["GET"]}}],"collection":[{"href":"https:\/\/lunter.webgate.codes\/cz\/wp-json\/wp\/v2\/product"}],"about":[{"href":"https:\/\/lunter.webgate.codes\/cz\/wp-json\/wp\/v2\/types\/product"}],"wp:featuredmedia":[{"embeddable":true,"href":"https:\/\/lunter.webgate.codes\/cz\/wp-json\/wp\/v2\/media\/1663"}],"wp:attachment":[{"href":"https:\/\/lunter.webgate.codes\/cz\/wp-json\/wp\/v2\/media?parent=2291"}],"wp:term":[{"taxonomy":"product_type","embeddable":true,"href":"https:\/\/lunter.webgate.codes\/cz\/wp-json\/wp\/v2\/product_type?post=2291"}],"curies":[{"name":"wp","href":"https:\/\/api.w.org\/{rel}","templated":true}]}}