{"id":2290,"date":"2025-04-11T15:46:52","date_gmt":"2025-04-11T13:46:52","guid":{"rendered":"https:\/\/lunter.webgate.codes\/products\/crackling-spread-100\/"},"modified":"2025-04-11T15:56:19","modified_gmt":"2025-04-11T13:56:19","slug":"crackling-spread-100","status":"publish","type":"product","link":"https:\/\/lunter.webgate.codes\/cz\/produkty\/crackling-spread-100\/","title":{"rendered":"\u0160QVARKOV\u00c1 POMAZ\u00c1NKA"},"content":{"rendered":"<p>\u0160qvarkov\u00e1 je bezkonkuren\u010dn\u00ed bestseller, kter\u00e9mu se prost\u011b ned\u00e1 odolat. M\u00e1 bohatou a v\u00fdraznou chu\u0165, kterou si nejv\u00edce vychutn\u00e1te p\u0159\u00edmo z obalu (nebojte se, nebudeme v\u00e1s soudit). Kr\u00e9mov\u00e1, lahodn\u00e1 a neuv\u011b\u0159iteln\u011b syt\u00e1, ide\u00e1ln\u00ed na chleba, se zeleninou nebo s krekry.<\/p>\n","protected":false},"featured_media":1661,"template":"","product_type":[249],"class_list":["post-2290","product","type-product","status-publish","has-post-thumbnail","hentry","product_type-strivka"],"acf":{"product_show_in_compact":"1","product_tagline":"Nama\u017ete si ji s l\u00e1skou","products_weight":"100g","product_ornament_type":"brush_thin","product_ornament_color":"#CDAF8E","benefit_icons":["lactose-free","source-of-omega-3","no-preservatives"],"protein_amount":"","product_details":{"ingredients":"32 % tofu (57 % s\u00f3jov\u00e9 boby, voda), voda, \u0159epkov\u00fd olej, 10 % osma\u017een\u00e1 cibule (76 % cibule, \u0159epkov\u00fd olej, p\u0161eni\u010dn\u00e1 mouka, s\u016fl), dro\u017ed\u00ed, \u0161krob, s\u00f3jov\u00e1 om\u00e1\u010dka (voda, s\u00f3jov\u00e9 boby, p\u0161enice, s\u016fl), s\u016fl, jable\u010dn\u00fd ocet, stabiliz\u00e1tor: pektiny. M\u016f\u017ee obsahovat ho\u0159\u010dici.","packaging_image":2086,"nutritional_values":"<table class=\"nutritional-table\"><tbody><tr><th colspan=\"2\">V\u00fd\u017eivov\u00e9 \u00fadaje na 100g<\/th><\/tr><tr><td>Energie<\/td><td>1185 kJ\/287 kcal<\/td><\/tr><tr><td>Tuky<\/td><td>25 g<\/td><\/tr><tr><td>\u2013 z toho nasycen\u00e9 mastn\u00e9 kyseliny<\/td><td>1,8 g<\/td><\/tr><tr><td>Sacharidy<\/td><td>5,8 g<\/td><\/tr><tr><td>\u2013 z toho cukry<\/td><td>0,5 g<\/td><\/tr><tr><td>Vl\u00e1knina<\/td><td>3,0 g<\/td><\/tr><tr><td>B\u00edlkoviny<\/td><td>8,1 g<\/td><\/tr><tr><td>S\u016fl<\/td><td>1,1 g<\/td><\/tr><tr><td>Lakt\u00f3za<\/td><td><0,01 g<\/td><\/tr><tr><td>Omega-3 mastn\u00e9 kyseliny<\/td><td>1,5 g\/100 g<\/td><\/tr><tr><td>Kyselina \u03b1-linolenov\u00e1 (ALA)<\/td><td>1,4 g\/100 g<\/td><\/tr><\/tbody><\/table><p class=\"note\">ALA p\u0159isp\u00edv\u00e1 k udr\u017een\u00ed norm\u00e1ln\u00ed hladiny cholesterolu v krvi, \u00fa\u010dinn\u00e1 d\u00e1vka: 2 g\/24 h.<\/p>"},"product_benefits":{"benefit_image":null,"benefit_1":"Vyrobeno s l\u00e1skou","benefit_2":"Praktick\u00e9 balen\u00ed","benefit_3":"Dokonale vyv\u00e1\u017een\u00e1 chu\u0165","benefit_4":"Pouze p\u0159\u00edrodn\u00ed ingredience"}},"_links":{"self":[{"href":"https:\/\/lunter.webgate.codes\/cz\/wp-json\/wp\/v2\/product\/2290","targetHints":{"allow":["GET"]}}],"collection":[{"href":"https:\/\/lunter.webgate.codes\/cz\/wp-json\/wp\/v2\/product"}],"about":[{"href":"https:\/\/lunter.webgate.codes\/cz\/wp-json\/wp\/v2\/types\/product"}],"wp:featuredmedia":[{"embeddable":true,"href":"https:\/\/lunter.webgate.codes\/cz\/wp-json\/wp\/v2\/media\/1661"}],"wp:attachment":[{"href":"https:\/\/lunter.webgate.codes\/cz\/wp-json\/wp\/v2\/media?parent=2290"}],"wp:term":[{"taxonomy":"product_type","embeddable":true,"href":"https:\/\/lunter.webgate.codes\/cz\/wp-json\/wp\/v2\/product_type?post=2290"}],"curies":[{"name":"wp","href":"https:\/\/api.w.org\/{rel}","templated":true}]}}