{"id":2289,"date":"2025-04-11T15:46:52","date_gmt":"2025-04-11T13:46:52","guid":{"rendered":"https:\/\/lunter.webgate.codes\/products\/mexican-spread-100\/"},"modified":"2025-04-11T15:56:19","modified_gmt":"2025-04-11T13:56:19","slug":"mexican-spread-100","status":"publish","type":"product","link":"https:\/\/lunter.webgate.codes\/cz\/produkty\/mexican-spread-100\/","title":{"rendered":"MEXICK\u00c1 POMAZ\u00c1NKA"},"content":{"rendered":"<p>Fiesta pro va\u0161e chu\u0165ov\u00e9 poh\u00e1rky! Mexick\u00e1 je jedn\u00edm z na\u0161ich nejprod\u00e1van\u011bj\u0161\u00edch pokrm\u016f a zamilujete si ji zejm\u00e9na pro jej\u00ed jemn\u011b pikantn\u00ed n\u00e1dech chilli. Tato pomaz\u00e1nka dod\u00e1 va\u0161emu dni ten spr\u00e1vn\u00fd \u0161mrnc, sta\u010d\u00ed ji jen namazat a vychutnat si ji. Rozet\u0159ete a vychutnejte si ji, nap\u0159\u00edklad p\u0159\u00edmo z obalu.<\/p>\n","protected":false},"featured_media":1659,"template":"","product_type":[249],"class_list":["post-2289","product","type-product","status-publish","has-post-thumbnail","hentry","product_type-strivka"],"acf":{"product_show_in_compact":"1","product_tagline":"Nama\u017ete si ji s l\u00e1skou","products_weight":"100g","product_ornament_type":"brush_thin","product_ornament_color":"#EA8373","benefit_icons":["no-preservatives","source-of-protein","gluten-free"],"protein_amount":"","product_details":{"ingredients":"voda, 32 % tofu (s\u00f3jov\u00e9 boby, voda), \u0159epkov\u00fd olej, okara (voda, s\u00f3jov\u00e9 boby), su\u0161en\u00e9 potravin\u00e1\u0159sk\u00e9 dro\u017ed\u00ed, kuku\u0159i\u010dn\u00fd \u0161krob, cibule, 1,7 % paprikov\u00e9 vlo\u010dky \u010derven\u00e9 a zelen\u00e9, s\u016fl, sm\u011bs ko\u0159en\u00ed, 0,3 % chilli. M\u016f\u017ee obsahovat ho\u0159\u010dici.","packaging_image":2084,"nutritional_values":"<table class=\"nutritional-table\"><tbody><tr><th colspan=\"2\">V\u00fd\u017eivov\u00e9 \u00fadaje na 100g<\/th><\/tr><tr><td>Energie<\/td><td>729 kJ\/176 kcal<\/td><\/tr><tr><td>Tuky<\/td><td>13 g<\/td><\/tr><tr><td>\u2013 z toho nasycen\u00e9 mastn\u00e9 kyseliny<\/td><td>1,1 g<\/td><\/tr><tr><td>Sacharidy<\/td><td>6,5 g<\/td><\/tr><tr><td>\u2013 z toho cukry<\/td><td>0,7 g<\/td><\/tr><tr><td>Vl\u00e1knina<\/td><td>2,3 g<\/td><\/tr><tr><td>Bielkoviny<\/td><td>7,0 g<\/td><\/tr><tr><td>S\u016fl<\/td><td>1,3 g<\/td><\/tr><\/tbody><\/table>"},"product_benefits":{"benefit_image":null,"benefit_1":"Vyrobeno s l\u00e1skou","benefit_2":"Praktick\u00e9 balen\u00ed","benefit_3":"Dokonale vyv\u00e1\u017een\u00e1 chu\u0165","benefit_4":"Pouze p\u0159\u00edrodn\u00ed ingredience"}},"_links":{"self":[{"href":"https:\/\/lunter.webgate.codes\/cz\/wp-json\/wp\/v2\/product\/2289","targetHints":{"allow":["GET"]}}],"collection":[{"href":"https:\/\/lunter.webgate.codes\/cz\/wp-json\/wp\/v2\/product"}],"about":[{"href":"https:\/\/lunter.webgate.codes\/cz\/wp-json\/wp\/v2\/types\/product"}],"wp:featuredmedia":[{"embeddable":true,"href":"https:\/\/lunter.webgate.codes\/cz\/wp-json\/wp\/v2\/media\/1659"}],"wp:attachment":[{"href":"https:\/\/lunter.webgate.codes\/cz\/wp-json\/wp\/v2\/media?parent=2289"}],"wp:term":[{"taxonomy":"product_type","embeddable":true,"href":"https:\/\/lunter.webgate.codes\/cz\/wp-json\/wp\/v2\/product_type?post=2289"}],"curies":[{"name":"wp","href":"https:\/\/api.w.org\/{rel}","templated":true}]}}