{"id":2288,"date":"2025-04-11T15:46:52","date_gmt":"2025-04-11T13:46:52","guid":{"rendered":"https:\/\/lunter.webgate.codes\/products\/hummus-spread-100\/"},"modified":"2025-04-11T15:56:19","modified_gmt":"2025-04-11T13:56:19","slug":"hummus-spread-100","status":"publish","type":"product","link":"https:\/\/lunter.webgate.codes\/cz\/produkty\/hummus-spread-100\/","title":{"rendered":"HUMMUS POMAZ\u00c1NKA"},"content":{"rendered":"<p>Je leh\u010d\u00ed ne\u017e klasick\u00fd hummus, ale st\u00e1le pln\u00e1 b\u00edlkovin z cizrny. Jemn\u00e1, kr\u00e9mov\u00e1 a neodolateln\u011b lahodn\u00e1 \u2013 ide\u00e1ln\u00ed na chl\u00e9b, jako dip k zelenin\u011b nebo rychl\u00e1 sva\u010dinka. Kdy\u017e chcete n\u011bco zdrav\u00e9ho, ale nechcete d\u011blat kompromisy v chuti, tohle je ta spr\u00e1vn\u00e1 volba. Sta\u010d\u00ed otev\u0159\u00edt a vychutnat si ka\u017ed\u00e9 sousto, klidn\u011b p\u0159\u00edmo z obalu.<\/p>\n","protected":false},"featured_media":1657,"template":"","product_type":[249],"class_list":["post-2288","product","type-product","status-publish","has-post-thumbnail","hentry","product_type-strivka"],"acf":{"product_show_in_compact":"1","product_tagline":"Nama\u017ete si ji s l\u00e1skou","products_weight":"100g","product_ornament_type":"brush_thin","product_ornament_color":"#FAC377","benefit_icons":["no-preservatives","source-of-fiber","gluten-free"],"protein_amount":"","product_details":{"ingredients":"46 % cizrna, \u0159epkov\u00fd olej, voda, jable\u010dn\u00fd ocet, su\u0161en\u00fd \u010desnek, kuku\u0159i\u010dn\u00fd \u0161krob, s\u016fl. M\u016f\u017ee obsahovat stopy s\u00f3jov\u00fdch bob\u016f a ho\u0159\u010dice.","packaging_image":2082,"nutritional_values":"<table class=\"nutritional-table\"><tbody><tr><th colspan=\"2\">V\u00fd\u017eivov\u00e9 \u00fadaje na 100g<\/th><\/tr><tr><td>Energie<\/td><td>1243 kJ\/300 kcal<\/td><\/tr><tr><td>Tuky<\/td><td>26 g<\/td><\/tr><tr><td>\u2013 z toho nasycen\u00e9 mastn\u00e9 kyseliny<\/td><td>1,7 g<\/td><\/tr><tr><td>Sacharidy<\/td><td>11 g<\/td><\/tr><tr><td>\u2013 z toho cukry<\/td><td>0,5 g<\/td><\/tr><tr><td>Vl\u00e1knina<\/td><td>3,2 g<\/td><\/tr><tr><td>B\u00edlkoviny<\/td><td>4,0 g<\/td><\/tr><tr><td>S\u016fl<\/td><td>1,4 g<\/td><\/tr><\/tbody><\/table>"},"product_benefits":{"benefit_image":null,"benefit_1":"Vyrobeno s l\u00e1skou","benefit_2":"Praktick\u00e9 balen\u00ed","benefit_3":"Dokonale vyv\u00e1\u017een\u00e1 chu\u0165","benefit_4":"Pouze p\u0159\u00edrodn\u00ed ingredience"}},"_links":{"self":[{"href":"https:\/\/lunter.webgate.codes\/cz\/wp-json\/wp\/v2\/product\/2288","targetHints":{"allow":["GET"]}}],"collection":[{"href":"https:\/\/lunter.webgate.codes\/cz\/wp-json\/wp\/v2\/product"}],"about":[{"href":"https:\/\/lunter.webgate.codes\/cz\/wp-json\/wp\/v2\/types\/product"}],"wp:featuredmedia":[{"embeddable":true,"href":"https:\/\/lunter.webgate.codes\/cz\/wp-json\/wp\/v2\/media\/1657"}],"wp:attachment":[{"href":"https:\/\/lunter.webgate.codes\/cz\/wp-json\/wp\/v2\/media?parent=2288"}],"wp:term":[{"taxonomy":"product_type","embeddable":true,"href":"https:\/\/lunter.webgate.codes\/cz\/wp-json\/wp\/v2\/product_type?post=2288"}],"curies":[{"name":"wp","href":"https:\/\/api.w.org\/{rel}","templated":true}]}}