{"id":2287,"date":"2025-04-11T15:46:52","date_gmt":"2025-04-11T13:46:52","guid":{"rendered":"https:\/\/lunter.webgate.codes\/products\/french-spread-100\/"},"modified":"2025-04-14T21:03:44","modified_gmt":"2025-04-14T19:03:44","slug":"french-spread-100","status":"publish","type":"product","link":"https:\/\/lunter.webgate.codes\/cz\/produkty\/french-spread-100\/","title":{"rendered":"FRANCOUZSK\u00c1 POMAZ\u00c1NKA"},"content":{"rendered":"<p>Francouzsk\u00e1 je l\u00e1ska! Prvn\u00ed tofu pomaz\u00e1nka, kterou jsme vytvo\u0159ili. Oblibu si z\u00edskala d\u00edky sv\u00e9 pln\u00e9, lahodn\u00e9 chuti a vysok\u00e9mu obsahu rostlinn\u00fdch b\u00edlkovin. Ide\u00e1ln\u00ed na sendvi\u010de, sva\u010diny nebo jako dip k \u010derstv\u00e9 zelenin\u011b. Chutn\u00e1, v\u00fd\u017eivn\u00e1 a mezi na\u0161imi Luntery obl\u00edben\u00e1 od sam\u00e9ho za\u010d\u00e1tku.<\/p>\n","protected":false},"featured_media":1655,"template":"","product_type":[249],"class_list":["post-2287","product","type-product","status-publish","has-post-thumbnail","hentry","product_type-strivka"],"acf":{"product_show_in_compact":"1","product_tagline":"Nama\u017ete si ji s l\u00e1skou","products_weight":"100g","product_ornament_type":"brush_thin","product_ornament_color":"#7CBECD","benefit_icons":["source-of-omega-3","source-of-fiber","source-of-protein"],"protein_amount":"","product_details":{"ingredients":"32 % tofu (s\u00f3jov\u00e9 boby, voda), voda, okara (voda, s\u00f3jov\u00e9 boby), 9 % cibule, 6 % dro\u017ed\u00ed (dro\u017ed\u00ed, je\u010dn\u00fd sladov\u00fd extrakt), \u0159epkov\u00fd olej, \u0161krob, ho\u0159\u010dice (voda, ho\u0159\u010di\u010dn\u00e9 semeno, ocet, cukr, s\u016fl, ko\u0159en\u00ed), s\u016fl.","packaging_image":2080,"nutritional_values":"<table class=\"nutritional-table\">\r\n<tbody>\r\n<tr>\r\n<th colspan=\"2\">V\u00fd\u017eivov\u00e9 \u00fadaje na 100 g<\/th>\r\n<\/tr>\r\n<tr>\r\n<td>Energie<\/td>\r\n<td>564 kJ\/136 kcal<\/td>\r\n<\/tr>\r\n<tr>\r\n<td>Tuky<\/td>\r\n<td>9,0 g<\/td>\r\n<\/tr>\r\n<tr>\r\n<td>\u2013 z toho nasycen\u00e9 mastn\u00e9 kyseliny<\/td>\r\n<td>0,8 g<\/td>\r\n<\/tr>\r\n<tr>\r\n<td>Sacharidy<\/td>\r\n<td>3,3 g<\/td>\r\n<\/tr>\r\n<tr>\r\n<td>\u2013 z toho cukry<\/td>\r\n<td>&lt;0,5<\/td>\r\n<\/tr>\r\n<tr>\r\n<td>Vl\u00e1knina<\/td>\r\n<td>3,8 g<\/td>\r\n<\/tr>\r\n<tr>\r\n<td>B\u00edlkoviny<\/td>\r\n<td>8,5 g<\/td>\r\n<\/tr>\r\n<tr>\r\n<td>S\u016fl<\/td>\r\n<td>1,1 g<\/td>\r\n<\/tr>\r\n<tr>\r\n<td>Omega-3 mastn\u00e9 kyseliny<\/td>\r\n<td>0,41 g\/100 g<\/td>\r\n<\/tr>\r\n<tr>\r\n<td>Kyselina \u03b1-linolenov\u00e1 (ALA)<\/td>\r\n<td>0,40 g\/100 g<\/td>\r\n<\/tr>\r\n<\/tbody>\r\n<\/table>\r\n<p class=\"note\">ALA p\u0159isp\u00edv\u00e1 k udr\u017een\u00ed norm\u00e1ln\u00ed hladiny cholesterolu v krvi, \u00fa\u010dinn\u00e1 d\u00e1vka: 2 g\/24 h.<\/p>"},"product_benefits":{"benefit_image":null,"benefit_1":"Vyrobeno s l\u00e1skou","benefit_2":"Praktick\u00e9 balen\u00ed","benefit_3":"Dokonale vyv\u00e1\u017een\u00e1 chu\u0165","benefit_4":"Pouze p\u0159\u00edrodn\u00ed ingredience"}},"_links":{"self":[{"href":"https:\/\/lunter.webgate.codes\/cz\/wp-json\/wp\/v2\/product\/2287","targetHints":{"allow":["GET"]}}],"collection":[{"href":"https:\/\/lunter.webgate.codes\/cz\/wp-json\/wp\/v2\/product"}],"about":[{"href":"https:\/\/lunter.webgate.codes\/cz\/wp-json\/wp\/v2\/types\/product"}],"wp:featuredmedia":[{"embeddable":true,"href":"https:\/\/lunter.webgate.codes\/cz\/wp-json\/wp\/v2\/media\/1655"}],"wp:attachment":[{"href":"https:\/\/lunter.webgate.codes\/cz\/wp-json\/wp\/v2\/media?parent=2287"}],"wp:term":[{"taxonomy":"product_type","embeddable":true,"href":"https:\/\/lunter.webgate.codes\/cz\/wp-json\/wp\/v2\/product_type?post=2287"}],"curies":[{"name":"wp","href":"https:\/\/api.w.org\/{rel}","templated":true}]}}