{"id":2284,"date":"2025-04-11T15:46:46","date_gmt":"2025-04-11T13:46:46","guid":{"rendered":"https:\/\/lunter.webgate.codes\/products\/sausages-mild-200\/"},"modified":"2025-04-11T15:56:12","modified_gmt":"2025-04-11T13:56:12","slug":"sausages-mild-200","status":"publish","type":"product","link":"https:\/\/lunter.webgate.codes\/cz\/produkty\/sausages-mild-200\/","title":{"rendered":"SAUSAGES JEMN\u00c9"},"content":{"rendered":"<p>Lunter Mild Sausages maj\u00ed lahodnou kou\u0159ovou chu\u0165, kter\u00e1 se skv\u011ble hod\u00ed ke grilov\u00e1n\u00ed, op\u00e9k\u00e1n\u00ed na p\u00e1nvi nebo jednodu\u0161e k pe\u010divu. Jsou bohat\u00e9 na b\u00edlkoviny, neobsahuj\u00ed cholesterol a jsou ide\u00e1ln\u00ed volbou pro rychl\u00e9 a chutn\u00e9 j\u00eddlo. Ide\u00e1ln\u00ed pro ka\u017edou p\u0159\u00edle\u017eitost \u2013 \u017e\u00e1dn\u00e9 starosti, jen skv\u011bl\u00e1 chu\u0165 p\u0159ipraven\u00e1 dodat v\u00e1m energii na cel\u00fd den.<\/p>\n","protected":false},"featured_media":1649,"template":"","product_type":[246],"class_list":["post-2284","product","type-product","status-publish","has-post-thumbnail","hentry","product_type-sausages-cz"],"acf":{"product_show_in_compact":"1","product_tagline":"Ide\u00e1ln\u00ed na gril, p\u00e1nev i k pe\u010divu","products_weight":"200g","product_ornament_type":"leafs","product_ornament_color":"#9DA600","benefit_icons":["gluten-free","source-of-protein","non-gmo-soybeans"],"protein_amount":"","product_details":{"ingredients":"55 % tofu (57 % s\u00f3jov\u00e9 boby, voda), voda, \u0159epkov\u00fd olej, hrachov\u00e1 b\u00edlkovina, slune\u010dnicov\u00e1 b\u00edlkovina, bezlepkov\u00e1 s\u00f3jov\u00e1 om\u00e1\u010dka (voda, fermentovan\u00e9 s\u00f3jov\u00e9 boby, fermentovan\u00e1 p\u0161enice, s\u016fl), su\u0161en\u00e1 cibule, su\u0161en\u00fd \u010desnek, s\u016fl, sm\u011bs ko\u0159en\u00ed a extrakt\u016f ko\u0159en\u00ed, fermentovan\u00e1 r\u00fd\u017ee, p\u0159\u00edrodn\u00ed aromata, zahu\u0161\u0165ovadla: konjak, karagenan, methylcelulosa; \u017eel\u00edruj\u00edci l\u00e1tka: chlorid draseln\u00fd; antioxidant: kyselina askorbov\u00e1","packaging_image":2074,"nutritional_values":"<table class=\"nutritional-table\"><tbody><tr><th colspan=\"2\">V\u00fd\u017eivov\u00e9 \u00fadaje na 100g<\/th><\/tr><tr><td>Energie<\/td><td>932 kJ\/225 kcal<\/td><\/tr><tr><td>Tuky<\/td><td>18 g<\/td><\/tr><tr><td>\u2013 z toho nasycen\u00e9 mastn\u00e9 kyseliny<\/td><td>1,4 g<\/td><\/tr><tr><td>Sacharidy<\/td><td>2,7 g<\/td><\/tr><tr><td>\u2013 z toho cukry<\/td><td><0,5 g<\/td><\/tr><tr><td>Vl\u00e1knina<\/td><td>2,0 g<\/td><\/tr><tr><td>B\u00edlkoviny<\/td><td>12 g<\/td><\/tr><tr><td>S\u016fl<\/td><td>1,5 g<\/td><\/tr><\/tbody><\/table>"},"product_benefits":{"benefit_image":null,"benefit_1":"Dokonale vyv\u00e1\u017een\u00e1 chu\u0165","benefit_2":"Vyrobeno s l\u00e1skou","benefit_3":"Grilov\u00e1n\u00ed, pe\u010den\u00ed, va\u0159en\u00ed","benefit_4":"P\u0159ipraven\u00e9 b\u011bhem n\u011bkolika minut"}},"_links":{"self":[{"href":"https:\/\/lunter.webgate.codes\/cz\/wp-json\/wp\/v2\/product\/2284","targetHints":{"allow":["GET"]}}],"collection":[{"href":"https:\/\/lunter.webgate.codes\/cz\/wp-json\/wp\/v2\/product"}],"about":[{"href":"https:\/\/lunter.webgate.codes\/cz\/wp-json\/wp\/v2\/types\/product"}],"wp:featuredmedia":[{"embeddable":true,"href":"https:\/\/lunter.webgate.codes\/cz\/wp-json\/wp\/v2\/media\/1649"}],"wp:attachment":[{"href":"https:\/\/lunter.webgate.codes\/cz\/wp-json\/wp\/v2\/media?parent=2284"}],"wp:term":[{"taxonomy":"product_type","embeddable":true,"href":"https:\/\/lunter.webgate.codes\/cz\/wp-json\/wp\/v2\/product_type?post=2284"}],"curies":[{"name":"wp","href":"https:\/\/api.w.org\/{rel}","templated":true}]}}