{"id":2283,"date":"2025-04-11T15:46:46","date_gmt":"2025-04-11T13:46:46","guid":{"rendered":"https:\/\/lunter.webgate.codes\/products\/quick-creations-grain-pie-190\/"},"modified":"2025-04-11T15:56:12","modified_gmt":"2025-04-11T13:56:12","slug":"quick-creations-grain-pie-190","status":"publish","type":"product","link":"https:\/\/lunter.webgate.codes\/cz\/produkty\/quick-creations-grain-pie-190\/","title":{"rendered":"QUICK CREATIONS TOFU PREJT"},"content":{"rendered":"<p>\u010cist\u00fd, jednoduch\u00e9, bez zbyte\u010dnost\u00ed. Je p\u0159ipraven\u00e9 na v\u0161e, co si v kuchyni vymysl\u00edte. Chcete ho marinovat, grilovat, rozmixovat do smoothie nebo p\u0159idat do kol\u00e1\u010de? \u017d\u00e1dn\u00fd probl\u00e9m. M\u00e1 neutr\u00e1ln\u00ed chu\u0165, kter\u00e1 se p\u0159izp\u016fsob\u00ed ka\u017ed\u00e9mu receptu. Bohat\u00e9 na b\u00edlkoviny, lehce straviteln\u00e9, 100% rostlinn\u00e9. Sta\u010d\u00ed otev\u0159\u00edt a za\u010d\u00edt va\u0159it.<\/p>\n","protected":false},"featured_media":1647,"template":"","product_type":[245],"class_list":["post-2283","product","type-product","status-publish","has-post-thumbnail","hentry","product_type-quick-creations-cz"],"acf":{"product_show_in_compact":"1","product_tagline":"Rychl\u00e9, snadn\u00e9, chutn\u00e9","products_weight":"190g","product_ornament_type":"brush_thick","product_ornament_color":"#C7C982","benefit_icons":["source-of-protein","source-of-fiber","no-preservatives"],"protein_amount":"","product_details":{"ingredients":"38 % kysan\u00e9 zel\u00ed (70 % zel\u00ed, s\u016fl, ko\u0159en\u00ed), 33 % je\u010dn\u00e9 kroupy, voda, \u0159epkov\u00fd olej, 4 % tofu (s\u00f3jov\u00e9 boby, voda), p\u0161eni\u010dn\u00e1 b\u00edlkovina, cibule, kuku\u0159i\u010dn\u00fd \u0161krob, \u010desnek, ko\u0159en\u00ed, s\u016fl, dro\u017ed\u00ed, fermentovan\u00e1 r\u00fd\u017ee. M\u016f\u017ee obsahovat ho\u0159\u010dici.","packaging_image":2072,"nutritional_values":"<table class=\"nutritional-table\"><tbody><tr><th colspan=\"2\">V\u00fd\u017eivov\u00e9 \u00fadaje na 100 g<\/th><\/tr><tr><td>Energie<\/td><td>671 kJ\/161 kcal<\/td><\/tr><tr><td>Tuky<\/td><td>9,1 g<\/td><\/tr><tr><td>\u2013 z toho nasycen\u00e9 mastn\u00e9 kyseliny<\/td><td>0,7 g<\/td><\/tr><tr><td>Sacharidy<\/td><td>12 g<\/td><\/tr><tr><td>\u2013 z toho cukry<\/td><td>0,5 g<\/td><\/tr><tr><td>Vl\u00e1knina<\/td><td>4,0 g<\/td><\/tr><tr><td>B\u00edlkoviny<\/td><td>5,8 g<\/td><\/tr><tr><td>S\u016fl<\/td><td>1,2 g<\/td><\/tr><\/tbody><\/table>"},"product_benefits":{"benefit_image":null,"benefit_1":"P\u0159ipraven\u00e9 b\u011bhem n\u011bkolika minut","benefit_2":"Dokonale vyv\u00e1\u017een\u00e1 chu\u0165","benefit_3":"Vyrobeno s l\u00e1skou","benefit_4":"Pouze p\u0159\u00edrodn\u00ed ingredience"}},"_links":{"self":[{"href":"https:\/\/lunter.webgate.codes\/cz\/wp-json\/wp\/v2\/product\/2283","targetHints":{"allow":["GET"]}}],"collection":[{"href":"https:\/\/lunter.webgate.codes\/cz\/wp-json\/wp\/v2\/product"}],"about":[{"href":"https:\/\/lunter.webgate.codes\/cz\/wp-json\/wp\/v2\/types\/product"}],"wp:featuredmedia":[{"embeddable":true,"href":"https:\/\/lunter.webgate.codes\/cz\/wp-json\/wp\/v2\/media\/1647"}],"wp:attachment":[{"href":"https:\/\/lunter.webgate.codes\/cz\/wp-json\/wp\/v2\/media?parent=2283"}],"wp:term":[{"taxonomy":"product_type","embeddable":true,"href":"https:\/\/lunter.webgate.codes\/cz\/wp-json\/wp\/v2\/product_type?post=2283"}],"curies":[{"name":"wp","href":"https:\/\/api.w.org\/{rel}","templated":true}]}}