{"id":2282,"date":"2025-04-11T15:46:46","date_gmt":"2025-04-11T13:46:46","guid":{"rendered":"https:\/\/lunter.webgate.codes\/products\/quick-creations-bolognese-190\/"},"modified":"2025-04-14T20:57:24","modified_gmt":"2025-04-14T18:57:24","slug":"quick-creations-bolognese-190","status":"publish","type":"product","link":"https:\/\/lunter.webgate.codes\/cz\/produkty\/quick-creations-bolognese-190\/","title":{"rendered":"QUICK CREATIONS BOLO\u0147SK\u00c1"},"content":{"rendered":"<p>Tou\u017e\u00edte po bohat\u00e9 chuti klasick\u00e9 bolo\u0148sk\u00e9 om\u00e1\u010dky, ale chcete \u010dist\u011b rostlinnou pochoutku? Na\u0161e Lunter Bolo\u0148sk\u00e1 uspokoj\u00ed va\u0161e chut\u011b. Vyr\u00e1b\u00ed se z kvalitn\u00edch rostlinn\u00fdch surovin a p\u0159in\u00e1\u0161\u00ed uklid\u0148uj\u00edc\u00ed chu\u0165 klasick\u00fdch italsk\u00fdch j\u00eddel. A\u0165 u\u017e ji sm\u00edch\u00e1te se sv\u00fdmi obl\u00edben\u00fdmi t\u011bstovinami, vlo\u017e\u00edte mezi lasagne nebo pou\u017eijete jako z\u00e1klad na pizzu \u010di sot\u00e9, Bolo\u0148sk\u00e1 je tak univerz\u00e1ln\u00ed jako va\u0161e fantazie.<\/p>\n","protected":false},"featured_media":1782,"template":"","product_type":[245],"class_list":["post-2282","product","type-product","status-publish","has-post-thumbnail","hentry","product_type-quick-creations-cz"],"acf":{"product_show_in_compact":"1","product_tagline":"Rychl\u00e9, snadn\u00e9, chutn\u00e9","products_weight":"190g","product_ornament_type":"brush_thick","product_ornament_color":"#CB7B78","benefit_icons":["source-of-fiber","gluten-free","source-of-protein"],"protein_amount":"","product_details":{"ingredients":"voda, 26 % tofu (s\u00f3jov\u00e9 boby, voda), 13 % raj\u010data, cibule, \u0159epkov\u00fd olej, cukr, \u010desnek, s\u016fl, s\u00f3jov\u00e9 boby, fermentovan\u00e1 p\u0161enice \u2013 bez lepku, \u0161krob, ko\u0159en\u00ed, byliny, extrakt z ko\u0159en\u00ed. M\u016f\u017ee obsahovat ho\u0159\u010dici.","packaging_image":2070,"nutritional_values":"<table class=\"nutritional-table\">\r\n<tbody>\r\n<tr>\r\n<th colspan=\"2\">V\u00fd\u017eivov\u00e9 \u00fadaje na 100 g<\/th>\r\n<\/tr>\r\n<tr>\r\n<td>Energie<\/td>\r\n<td>438 kJ\/105 kcal<\/td>\r\n<\/tr>\r\n<tr>\r\n<td>Tuky<\/td>\r\n<td>4,9 g<\/td>\r\n<\/tr>\r\n<tr>\r\n<td>\u2013 z toho nasycen\u00e9 mastn\u00e9 kyseliny<\/td>\r\n<td>0,4 g<\/td>\r\n<\/tr>\r\n<tr>\r\n<td>Sacharidy<\/td>\r\n<td>7,5 g<\/td>\r\n<\/tr>\r\n<tr>\r\n<td>\u2013 z toho cukry<\/td>\r\n<td>6,6 g<\/td>\r\n<\/tr>\r\n<tr>\r\n<td>Vl\u00e1knina<\/td>\r\n<td>4,7 g<\/td>\r\n<\/tr>\r\n<tr>\r\n<td>B\u00edlkoviny<\/td>\r\n<td>5,4 g<\/td>\r\n<\/tr>\r\n<tr>\r\n<td>S\u016fl<\/td>\r\n<td>1,3 g<\/td>\r\n<\/tr>\r\n<\/tbody>\r\n<\/table>"},"product_benefits":{"benefit_image":null,"benefit_1":"P\u0159ipraven\u00e9 b\u011bhem n\u011bkolika minut","benefit_2":"Dokonale vyv\u00e1\u017een\u00e1 chu\u0165","benefit_3":"Vyrobeno s l\u00e1skou","benefit_4":"Pouze p\u0159\u00edrodn\u00ed ingredience"}},"_links":{"self":[{"href":"https:\/\/lunter.webgate.codes\/cz\/wp-json\/wp\/v2\/product\/2282","targetHints":{"allow":["GET"]}}],"collection":[{"href":"https:\/\/lunter.webgate.codes\/cz\/wp-json\/wp\/v2\/product"}],"about":[{"href":"https:\/\/lunter.webgate.codes\/cz\/wp-json\/wp\/v2\/types\/product"}],"wp:featuredmedia":[{"embeddable":true,"href":"https:\/\/lunter.webgate.codes\/cz\/wp-json\/wp\/v2\/media\/1782"}],"wp:attachment":[{"href":"https:\/\/lunter.webgate.codes\/cz\/wp-json\/wp\/v2\/media?parent=2282"}],"wp:term":[{"taxonomy":"product_type","embeddable":true,"href":"https:\/\/lunter.webgate.codes\/cz\/wp-json\/wp\/v2\/product_type?post=2282"}],"curies":[{"name":"wp","href":"https:\/\/api.w.org\/{rel}","templated":true}]}}