{"id":2280,"date":"2025-04-11T15:46:46","date_gmt":"2025-04-11T13:46:46","guid":{"rendered":"https:\/\/lunter.webgate.codes\/products\/quick-creations-cabbage-pie-190\/"},"modified":"2025-04-11T15:56:12","modified_gmt":"2025-04-11T13:56:12","slug":"quick-creations-cabbage-pie-190","status":"publish","type":"product","link":"https:\/\/lunter.webgate.codes\/cz\/produkty\/quick-creations-cabbage-pie-190\/","title":{"rendered":"QUICK CREATIONS TOFU ZELN\u00dd N\u00c1KYP"},"content":{"rendered":"<p>Milujete tradi\u010dn\u00ed j\u00eddla, ale pot\u0159ebujete odleh\u010dit sv\u016fj j\u00eddeln\u00ed\u010dek? Lunter Quick Creations Kolo\u017ev\u00e1rsk\u00e1 je va\u0161e z\u00e1chrana. Vyr\u00e1b\u00ed se z kvalitn\u00edch surovin a kombinuje chut\u011b kysan\u00e9ho zel\u00ed,<\/p>\n","protected":false},"featured_media":1641,"template":"","product_type":[245],"class_list":["post-2280","product","type-product","status-publish","has-post-thumbnail","hentry","product_type-quick-creations-cz"],"acf":{"product_show_in_compact":"1","product_tagline":"Rychl\u00e9, snadn\u00e9, chutn\u00e9","products_weight":"190g","product_ornament_type":"brush_thick","product_ornament_color":"#B28A74","benefit_icons":["source-of-protein","no-preservatives","no-artificial-colors"],"protein_amount":"","product_details":{"ingredients":"voda, 14 % je\u010dn\u00e9 kroupy, \u0159epkov\u00fd olej, 7 % tofu (s\u00f3jov\u00e9 boby, voda), p\u0161eni\u010dn\u00e1 b\u00edlkovina, cibule, kuku\u0159i\u010dn\u00fd \u0161krob, \u010desnek, dro\u017ed\u00ed, s\u016fl, fermentovan\u00e1 r\u00fd\u017ee, ko\u0159en\u00ed. M\u016f\u017ee obsahovat ho\u0159\u010dici.","packaging_image":2066,"nutritional_values":"<table class=\"nutritional-table\"><tbody><tr><th colspan=\"2\">V\u00fd\u017eivov\u00e9 \u00fadaje na 100 g<\/th><\/tr><tr><td>Energie<\/td><td>869 kJ\/208 kcal<\/td><\/tr><tr><td>Tuky<\/td><td>11g<\/td><\/tr><tr><td>\u2013 z toho nasycen\u00e9 mastn\u00e9 kyseliny<\/td><td>0,8g<\/td><\/tr><tr><td>Sacharidy<\/td><td>17g<\/td><\/tr><tr><td>\u2013 z toho cukry<\/td><td><0,5g<\/td><\/tr><tr><td>Vl\u00e1knina<\/td><td>2,7g<\/td><\/tr><tr><td>B\u00edlkoviny<\/td><td>8,9g<\/td><\/tr><tr><td>S\u016fl<\/td><td>1,4g<\/td><\/tr><\/tbody><\/table>"},"product_benefits":{"benefit_image":null,"benefit_1":"P\u0159ipraven\u00e9 b\u011bhem n\u011bkolika minut","benefit_2":"Dokonale vyv\u00e1\u017een\u00e1 chu\u0165","benefit_3":"Vyrobeno s l\u00e1skou","benefit_4":"Pouze p\u0159\u00edrodn\u00ed ingredience"}},"_links":{"self":[{"href":"https:\/\/lunter.webgate.codes\/cz\/wp-json\/wp\/v2\/product\/2280","targetHints":{"allow":["GET"]}}],"collection":[{"href":"https:\/\/lunter.webgate.codes\/cz\/wp-json\/wp\/v2\/product"}],"about":[{"href":"https:\/\/lunter.webgate.codes\/cz\/wp-json\/wp\/v2\/types\/product"}],"wp:featuredmedia":[{"embeddable":true,"href":"https:\/\/lunter.webgate.codes\/cz\/wp-json\/wp\/v2\/media\/1641"}],"wp:attachment":[{"href":"https:\/\/lunter.webgate.codes\/cz\/wp-json\/wp\/v2\/media?parent=2280"}],"wp:term":[{"taxonomy":"product_type","embeddable":true,"href":"https:\/\/lunter.webgate.codes\/cz\/wp-json\/wp\/v2\/product_type?post=2280"}],"curies":[{"name":"wp","href":"https:\/\/api.w.org\/{rel}","templated":true}]}}