{"id":2279,"date":"2025-04-11T15:46:46","date_gmt":"2025-04-11T13:46:46","guid":{"rendered":"https:\/\/lunter.webgate.codes\/products\/salad-tofu-greek-style-mild-chilli-300\/"},"modified":"2025-04-14T20:52:03","modified_gmt":"2025-04-14T18:52:03","slug":"salad-tofu-greek-style-mild-chilli-300","status":"publish","type":"product","link":"https:\/\/lunter.webgate.codes\/cz\/produkty\/salad-tofu-greek-style-mild-chilli-300\/","title":{"rendered":"SALAD TOFU GREEK STYLE MILD CHILLI"},"content":{"rendered":"<p>Ide\u00e1ln\u00ed rovnov\u00e1ha pikantn\u00ed a slan\u00e9 chuti. Chu\u0165ov\u011b vyv\u00e1\u017een\u00e9, p\u0159ipraven\u00e9 o\u017eivit nudn\u00e9 sal\u00e1ty, sendvi\u010de nebo wrapy. Je tak\u00e9 ide\u00e1ln\u00ed samostatn\u011b jako sva\u010dina pln\u00e1 b\u00edlkovin. B\u011bhem n\u011bkolika minut vykouzl\u00edte pro ne\u010dekanou n\u00e1v\u0161t\u011bvu n\u011bco nejen chutn\u00e9ho, ale i kr\u00e1sn\u00e9ho na pohled. Po ope\u010den\u00ed p\u0159ipom\u00edn\u00e1 svou strukturou obl\u00edben\u00fd s\u00fdr na grilov\u00e1n\u00ed. Pot\u0159ebujete jemn\u011bj\u0161\u00ed chu\u0165? Namo\u010dte je do vody a je to. P\u0159ipraveno k j\u00eddlu, p\u0159ipraveno k zamilov\u00e1n\u00ed!<\/p>\n","protected":false},"featured_media":1639,"template":"","product_type":[254],"class_list":["post-2279","product","type-product","status-publish","has-post-thumbnail","hentry","product_type-salad-tofu-cz"],"acf":{"product_show_in_compact":"1","product_tagline":"Lehkost v ka\u017ed\u00e9m soustu","products_weight":"300g","product_ornament_type":"cube","product_ornament_color":"#DD7B6C","benefit_icons":["number-protein","non-gmo-soybeans","source-of-calcium"],"protein_amount":"30","product_details":{"ingredients":"77% tofu (88% s\u00f3jov\u00e9 boby, voda, \u010desnek, 0,9% chilli, v\u00e1pn\u00edk), 23% slan\u00fd n\u00e1lev (voda, s\u016fl).","packaging_image":2064,"nutritional_values":"<table class=\"nutritional-table\">\r\n<tbody>\r\n<tr>\r\n<th colspan=\"2\">V\u00fd\u017eivov\u00e9 \u00fadaje na 100 g<\/th>\r\n<\/tr>\r\n<tr>\r\n<td>Energie<\/td>\r\n<td>558 kJ\/134 kcal<\/td>\r\n<\/tr>\r\n<tr>\r\n<td>Tuky<\/td>\r\n<td>8,0 g<\/td>\r\n<\/tr>\r\n<tr>\r\n<td>\u2013 z toho nasycen\u00e9 mastn\u00e9 kyseliny<\/td>\r\n<td>1,5 g<\/td>\r\n<\/tr>\r\n<tr>\r\n<td>Sacharidy<\/td>\r\n<td>1,6 g<\/td>\r\n<\/tr>\r\n<tr>\r\n<td>\u2013 z toho cukry<\/td>\r\n<td>1,0 g<\/td>\r\n<\/tr>\r\n<tr>\r\n<td>B\u00edlkoviny<\/td>\r\n<td>13 g<\/td>\r\n<\/tr>\r\n<tr>\r\n<td>S\u016fl<\/td>\r\n<td>3,1 g<\/td>\r\n<\/tr>\r\n<tr>\r\n<td>V\u00e1pn\u00edk<\/td>\r\n<td>275 mg**<\/td>\r\n<\/tr>\r\n<\/tbody>\r\n<\/table>\r\n<p class=\"note\">**34 % NRV (referen\u010dn\u00ed v\u00fd\u017eivov\u00e9 hodnoty)<\/p>"},"product_benefits":{"benefit_image":null,"benefit_1":"Vyrobeno s l\u00e1skou","benefit_2":"Ope\u010dte je nebo p\u0159idejte do sal\u00e1tu","benefit_3":"\u010cist\u00e9 a kvalitn\u00ed ingredience","benefit_4":"Lehk\u00e9 a v\u00fd\u017eivn\u00e9"}},"_links":{"self":[{"href":"https:\/\/lunter.webgate.codes\/cz\/wp-json\/wp\/v2\/product\/2279","targetHints":{"allow":["GET"]}}],"collection":[{"href":"https:\/\/lunter.webgate.codes\/cz\/wp-json\/wp\/v2\/product"}],"about":[{"href":"https:\/\/lunter.webgate.codes\/cz\/wp-json\/wp\/v2\/types\/product"}],"wp:featuredmedia":[{"embeddable":true,"href":"https:\/\/lunter.webgate.codes\/cz\/wp-json\/wp\/v2\/media\/1639"}],"wp:attachment":[{"href":"https:\/\/lunter.webgate.codes\/cz\/wp-json\/wp\/v2\/media?parent=2279"}],"wp:term":[{"taxonomy":"product_type","embeddable":true,"href":"https:\/\/lunter.webgate.codes\/cz\/wp-json\/wp\/v2\/product_type?post=2279"}],"curies":[{"name":"wp","href":"https:\/\/api.w.org\/{rel}","templated":true}]}}