{"id":2278,"date":"2025-04-11T15:46:46","date_gmt":"2025-04-11T13:46:46","guid":{"rendered":"https:\/\/lunter.webgate.codes\/products\/salad-tofu-greek-style-natural-300\/"},"modified":"2025-04-11T15:56:12","modified_gmt":"2025-04-11T13:56:12","slug":"salad-tofu-greek-style-natural-300","status":"publish","type":"product","link":"https:\/\/lunter.webgate.codes\/cz\/produkty\/salad-tofu-greek-style-natural-300\/","title":{"rendered":"SALAD TOFU GREEK STYLE NATURAL"},"content":{"rendered":"<p>Je \u010dist\u00e9 a p\u0159\u00edrodn\u00ed, ale je p\u0159ipraven\u00e9 vylep\u0161it nejen sal\u00e1ty. Nepot\u0159ebuje \u017e\u00e1dn\u00e9 om\u00e1\u010dky. Lunter Salad tofu Greek style Natural je nalo\u017een\u00e9 v n\u00e1levu a p\u0159ipraven\u00e9 ke konzumaci jako skv\u011bl\u00fd dopln\u011bk sal\u00e1t\u016f, sendvi\u010d\u016f nebo i k rychl\u00e9mu ope\u010den\u00ed. Po ope\u010den\u00ed p\u0159ipom\u00edn\u00e1 svou strukturou obl\u00edben\u00fd s\u00fdr na grilov\u00e1n\u00ed. Pot\u0159ebujete jemn\u011bj\u0161\u00ed chu\u0165? Namo\u010dte je do vody a je to. P\u0159ipraveno k j\u00eddlu, p\u0159ipraveno k zamilov\u00e1n\u00ed!<\/p>\n","protected":false},"featured_media":1637,"template":"","product_type":[254],"class_list":["post-2278","product","type-product","status-publish","has-post-thumbnail","hentry","product_type-salad-tofu-cz"],"acf":{"product_show_in_compact":"1","product_tagline":"Lehkost v ka\u017ed\u00e9m soustu","products_weight":"300g","product_ornament_type":"cube","product_ornament_color":"#AEDAD9","benefit_icons":["number-protein","non-gmo-soybeans","source-of-calcium"],"protein_amount":"30","product_details":{"ingredients":"77% tofu (90% s\u00f3jov\u00e9 boby, voda, v\u00e1pn\u00edk), 23% slan\u00fd n\u00e1lev (voda, s\u016fl)","packaging_image":2062,"nutritional_values":"<table class=\"nutritional-table\"><tbody><tr><th colspan=\"2\">V\u00fd\u017eivov\u00e9 \u00fadaje na 100g<\/th><\/tr><tr><td>Energie<\/td><td>558 kJ\/134 kcal<\/td><\/tr><tr><td>Tuky<\/td><td>7,9 g<\/td><\/tr><tr><td>\u2013 z toho nasycen\u00e9 mastn\u00e9 kyseliny<\/td><td>1,5 g<\/td><\/tr><tr><td>Sacharidy<\/td><td>1,6 g<\/td><\/tr><tr><td>\u2013 z toho cukry<\/td><td>1,0 g<\/td><\/tr><tr><td>B\u00edlkoviny<\/td><td>13 g<\/td><\/tr><tr><td>S\u016fl<\/td><td>3,1 g<\/td><\/tr><tr><td>V\u00e1pn\u00edk<\/td><td>275 mg**<\/td><\/tr><\/tbody><\/table><p class=\"note\">**34% NRV (referen\u010dn\u00ed v\u00fd\u017eivov\u00e9 hodnoty)<\/p>"},"product_benefits":{"benefit_image":null,"benefit_1":"Vyrobeno s l\u00e1skou","benefit_2":"Ope\u010dte je nebo p\u0159idejte do sal\u00e1tu","benefit_3":"\u010cist\u00e9 a kvalitn\u00ed ingredience","benefit_4":"Lehk\u00e9 a v\u00fd\u017eivn\u00e9"}},"_links":{"self":[{"href":"https:\/\/lunter.webgate.codes\/cz\/wp-json\/wp\/v2\/product\/2278","targetHints":{"allow":["GET"]}}],"collection":[{"href":"https:\/\/lunter.webgate.codes\/cz\/wp-json\/wp\/v2\/product"}],"about":[{"href":"https:\/\/lunter.webgate.codes\/cz\/wp-json\/wp\/v2\/types\/product"}],"wp:featuredmedia":[{"embeddable":true,"href":"https:\/\/lunter.webgate.codes\/cz\/wp-json\/wp\/v2\/media\/1637"}],"wp:attachment":[{"href":"https:\/\/lunter.webgate.codes\/cz\/wp-json\/wp\/v2\/media?parent=2278"}],"wp:term":[{"taxonomy":"product_type","embeddable":true,"href":"https:\/\/lunter.webgate.codes\/cz\/wp-json\/wp\/v2\/product_type?post=2278"}],"curies":[{"name":"wp","href":"https:\/\/api.w.org\/{rel}","templated":true}]}}